{"id":16297,"date":"2025-06-20T19:07:34","date_gmt":"2025-06-20T23:07:34","guid":{"rendered":"https:\/\/www.multicasa.com.br\/inicio\/?post_type=product&#038;p=16297"},"modified":"2026-04-30T17:50:09","modified_gmt":"2026-04-30T21:50:09","slug":"luva-correr-soldavel-50mm-tigre","status":"publish","type":"product","link":"https:\/\/www.multicasa.com.br\/inicio\/produto\/luva-correr-soldavel-50mm-tigre\/","title":{"rendered":"Luva Correr Sold\u00e1vel 50Mm Tigre"},"content":{"rendered":"<p>Reparo r\u00e1pido e eficaz. A luva de correr para tubo sold\u00e1vel tigre \u00e9 ideal para resolver os problemas de rachaduras. Furos e vazamentos que ocorrem em pontos localizados das tubula\u00e7\u00f5es de \u00e1gua fria da sua casa ou empresa. A luva de correr dispensa o uso de adesivo ou roscas. Pois possuem an\u00e9is de borracha. Podendo sofrer press\u00e3o hidrost\u00e1tica logo ap\u00f3s a instala\u00e7\u00e3o.<\/p>\n","protected":false},"excerpt":{"rendered":"<h4 style=\"margin: 0px;padding: 0px 0px 16px;font-family: Lato, sans-serif;font-weight: bold;line-height: 3rem;color: var(--dark-grey3);font-size: 22px;font-style: normal;letter-spacing: normal;text-align: start;text-indent: 0px;text-transform: none\">Informa\u00e7\u00f5es t\u00e9cnicas<\/h4>\n<p><span style=\"margin: 0px;padding: 0px;font-weight: 450;font-size: 14px;line-height: 21px;color: var(--dark-grey2);font-family: Lato, sans-serif;font-style: normal;letter-spacing: normal;text-align: start;text-indent: 0px;text-transform: none\">rapidez e praticidade no reparo, durabilidade, efici\u00eancia e economia, 50mm, press\u00e3o m\u00e1xima de servi\u00e7o &#8211; 7.5 kgf\/cm (750kpa) a uma temperatura de \u00e1gua de 20\u00bac, pode receber press\u00e3o hidrost\u00e1tica imediatamente ap\u00f3s a sua instala\u00e7\u00e3o.<\/span><\/p>\n","protected":false},"featured_media":25495,"template":"","meta":{"_joinchat":[]},"product_brand":[],"product_cat":[73],"product_tag":[],"class_list":{"0":"post-16297","1":"product","2":"type-product","3":"status-publish","4":"has-post-thumbnail","6":"product_cat-tubos-e-conexoes","8":"first","9":"instock","10":"shipping-taxable","11":"purchasable","12":"product-type-simple"},"_links":{"self":[{"href":"https:\/\/www.multicasa.com.br\/inicio\/wp-json\/wp\/v2\/product\/16297","targetHints":{"allow":["GET"]}}],"collection":[{"href":"https:\/\/www.multicasa.com.br\/inicio\/wp-json\/wp\/v2\/product"}],"about":[{"href":"https:\/\/www.multicasa.com.br\/inicio\/wp-json\/wp\/v2\/types\/product"}],"wp:featuredmedia":[{"embeddable":true,"href":"https:\/\/www.multicasa.com.br\/inicio\/wp-json\/wp\/v2\/media\/25495"}],"wp:attachment":[{"href":"https:\/\/www.multicasa.com.br\/inicio\/wp-json\/wp\/v2\/media?parent=16297"}],"wp:term":[{"taxonomy":"product_brand","embeddable":true,"href":"https:\/\/www.multicasa.com.br\/inicio\/wp-json\/wp\/v2\/product_brand?post=16297"},{"taxonomy":"product_cat","embeddable":true,"href":"https:\/\/www.multicasa.com.br\/inicio\/wp-json\/wp\/v2\/product_cat?post=16297"},{"taxonomy":"product_tag","embeddable":true,"href":"https:\/\/www.multicasa.com.br\/inicio\/wp-json\/wp\/v2\/product_tag?post=16297"}],"curies":[{"name":"wp","href":"https:\/\/api.w.org\/{rel}","templated":true}]}}