{"id":16299,"date":"2025-06-20T19:07:35","date_gmt":"2025-06-20T23:07:35","guid":{"rendered":"https:\/\/www.multicasa.com.br\/inicio\/?post_type=product&#038;p=16299"},"modified":"2026-04-30T17:20:28","modified_gmt":"2026-04-30T21:20:28","slug":"luva-simples-d-esgoto-pvc-100mm-tigre","status":"publish","type":"product","link":"https:\/\/www.multicasa.com.br\/inicio\/produto\/luva-simples-d-esgoto-pvc-100mm-tigre\/","title":{"rendered":"Luva Simples D\/Esgoto Pvc 100Mm Tigre"},"content":{"rendered":"<p>A Luva Simples Esgoto de 100mm \u00e9 recomendada para realizar a liga\u00e7\u00e3o entre dois pontos fixos e, por conta de sua composi\u00e7\u00e3o, n\u00e3o sofre preju\u00edzos qu\u00edmicos decorrentes da \u00e1gua, impedindo oxida\u00e7\u00f5es, corros\u00f5es e obstru\u00e7\u00f5es que comprometam a passagem de condutores.<\/p>\n","protected":false},"excerpt":{"rendered":"<h4 style=\"margin: 0px;padding: 0px 0px 16px;font-family: Lato, sans-serif;font-weight: bold;line-height: 3rem;color: var(--dark-grey3);font-size: 22px;font-style: normal;letter-spacing: normal;text-align: start;text-indent: 0px;text-transform: none\">Informa\u00e7\u00f5es t\u00e9cnicas<\/h4>\n<p><span style=\"margin: 0px;padding: 0px;font-weight: 450;font-size: 14px;line-height: 21px;color: var(--dark-grey2);font-family: Lato, sans-serif;font-style: normal;letter-spacing: normal;text-align: start;text-indent: 0px;text-transform: none\">Produto: LUVA SIMPLES D\/ESGOTO PVC 100MM       Marca:        Tigre<br \/>\nPeso (kg):        0,103<br \/>\nProduto:        Luva 100 mm Simples Esgoto<br \/>\nTipo:        Luva<br \/>\nUso Indicado:        Unir Tubos de esgoto<br \/>\nDimens\u00f5es Aproximadas do Produto com Embalagem (cm) &#8211; AxLxP:        11,5 x 11,5 x 9,9 cm<br \/>\nTipo de Material:        PVC<br \/>\nInforma\u00e7\u00f5es Adicionais:        Informa\u00e7\u00f5es e dados s\u00e3o de responsabilidade do fornecedor.<br \/>\nBitola em Mil\u00edmetros:        100<br \/>\nConte\u00fado da Embalagem:        1 Luva<br \/>\nNorma T\u00e9cnica:        Normas de Refer\u00eancia &#8211; NBR 5688 e NBR 8160<br \/>\nRefer\u00eancia do Produto no Fornecedor:        26301017<br \/>\nCor:        Branca<br \/>\nTemperatura M\u00e1xima da \u00c1gua:        45\u00b0C em regime n\u00e3o cont\u00ednuo<br \/>\nPress\u00e3o M\u00e1xima de Funcionamento:        Conduto livre (sem press\u00e3<\/span><\/p>\n","protected":false},"featured_media":25503,"template":"","meta":{"_joinchat":[]},"product_brand":[],"product_cat":[73],"product_tag":[],"class_list":{"0":"post-16299","1":"product","2":"type-product","3":"status-publish","4":"has-post-thumbnail","6":"product_cat-tubos-e-conexoes","8":"first","9":"instock","10":"shipping-taxable","11":"purchasable","12":"product-type-simple"},"_links":{"self":[{"href":"https:\/\/www.multicasa.com.br\/inicio\/wp-json\/wp\/v2\/product\/16299","targetHints":{"allow":["GET"]}}],"collection":[{"href":"https:\/\/www.multicasa.com.br\/inicio\/wp-json\/wp\/v2\/product"}],"about":[{"href":"https:\/\/www.multicasa.com.br\/inicio\/wp-json\/wp\/v2\/types\/product"}],"wp:featuredmedia":[{"embeddable":true,"href":"https:\/\/www.multicasa.com.br\/inicio\/wp-json\/wp\/v2\/media\/25503"}],"wp:attachment":[{"href":"https:\/\/www.multicasa.com.br\/inicio\/wp-json\/wp\/v2\/media?parent=16299"}],"wp:term":[{"taxonomy":"product_brand","embeddable":true,"href":"https:\/\/www.multicasa.com.br\/inicio\/wp-json\/wp\/v2\/product_brand?post=16299"},{"taxonomy":"product_cat","embeddable":true,"href":"https:\/\/www.multicasa.com.br\/inicio\/wp-json\/wp\/v2\/product_cat?post=16299"},{"taxonomy":"product_tag","embeddable":true,"href":"https:\/\/www.multicasa.com.br\/inicio\/wp-json\/wp\/v2\/product_tag?post=16299"}],"curies":[{"name":"wp","href":"https:\/\/api.w.org\/{rel}","templated":true}]}}