{"id":16300,"date":"2025-06-20T19:07:35","date_gmt":"2025-06-20T23:07:35","guid":{"rendered":"https:\/\/www.multicasa.com.br\/inicio\/?post_type=product&#038;p=16300"},"modified":"2026-02-12T16:21:04","modified_gmt":"2026-02-12T20:21:04","slug":"luva-transicao-aquatherm-22x3-4-tigre","status":"publish","type":"product","link":"https:\/\/www.multicasa.com.br\/inicio\/produto\/luva-transicao-aquatherm-22x3-4-tigre\/","title":{"rendered":"Luva Transi\u00e7\u00e3o Aquatherm 22X3\/4 Tigre"},"content":{"rendered":"<p>\u00c1gua quente com higiene e seguran\u00e7a. A Linha Aquatherm de tubos e conex\u00f5es \u00e9 vers\u00e1til, atende qualquer sistema de aquecimento, residenciais ou comerciais.<\/p>\n","protected":false},"excerpt":{"rendered":"<h4 style=\"margin: 0px;padding: 0px 0px 16px;font-family: Lato, sans-serif;font-weight: bold;line-height: 3rem;color: var(--dark-grey3);font-size: 22px;font-style: normal;letter-spacing: normal;text-align: start;text-indent: 0px;text-transform: none\">Informa\u00e7\u00f5es t\u00e9cnicas<\/h4>\n<p><span style=\"margin: 0px;padding: 0px;font-weight: 450;font-size: 14px;line-height: 21px;color: var(--dark-grey2);font-family: Lato, sans-serif;font-style: normal;letter-spacing: normal;text-align: start;text-indent: 0px;text-transform: none\">Fabricada em CPVC, resiste \u00e0 press\u00e3o, tamb\u00e9m pode ser utilizada em instala\u00e7\u00f5es de recalque com \u00e1gua fria. Quer facilidade na instala\u00e7\u00e3o? S\u00e3o apenas dois passos para executar as juntas, com garantia de estanqueidade. Tamanho: 22&#215;3\/4<\/span><\/p>\n","protected":false},"featured_media":25511,"template":"","meta":{"_joinchat":[]},"product_brand":[],"product_cat":[73],"product_tag":[],"class_list":{"0":"post-16300","1":"product","2":"type-product","3":"status-publish","4":"has-post-thumbnail","6":"product_cat-tubos-e-conexoes","8":"first","9":"instock","10":"shipping-taxable","11":"purchasable","12":"product-type-simple"},"_links":{"self":[{"href":"https:\/\/www.multicasa.com.br\/inicio\/wp-json\/wp\/v2\/product\/16300","targetHints":{"allow":["GET"]}}],"collection":[{"href":"https:\/\/www.multicasa.com.br\/inicio\/wp-json\/wp\/v2\/product"}],"about":[{"href":"https:\/\/www.multicasa.com.br\/inicio\/wp-json\/wp\/v2\/types\/product"}],"wp:featuredmedia":[{"embeddable":true,"href":"https:\/\/www.multicasa.com.br\/inicio\/wp-json\/wp\/v2\/media\/25511"}],"wp:attachment":[{"href":"https:\/\/www.multicasa.com.br\/inicio\/wp-json\/wp\/v2\/media?parent=16300"}],"wp:term":[{"taxonomy":"product_brand","embeddable":true,"href":"https:\/\/www.multicasa.com.br\/inicio\/wp-json\/wp\/v2\/product_brand?post=16300"},{"taxonomy":"product_cat","embeddable":true,"href":"https:\/\/www.multicasa.com.br\/inicio\/wp-json\/wp\/v2\/product_cat?post=16300"},{"taxonomy":"product_tag","embeddable":true,"href":"https:\/\/www.multicasa.com.br\/inicio\/wp-json\/wp\/v2\/product_tag?post=16300"}],"curies":[{"name":"wp","href":"https:\/\/api.w.org\/{rel}","templated":true}]}}