{"id":16301,"date":"2025-06-20T19:07:35","date_gmt":"2025-06-20T23:07:35","guid":{"rendered":"https:\/\/www.multicasa.com.br\/inicio\/?post_type=product&#038;p=16301"},"modified":"2025-09-17T17:48:16","modified_gmt":"2025-09-17T21:48:16","slug":"mangueira-pead-azul-20mm-1m-tigre","status":"publish","type":"product","link":"https:\/\/www.multicasa.com.br\/inicio\/produto\/mangueira-pead-azul-20mm-1m-tigre\/","title":{"rendered":"Mangueira Pead Azul 20Mm 1M  Tigre"},"content":{"rendered":"<p>Os tubos PEAD Predial s\u00e3o destinados \u00e0 instala\u00e7\u00e3o de sistemas para liga\u00e7\u00e3o dos ramais prediais de \u00e1gua, trecho compreendido entre o ponto de deriva\u00e7\u00e3o da rede de distribui\u00e7\u00e3o de \u00e1gua e o kit cavalete (ou unidade de medi\u00e7\u00e3o e controle) de uma resid\u00eancia.<\/p>\n","protected":false},"excerpt":{"rendered":"<h4 style=\"margin: 0px;padding: 0px 0px 16px;font-family: Lato, sans-serif;font-weight: bold;line-height: 3rem;color: var(--dark-grey3);font-size: 22px;font-style: normal;letter-spacing: normal;text-align: start;text-indent: 0px;text-transform: none\">Informa\u00e7\u00f5es t\u00e9cnicas<\/h4>\n<p><span style=\"margin: 0px;padding: 0px;font-weight: 450;font-size: 14px;line-height: 21px;color: var(--dark-grey2);font-family: Lato, sans-serif;font-style: normal;letter-spacing: normal;text-align: start;text-indent: 0px;text-transform: none\">Produto:  MANGUEIRA PEAD AZUL 20MM 1M         Marca: TIGRE                    Composto de polietileno (PE) 80 a 30\u00b0 C;<br \/>\nComprimentos 100 metros;<br \/>\nDi\u00e2metro 20mm;<br \/>\nEspessura 2,3mm;<br \/>\nPress\u00e3o de servi\u00e7o de 1 MPa;<br \/>\nCor: azul;<br \/>\nAtendendo as Normas: NBR 15561 e NTS 048.<\/span><\/p>\n","protected":false},"featured_media":25540,"template":"","meta":{"_joinchat":[]},"product_brand":[],"product_cat":[73],"product_tag":[],"class_list":{"0":"post-16301","1":"product","2":"type-product","3":"status-publish","4":"has-post-thumbnail","6":"product_cat-tubos-e-conexoes","8":"first","9":"instock","10":"shipping-taxable","11":"purchasable","12":"product-type-simple"},"_links":{"self":[{"href":"https:\/\/www.multicasa.com.br\/inicio\/wp-json\/wp\/v2\/product\/16301","targetHints":{"allow":["GET"]}}],"collection":[{"href":"https:\/\/www.multicasa.com.br\/inicio\/wp-json\/wp\/v2\/product"}],"about":[{"href":"https:\/\/www.multicasa.com.br\/inicio\/wp-json\/wp\/v2\/types\/product"}],"wp:featuredmedia":[{"embeddable":true,"href":"https:\/\/www.multicasa.com.br\/inicio\/wp-json\/wp\/v2\/media\/25540"}],"wp:attachment":[{"href":"https:\/\/www.multicasa.com.br\/inicio\/wp-json\/wp\/v2\/media?parent=16301"}],"wp:term":[{"taxonomy":"product_brand","embeddable":true,"href":"https:\/\/www.multicasa.com.br\/inicio\/wp-json\/wp\/v2\/product_brand?post=16301"},{"taxonomy":"product_cat","embeddable":true,"href":"https:\/\/www.multicasa.com.br\/inicio\/wp-json\/wp\/v2\/product_cat?post=16301"},{"taxonomy":"product_tag","embeddable":true,"href":"https:\/\/www.multicasa.com.br\/inicio\/wp-json\/wp\/v2\/product_tag?post=16301"}],"curies":[{"name":"wp","href":"https:\/\/api.w.org\/{rel}","templated":true}]}}