{"id":16320,"date":"2025-06-20T19:07:43","date_gmt":"2025-06-20T23:07:43","guid":{"rendered":"https:\/\/www.multicasa.com.br\/inicio\/?post_type=product&#038;p=16320"},"modified":"2025-08-17T23:53:26","modified_gmt":"2025-08-18T03:53:26","slug":"tubo-roscavel-1-2-6m-tigre","status":"publish","type":"product","link":"https:\/\/www.multicasa.com.br\/inicio\/produto\/tubo-roscavel-1-2-6m-tigre\/","title":{"rendered":"Tubo Roscavel 1\/2 6M Tigre"},"content":{"rendered":"<p>Criada para conduzir \u00e1gua fria em projetos residenciais, industriais ou comerciais; no est\u00e1gio de constru\u00e7\u00e3o, reforma ou reparo de sistemas hidr\u00e1ulicos. Todos os produtos desta se\u00e7\u00e3o s\u00e3o feitos em PVC, suportando a press\u00e3o 7,5Kgf\/cm\u00b2,<\/p>\n","protected":false},"excerpt":{"rendered":"<h4 style=\"margin: 0px;padding: 0px 0px 16px;font-family: Lato, sans-serif;font-weight: bold;line-height: 3rem;color: var(--dark-grey3);font-size: 22px;font-style: normal;letter-spacing: normal;text-align: start;text-indent: 0px;text-transform: none\">Informa\u00e7\u00f5es t\u00e9cnicas<\/h4>\n<p><span style=\"margin: 0px;padding: 0px;font-weight: 450;font-size: 14px;line-height: 21px;color: var(--dark-grey2);font-family: Lato, sans-serif;font-style: normal;letter-spacing: normal;text-align: start;text-indent: 0px;text-transform: none\">Press\u00e3o m\u00e1xima de servi\u00e7o: 7,5 kgf\/cm (750 kPa) \u00e0 Instala\u00e7\u00e3o: NBR 5626; temperatura de 20\u00baC (ver tabela press\u00e3oxtemperaturas para Roscas conforme NBR ISO 7\/1. outras condi\u00e7\u00f5es);<\/span><\/p>\n","protected":false},"featured_media":26183,"template":"","meta":{"_joinchat":[]},"product_brand":[],"product_cat":[73],"product_tag":[],"class_list":{"0":"post-16320","1":"product","2":"type-product","3":"status-publish","4":"has-post-thumbnail","6":"product_cat-tubos-e-conexoes","8":"first","9":"outofstock","10":"shipping-taxable","11":"purchasable","12":"product-type-simple"},"_links":{"self":[{"href":"https:\/\/www.multicasa.com.br\/inicio\/wp-json\/wp\/v2\/product\/16320","targetHints":{"allow":["GET"]}}],"collection":[{"href":"https:\/\/www.multicasa.com.br\/inicio\/wp-json\/wp\/v2\/product"}],"about":[{"href":"https:\/\/www.multicasa.com.br\/inicio\/wp-json\/wp\/v2\/types\/product"}],"wp:featuredmedia":[{"embeddable":true,"href":"https:\/\/www.multicasa.com.br\/inicio\/wp-json\/wp\/v2\/media\/26183"}],"wp:attachment":[{"href":"https:\/\/www.multicasa.com.br\/inicio\/wp-json\/wp\/v2\/media?parent=16320"}],"wp:term":[{"taxonomy":"product_brand","embeddable":true,"href":"https:\/\/www.multicasa.com.br\/inicio\/wp-json\/wp\/v2\/product_brand?post=16320"},{"taxonomy":"product_cat","embeddable":true,"href":"https:\/\/www.multicasa.com.br\/inicio\/wp-json\/wp\/v2\/product_cat?post=16320"},{"taxonomy":"product_tag","embeddable":true,"href":"https:\/\/www.multicasa.com.br\/inicio\/wp-json\/wp\/v2\/product_tag?post=16320"}],"curies":[{"name":"wp","href":"https:\/\/api.w.org\/{rel}","templated":true}]}}