{"id":16334,"date":"2025-06-20T19:07:44","date_gmt":"2025-06-20T23:07:44","guid":{"rendered":"https:\/\/www.multicasa.com.br\/inicio\/?post_type=product&#038;p=16334"},"modified":"2026-04-21T13:50:30","modified_gmt":"2026-04-21T17:50:30","slug":"broca-de-aco-rapido-tramontina-5-32","status":"publish","type":"product","link":"https:\/\/www.multicasa.com.br\/inicio\/produto\/broca-de-aco-rapido-tramontina-5-32\/","title":{"rendered":"Broca de A\u00e7o R\u00e1pido Tramontina 5\/32&#8243;"},"content":{"rendered":"<p>Para realizar com facilidade perfura\u00e7\u00f5es em superf\u00edcies de a\u00e7o, a Broca de A\u00e7o R\u00e1pido Tramontina de 5\/32 polegadas \u00e9 a escolha certa. Essa broca \u00e9 altamente resistente e dur\u00e1vel, pois foi submetida a testes de aplica\u00e7\u00e3o pr\u00e1tica para a avaliar sua resist\u00eancia.<\/p>\n","protected":false},"excerpt":{"rendered":"<h4 style=\"margin: 0px;padding: 0px 0px 16px;font-family: Lato, sans-serif;font-weight: bold;line-height: 3rem;color: var(--dark-grey3);font-size: 22px;font-style: normal;letter-spacing: normal;text-align: start;text-indent: 0px;text-transform: none\">Informa\u00e7\u00f5es t\u00e9cnicas<\/h4>\n<p><span style=\"margin: 0px;padding: 0px;font-weight: 450;font-size: 14px;line-height: 21px;color: var(--dark-grey2);font-family: Lato, sans-serif;font-style: normal;letter-spacing: normal;text-align: start;text-indent: 0px;text-transform: none\">Produto: Broca para A\u00e7o<br \/>\nMarca: Tramontina<br \/>\nMaterial: A\u00e7o r\u00e1pido HSS                                                                                                                                                    Caracter\u00edsticas: corpo polido e envernizado, t\u00eampera total no corpo, \u00e2ngulo de afia\u00e7\u00e3o da ponta de 118\u00b0<br \/>\nItens Inclusos: 1 Broca<br \/>\nDimens\u00f5es do produto em polegadas: 5\/32&#8243;<br \/>\nDimens\u00f5es do produto (A x L ): 75 x 3,96mm                                                                                                                      Peso: 0,01kg<\/span><\/p>\n","protected":false},"featured_media":16347,"template":"","meta":{"_joinchat":[]},"product_brand":[],"product_cat":[152],"product_tag":[],"class_list":{"0":"post-16334","1":"product","2":"type-product","3":"status-publish","4":"has-post-thumbnail","6":"product_cat-ferramentas-eletricas","8":"first","9":"instock","10":"shipping-taxable","11":"purchasable","12":"product-type-simple"},"_links":{"self":[{"href":"https:\/\/www.multicasa.com.br\/inicio\/wp-json\/wp\/v2\/product\/16334","targetHints":{"allow":["GET"]}}],"collection":[{"href":"https:\/\/www.multicasa.com.br\/inicio\/wp-json\/wp\/v2\/product"}],"about":[{"href":"https:\/\/www.multicasa.com.br\/inicio\/wp-json\/wp\/v2\/types\/product"}],"wp:featuredmedia":[{"embeddable":true,"href":"https:\/\/www.multicasa.com.br\/inicio\/wp-json\/wp\/v2\/media\/16347"}],"wp:attachment":[{"href":"https:\/\/www.multicasa.com.br\/inicio\/wp-json\/wp\/v2\/media?parent=16334"}],"wp:term":[{"taxonomy":"product_brand","embeddable":true,"href":"https:\/\/www.multicasa.com.br\/inicio\/wp-json\/wp\/v2\/product_brand?post=16334"},{"taxonomy":"product_cat","embeddable":true,"href":"https:\/\/www.multicasa.com.br\/inicio\/wp-json\/wp\/v2\/product_cat?post=16334"},{"taxonomy":"product_tag","embeddable":true,"href":"https:\/\/www.multicasa.com.br\/inicio\/wp-json\/wp\/v2\/product_tag?post=16334"}],"curies":[{"name":"wp","href":"https:\/\/api.w.org\/{rel}","templated":true}]}}