{"id":16358,"date":"2025-06-20T19:08:07","date_gmt":"2025-06-20T23:08:07","guid":{"rendered":"https:\/\/www.multicasa.com.br\/inicio\/?post_type=product&#038;p=16358"},"modified":"2025-06-20T19:08:22","modified_gmt":"2025-06-20T23:08:22","slug":"alicate-chipsce-de-crimpar-com-catraca-rj11-45","status":"publish","type":"product","link":"https:\/\/www.multicasa.com.br\/inicio\/produto\/alicate-chipsce-de-crimpar-com-catraca-rj11-45\/","title":{"rendered":"Alicate ChipSCE de Crimpar com Catraca Rj11\/45"},"content":{"rendered":"<p>O Alicate de crimpar da ChipSCE \u00e9 o que se espera de uma rede: seguran\u00e7a e performance nas transmiss\u00f5es de dados ou voz, para isso, \u00e9 fundamental uma perfeita conex\u00e3o. O alicate de crimpar \u00e9 compat\u00edvel com conectores 8P8C\/RJ45, 6P6C\/RJ12, 6P4C\/RJ11, 4P4C E 4P2C, permite efetuar conex\u00f5es precisas que ir\u00e3o assegurar transmiss\u00f5es de dados e\/ou voz sem falhas, est\u00e1veis e seguras pois \u00e9 f\u00e1cil de usar e eficiente, possuindo mecanismo de catraca. \u00c9 feito de metal e possui acabamento emborrachado.<\/p>\n","protected":false},"excerpt":{"rendered":"<h4 style=\"margin: 0px;padding: 0px 0px 16px;font-family: Lato, sans-serif;font-weight: bold;line-height: 3rem;color: var(--dark-grey3);font-size: 22px;font-style: normal;letter-spacing: normal;text-align: start;text-indent: 0px;text-transform: none\">Informa\u00e7\u00f5es t\u00e9cnicas<\/h4>\n<p><span style=\"margin: 0px;padding: 0px;font-weight: 450;font-size: 14px;line-height: 21px;color: var(--dark-grey2);font-family: Lato, sans-serif;font-style: normal;letter-spacing: normal;text-align: start;text-indent: 0px;text-transform: none\">Produto: Alicate<br \/>\nTipo: De crimpar<br \/>\nMarca: ChipSCE<br \/>\nMaterial: Metal<br \/>\nCabo emborrachado<br \/>\nCor: Preto e Vermelho<br \/>\nCaracter\u00edsticas: Mecanismo de catraca<br \/>\nCompat\u00edvel com conectores 8P8C\/RJ45, 6P6C\/RJ12, 6P4C\/RJ11, 4P4C E 4P2C<br \/>\nItens Inclusos: 1 Alicate de crimpar<br \/>\nDimens\u00f5es do produto (L X P): 18,5 x 6,5cm<\/span><\/p>\n","protected":false},"featured_media":16389,"template":"","meta":{"_joinchat":[]},"product_brand":[],"product_cat":[137],"product_tag":[],"class_list":{"0":"post-16358","1":"product","2":"type-product","3":"status-publish","4":"has-post-thumbnail","6":"product_cat-ferramentas-manuais","8":"first","9":"outofstock","10":"shipping-taxable","11":"product-type-simple"},"_links":{"self":[{"href":"https:\/\/www.multicasa.com.br\/inicio\/wp-json\/wp\/v2\/product\/16358","targetHints":{"allow":["GET"]}}],"collection":[{"href":"https:\/\/www.multicasa.com.br\/inicio\/wp-json\/wp\/v2\/product"}],"about":[{"href":"https:\/\/www.multicasa.com.br\/inicio\/wp-json\/wp\/v2\/types\/product"}],"wp:featuredmedia":[{"embeddable":true,"href":"https:\/\/www.multicasa.com.br\/inicio\/wp-json\/wp\/v2\/media\/16389"}],"wp:attachment":[{"href":"https:\/\/www.multicasa.com.br\/inicio\/wp-json\/wp\/v2\/media?parent=16358"}],"wp:term":[{"taxonomy":"product_brand","embeddable":true,"href":"https:\/\/www.multicasa.com.br\/inicio\/wp-json\/wp\/v2\/product_brand?post=16358"},{"taxonomy":"product_cat","embeddable":true,"href":"https:\/\/www.multicasa.com.br\/inicio\/wp-json\/wp\/v2\/product_cat?post=16358"},{"taxonomy":"product_tag","embeddable":true,"href":"https:\/\/www.multicasa.com.br\/inicio\/wp-json\/wp\/v2\/product_tag?post=16358"}],"curies":[{"name":"wp","href":"https:\/\/api.w.org\/{rel}","templated":true}]}}