{"id":16361,"date":"2025-06-20T19:08:07","date_gmt":"2025-06-20T23:08:07","guid":{"rendered":"https:\/\/www.multicasa.com.br\/inicio\/?post_type=product&#038;p=16361"},"modified":"2025-10-24T16:33:56","modified_gmt":"2025-10-24T20:33:56","slug":"rodo-de-aluminio-com-cabo-util-facil-60cm","status":"publish","type":"product","link":"https:\/\/www.multicasa.com.br\/inicio\/produto\/rodo-de-aluminio-com-cabo-util-facil-60cm\/","title":{"rendered":"Rodo de Alum\u00ednio Com Cabo \u00datil F\u00e1cil 60cm"},"content":{"rendered":"<p>O Rodo de Alum\u00ednio Com Cabo \u00datil F\u00e1cil possui 60cm e design moderno de f\u00e1cil limpeza dos cantos ou locais altos. Promove secagem eficiente, sendo mais econ\u00f4mico e por ser produzido em alum\u00ednio n\u00e3o enferruja. Limpe com muita facilidade!<\/p>\n","protected":false},"excerpt":{"rendered":"<h4 style=\"margin: 0px;padding: 0px 0px 16px;font-family: Lato, sans-serif;font-weight: bold;line-height: 3rem;color: var(--dark-grey3);font-size: 22px;font-style: normal;letter-spacing: normal;text-align: start;text-indent: 0px;text-transform: none\">Informa\u00e7\u00f5es t\u00e9cnicas<\/h4>\n<p><span style=\"margin: 0px;padding: 0px;font-weight: 450;font-size: 14px;line-height: 21px;color: var(--dark-grey2);font-family: Lato, sans-serif;font-style: normal;letter-spacing: normal;text-align: start;text-indent: 0px;text-transform: none\">Produto: Rodo<br \/>\nMarca: \u00datil F\u00e1cil<br \/>\nMaterial: Alum\u00ednio<br \/>\nCor: Cinza e Preto<br \/>\nCaracter\u00edsticas: N\u00e3o enferruja<br \/>\nAcompanha cabo<br \/>\nItens Inclusos: 1 rodo<br \/>\nDimens\u00f5es do produto (L): Base &#8211; 60cm<\/span><\/p>\n","protected":false},"featured_media":16397,"template":"","meta":{"_joinchat":[]},"product_brand":[],"product_cat":[96],"product_tag":[],"class_list":{"0":"post-16361","1":"product","2":"type-product","3":"status-publish","4":"has-post-thumbnail","6":"product_cat-limpeza-e-cia","8":"first","9":"outofstock","10":"shipping-taxable","11":"purchasable","12":"product-type-simple"},"_links":{"self":[{"href":"https:\/\/www.multicasa.com.br\/inicio\/wp-json\/wp\/v2\/product\/16361","targetHints":{"allow":["GET"]}}],"collection":[{"href":"https:\/\/www.multicasa.com.br\/inicio\/wp-json\/wp\/v2\/product"}],"about":[{"href":"https:\/\/www.multicasa.com.br\/inicio\/wp-json\/wp\/v2\/types\/product"}],"wp:featuredmedia":[{"embeddable":true,"href":"https:\/\/www.multicasa.com.br\/inicio\/wp-json\/wp\/v2\/media\/16397"}],"wp:attachment":[{"href":"https:\/\/www.multicasa.com.br\/inicio\/wp-json\/wp\/v2\/media?parent=16361"}],"wp:term":[{"taxonomy":"product_brand","embeddable":true,"href":"https:\/\/www.multicasa.com.br\/inicio\/wp-json\/wp\/v2\/product_brand?post=16361"},{"taxonomy":"product_cat","embeddable":true,"href":"https:\/\/www.multicasa.com.br\/inicio\/wp-json\/wp\/v2\/product_cat?post=16361"},{"taxonomy":"product_tag","embeddable":true,"href":"https:\/\/www.multicasa.com.br\/inicio\/wp-json\/wp\/v2\/product_tag?post=16361"}],"curies":[{"name":"wp","href":"https:\/\/api.w.org\/{rel}","templated":true}]}}