{"id":16364,"date":"2025-06-20T19:08:08","date_gmt":"2025-06-20T23:08:08","guid":{"rendered":"https:\/\/www.multicasa.com.br\/inicio\/?post_type=product&#038;p=16364"},"modified":"2026-03-03T11:20:14","modified_gmt":"2026-03-03T15:20:14","slug":"anti-traca-para-armarios-cartela-jimo","status":"publish","type":"product","link":"https:\/\/www.multicasa.com.br\/inicio\/produto\/anti-traca-para-armarios-cartela-jimo\/","title":{"rendered":"Anti-Tra\u00e7a para Arm\u00e1rios Cartela Jimo"},"content":{"rendered":"<p>Com o anti-tra\u00e7a Jimo para arm\u00e1rios e gavetas ficou mais f\u00e1cil proteger suas roupas e livros. Com formato especial, aplique o anti-tra\u00e7a diretamente em gavetas, prateleiras e closets. Com durabilidade de at\u00e9 90 dias, apresenta um temporizador que sinaliza o t\u00e9rmino do produto.<\/p>\n","protected":false},"excerpt":{"rendered":"<h4 style=\"margin: 0px;padding: 0px 0px 16px;font-family: Lato, sans-serif;font-weight: bold;line-height: 3rem;color: var(--dark-grey3);font-size: 22px;font-style: normal;letter-spacing: normal;text-align: start;text-indent: 0px;text-transform: none\">Informa\u00e7\u00f5es t\u00e9cnicas<\/h4>\n<p><span style=\"margin: 0px;padding: 0px;font-weight: 450;font-size: 14px;line-height: 21px;color: var(--dark-grey2);font-family: Lato, sans-serif;font-style: normal;letter-spacing: normal;text-align: start;text-indent: 0px;text-transform: none\">Produto: Anti-Tra\u00e7a<br \/>\nMarca: Jimo<br \/>\nComposi\u00e7\u00e3o: Empentrina 12%<br \/>\nSolvente<br \/>\nCorante<br \/>\nCotton<br \/>\nConte\u00fado: 500mg<br \/>\nCaracter\u00edsticas: Durabilidade de at\u00e9 90 dias<br \/>\nPossui temporizador que sinaliza o t\u00e9rmino do produto<br \/>\nItens Inclusos: 1 Cartela Anti Tra\u00e7a<br \/>\n<\/span><\/p>\n","protected":false},"featured_media":16412,"template":"","meta":{"_joinchat":[]},"product_brand":[],"product_cat":[132],"product_tag":[],"class_list":{"0":"post-16364","1":"product","2":"type-product","3":"status-publish","4":"has-post-thumbnail","6":"product_cat-inseticidas","8":"first","9":"outofstock","10":"shipping-taxable","11":"purchasable","12":"product-type-simple"},"_links":{"self":[{"href":"https:\/\/www.multicasa.com.br\/inicio\/wp-json\/wp\/v2\/product\/16364","targetHints":{"allow":["GET"]}}],"collection":[{"href":"https:\/\/www.multicasa.com.br\/inicio\/wp-json\/wp\/v2\/product"}],"about":[{"href":"https:\/\/www.multicasa.com.br\/inicio\/wp-json\/wp\/v2\/types\/product"}],"wp:featuredmedia":[{"embeddable":true,"href":"https:\/\/www.multicasa.com.br\/inicio\/wp-json\/wp\/v2\/media\/16412"}],"wp:attachment":[{"href":"https:\/\/www.multicasa.com.br\/inicio\/wp-json\/wp\/v2\/media?parent=16364"}],"wp:term":[{"taxonomy":"product_brand","embeddable":true,"href":"https:\/\/www.multicasa.com.br\/inicio\/wp-json\/wp\/v2\/product_brand?post=16364"},{"taxonomy":"product_cat","embeddable":true,"href":"https:\/\/www.multicasa.com.br\/inicio\/wp-json\/wp\/v2\/product_cat?post=16364"},{"taxonomy":"product_tag","embeddable":true,"href":"https:\/\/www.multicasa.com.br\/inicio\/wp-json\/wp\/v2\/product_tag?post=16364"}],"curies":[{"name":"wp","href":"https:\/\/api.w.org\/{rel}","templated":true}]}}