{"id":16366,"date":"2025-06-20T19:08:08","date_gmt":"2025-06-20T23:08:08","guid":{"rendered":"https:\/\/www.multicasa.com.br\/inicio\/?post_type=product&#038;p=16366"},"modified":"2025-06-20T19:08:43","modified_gmt":"2025-06-20T23:08:43","slug":"caixa-organizadora-com-tampa-de-plastico-incolor-paramount-10l","status":"publish","type":"product","link":"https:\/\/www.multicasa.com.br\/inicio\/produto\/caixa-organizadora-com-tampa-de-plastico-incolor-paramount-10l\/","title":{"rendered":"Caixa Organizadora com Tampa de Pl\u00e1stico Incolor Paramount 10L"},"content":{"rendered":"<p>Chega de bagun\u00e7a pela casa ou de objetos empilhados em gavetas e arm\u00e1rios. Use a Caixa Organizadora com Tampa de Pl\u00e1stico da Paramount para guardar brinquedos, pap\u00e9is, roupas, cal\u00e7ados, livros e o que mais desejar com praticidade e efici\u00eancia. Incolor, possui travas e al\u00e7as laterais que deixam a caixa organizadora mais resistente e f\u00e1cil de limpar. Medindo 14 x 41 x 29cm, com capacidade m\u00e1xima de 10 litros.<\/p>\n","protected":false},"excerpt":{"rendered":"<h4 style=\"margin: 0px;padding: 0px 0px 16px;font-family: Lato, sans-serif;font-weight: bold;line-height: 3rem;color: var(--dark-grey3);font-size: 22px;font-style: normal;letter-spacing: normal;text-align: start;text-indent: 0px;text-transform: none\">Informa\u00e7\u00f5es t\u00e9cnicas<\/h4>\n<p><span style=\"margin: 0px;padding: 0px;font-weight: 450;font-size: 14px;line-height: 21px;color: var(--dark-grey2);font-family: Lato, sans-serif;font-style: normal;letter-spacing: normal;text-align: start;text-indent: 0px;text-transform: none\">Produto: Caixa Organizadora<br \/>\nMarca: Paramount<br \/>\nMaterial: Pl\u00e1stico<br \/>\nCapacidade: 10L<br \/>\nCaracter\u00edsticas: Possui tampa.<br \/>\nItens Inclusos: 1 Caixa organizadora<br \/>\nDimens\u00f5es do produto (A x L x P): 14 x 41 x 29cm<br \/>\n<\/span><\/p>\n","protected":false},"featured_media":16419,"template":"","meta":{"_joinchat":[]},"product_brand":[],"product_cat":[98],"product_tag":[],"class_list":{"0":"post-16366","1":"product","2":"type-product","3":"status-publish","4":"has-post-thumbnail","6":"product_cat-organizadores","8":"first","9":"outofstock","10":"shipping-taxable","11":"product-type-simple"},"_links":{"self":[{"href":"https:\/\/www.multicasa.com.br\/inicio\/wp-json\/wp\/v2\/product\/16366","targetHints":{"allow":["GET"]}}],"collection":[{"href":"https:\/\/www.multicasa.com.br\/inicio\/wp-json\/wp\/v2\/product"}],"about":[{"href":"https:\/\/www.multicasa.com.br\/inicio\/wp-json\/wp\/v2\/types\/product"}],"wp:featuredmedia":[{"embeddable":true,"href":"https:\/\/www.multicasa.com.br\/inicio\/wp-json\/wp\/v2\/media\/16419"}],"wp:attachment":[{"href":"https:\/\/www.multicasa.com.br\/inicio\/wp-json\/wp\/v2\/media?parent=16366"}],"wp:term":[{"taxonomy":"product_brand","embeddable":true,"href":"https:\/\/www.multicasa.com.br\/inicio\/wp-json\/wp\/v2\/product_brand?post=16366"},{"taxonomy":"product_cat","embeddable":true,"href":"https:\/\/www.multicasa.com.br\/inicio\/wp-json\/wp\/v2\/product_cat?post=16366"},{"taxonomy":"product_tag","embeddable":true,"href":"https:\/\/www.multicasa.com.br\/inicio\/wp-json\/wp\/v2\/product_tag?post=16366"}],"curies":[{"name":"wp","href":"https:\/\/api.w.org\/{rel}","templated":true}]}}