{"id":16371,"date":"2025-06-20T19:08:08","date_gmt":"2025-06-20T23:08:08","guid":{"rendered":"https:\/\/www.multicasa.com.br\/inicio\/?post_type=product&#038;p=16371"},"modified":"2025-06-20T19:08:53","modified_gmt":"2025-06-20T23:08:53","slug":"ponteira-externa-para-moveis-em-pvc-preto-5-8-betters-4-unidades","status":"publish","type":"product","link":"https:\/\/www.multicasa.com.br\/inicio\/produto\/ponteira-externa-para-moveis-em-pvc-preto-5-8-betters-4-unidades\/","title":{"rendered":"Ponteira Externa para M\u00f3veis em PVC Preto 5\/8&#8221; Betters 4 unidades"},"content":{"rendered":"<p>A ponteira externa para m\u00f3veis 5\/8?? Betters foi fabricada em PVC preto e deve ser utilizada em p\u00e9s de cadeiras, mesas, m\u00f3veis e outros equipamentos. Seu uso \u00e9 indicado para evitar escorreg\u00f5es, melhorar o atrito do objeto com o ch\u00e3o, diminuir ru\u00eddos e garantir seguran\u00e7a. Flex\u00edvel, tem formato de redondo e pode ser usada para fins decorativos. Cartela com 4 unidades.<\/p>\n","protected":false},"excerpt":{"rendered":"<h4 style=\"margin: 0px;padding: 0px 0px 16px;font-family: Lato, sans-serif;font-weight: bold;line-height: 3rem;color: var(--dark-grey3);font-size: 22px;font-style: normal;letter-spacing: normal;text-align: start;text-indent: 0px;text-transform: none\">Informa\u00e7\u00f5es t\u00e9cnicas<\/h4>\n<p><span style=\"margin: 0px;padding: 0px;font-weight: 450;font-size: 14px;line-height: 21px;color: var(--dark-grey2);font-family: Lato, sans-serif;font-style: normal;letter-spacing: normal;text-align: start;text-indent: 0px;text-transform: none\">Produto: Ponteira Externa<br \/>\nMarca: Betters<br \/>\nMaterial: PVC<br \/>\nCor: Preto<br \/>\nCaracter\u00edsticas: Para tubo de 5\/8&#8243;<br \/>\nEscorrega menos<br \/>\nItens inclusos: 4 Ponteiras Externa<br \/>\nDimens\u00f5es do produto em polegadas: 5\/8&#8221;<br \/>\n<\/span><\/p>\n","protected":false},"featured_media":16426,"template":"","meta":{"_joinchat":[]},"product_brand":[],"product_cat":[141],"product_tag":[],"class_list":{"0":"post-16371","1":"product","2":"type-product","3":"status-publish","4":"has-post-thumbnail","6":"product_cat-marcenaria","8":"first","9":"outofstock","10":"shipping-taxable","11":"product-type-simple"},"_links":{"self":[{"href":"https:\/\/www.multicasa.com.br\/inicio\/wp-json\/wp\/v2\/product\/16371","targetHints":{"allow":["GET"]}}],"collection":[{"href":"https:\/\/www.multicasa.com.br\/inicio\/wp-json\/wp\/v2\/product"}],"about":[{"href":"https:\/\/www.multicasa.com.br\/inicio\/wp-json\/wp\/v2\/types\/product"}],"wp:featuredmedia":[{"embeddable":true,"href":"https:\/\/www.multicasa.com.br\/inicio\/wp-json\/wp\/v2\/media\/16426"}],"wp:attachment":[{"href":"https:\/\/www.multicasa.com.br\/inicio\/wp-json\/wp\/v2\/media?parent=16371"}],"wp:term":[{"taxonomy":"product_brand","embeddable":true,"href":"https:\/\/www.multicasa.com.br\/inicio\/wp-json\/wp\/v2\/product_brand?post=16371"},{"taxonomy":"product_cat","embeddable":true,"href":"https:\/\/www.multicasa.com.br\/inicio\/wp-json\/wp\/v2\/product_cat?post=16371"},{"taxonomy":"product_tag","embeddable":true,"href":"https:\/\/www.multicasa.com.br\/inicio\/wp-json\/wp\/v2\/product_tag?post=16371"}],"curies":[{"name":"wp","href":"https:\/\/api.w.org\/{rel}","templated":true}]}}