{"id":16376,"date":"2025-06-20T19:08:09","date_gmt":"2025-06-20T23:08:09","guid":{"rendered":"https:\/\/www.multicasa.com.br\/inicio\/?post_type=product&#038;p=16376"},"modified":"2026-01-15T09:00:17","modified_gmt":"2026-01-15T13:00:17","slug":"kit-4-em-1-cartao-de-memoria-ultra-high-speed-i-adaptador-usb-dual-drive-adaptador-sd-16gb-multi","status":"publish","type":"product","link":"https:\/\/www.multicasa.com.br\/inicio\/produto\/kit-4-em-1-cartao-de-memoria-ultra-high-speed-i-adaptador-usb-dual-drive-adaptador-sd-16gb-multi\/","title":{"rendered":"Kit 4 em 1 Cart\u00e3o de Mem\u00f3ria Ultra High Speed-I + Adaptador USB Dual Drive + Adaptador SD 16GB Multi"},"content":{"rendered":"<p>Pr\u00e1tico e multifun\u00e7\u00f5es, com o kit 4 em 1 Cart\u00e3o de Mem\u00f3ria Ultra High Spreed-I + Adaptador USB Dual Drive + Adaptador SD 16GB da Multilaser voc\u00ea captura seus v\u00eddeos e fotos com ainda mais qualidade! Grave em full HD, sem cortes e falhas e tire fotos mais n\u00edtidas. Voc\u00ea pode usar seu kit de cart\u00e3o de mem\u00f3ria e adaptador classe 10 para mover arquivos com facilidade entre dispositivos como c\u00e2meras digitais, celulares e computadores. Com velocidade de at\u00e9 80mbs e voltagem de opera\u00e7\u00e3o de 2,7 a 3,6v, seu kit \u00e9 \u00e0 prova d?\u00e1gua, choque, vibra\u00e7\u00e3o e temperaturas extremas. Armazene, capture, transporte e guarde todos os seus momentos.<\/p>\n","protected":false},"excerpt":{"rendered":"<h4 style=\"margin: 0px;padding: 0px 0px 16px;font-family: Lato, sans-serif;font-weight: bold;line-height: 3rem;color: var(--dark-grey3);font-size: 22px;font-style: normal;letter-spacing: normal;text-align: start;text-indent: 0px;text-transform: none\">Informa\u00e7\u00f5es t\u00e9cnicas<\/h4>\n<p><span style=\"margin: 0px;padding: 0px;font-weight: 450;font-size: 14px;line-height: 21px;color: var(--dark-grey2);font-family: Lato, sans-serif;font-style: normal;letter-spacing: normal;text-align: start;text-indent: 0px;text-transform: none\">Produto: Kit cart\u00e3o de mem\u00f3ria SD 4 em 1<br \/>\nModelo: MC150<br \/>\nMarca: Multilaser<br \/>\nMaterial: Pl\u00e1stico<br \/>\nCor: Preto<br \/>\nCaracter\u00edsticas: Ultra High Speed-I<br \/>\nArmazenamento interno 16GB<br \/>\nVelocidade at\u00e9 80mBS<br \/>\nCompat\u00edvel com Smartphones android e entrada para cart\u00e3o de mem\u00f3ria USB 2.0 e Micro USB<br \/>\nVoltagem de opera\u00e7\u00e3o 2,7V &#8211; 3,6V<br \/>\nClasse 10<br \/>\nA prova de \u00e1gua, choque, vibra\u00e7\u00e3o, e temperaturas extremas<br \/>\nQuantidade de pe\u00e7as: 1 cart\u00e3o de mem\u00f3ria ultra High Speed-I<br \/>\n1 Adaptador USB dual drive<br \/>\n1 Adaptador SD 16 GB<br \/>\nItens Inclusos: 1 Kit cart\u00e3o de mem\u00f3ria SD 4 em 1<br \/>\nDimens\u00f5es do produto (A X L X P): 3,5 x 1,5 x 0,9cm<br \/>\n<\/span><\/p>\n","protected":false},"featured_media":16448,"template":"","meta":{"_joinchat":[]},"product_brand":[],"product_cat":[130],"product_tag":[],"class_list":{"0":"post-16376","1":"product","2":"type-product","3":"status-publish","4":"has-post-thumbnail","6":"product_cat-informatica","8":"first","9":"instock","10":"shipping-taxable","11":"purchasable","12":"product-type-simple"},"_links":{"self":[{"href":"https:\/\/www.multicasa.com.br\/inicio\/wp-json\/wp\/v2\/product\/16376","targetHints":{"allow":["GET"]}}],"collection":[{"href":"https:\/\/www.multicasa.com.br\/inicio\/wp-json\/wp\/v2\/product"}],"about":[{"href":"https:\/\/www.multicasa.com.br\/inicio\/wp-json\/wp\/v2\/types\/product"}],"wp:featuredmedia":[{"embeddable":true,"href":"https:\/\/www.multicasa.com.br\/inicio\/wp-json\/wp\/v2\/media\/16448"}],"wp:attachment":[{"href":"https:\/\/www.multicasa.com.br\/inicio\/wp-json\/wp\/v2\/media?parent=16376"}],"wp:term":[{"taxonomy":"product_brand","embeddable":true,"href":"https:\/\/www.multicasa.com.br\/inicio\/wp-json\/wp\/v2\/product_brand?post=16376"},{"taxonomy":"product_cat","embeddable":true,"href":"https:\/\/www.multicasa.com.br\/inicio\/wp-json\/wp\/v2\/product_cat?post=16376"},{"taxonomy":"product_tag","embeddable":true,"href":"https:\/\/www.multicasa.com.br\/inicio\/wp-json\/wp\/v2\/product_tag?post=16376"}],"curies":[{"name":"wp","href":"https:\/\/api.w.org\/{rel}","templated":true}]}}