{"id":16377,"date":"2025-06-20T19:08:09","date_gmt":"2025-06-20T23:08:09","guid":{"rendered":"https:\/\/www.multicasa.com.br\/inicio\/?post_type=product&#038;p=16377"},"modified":"2025-08-18T01:23:41","modified_gmt":"2025-08-18T05:23:41","slug":"esponja-de-silicone-multiuso-para-limpeza-bono","status":"publish","type":"product","link":"https:\/\/www.multicasa.com.br\/inicio\/produto\/esponja-de-silicone-multiuso-para-limpeza-bono\/","title":{"rendered":"Esponja de Silicone Multiuso para Limpeza Bono"},"content":{"rendered":"<p>A Esponja de Silicone Multisuo para Limpeza da Bono \u00e9 antibacteriana e, por isso, ideal para ser utilizada na limpeza de lou\u00e7as e alimentos. N\u00e3o ret\u00e9m cheiros e n\u00e3o acumula res\u00edduos. Flex\u00edvel e com superf\u00edcie macia, \u00e9 ideal para limpar objetos com cantos delicados e de dif\u00edcil acesso, bem como panelas antiaderentes. Higienize-a com \u00e1gua fervente, no micro-ondas ou na m\u00e1quina de lavar lou\u00e7as. Ideal para n\u00e3o machucar as m\u00e3os e durar por muito mais tempo na sua cozinha ou lavanderia.<\/p>\n","protected":false},"excerpt":{"rendered":"<h4 style=\"margin: 0px;padding: 0px 0px 16px;font-family: Lato, sans-serif;font-weight: bold;line-height: 3rem;color: var(--dark-grey3);font-size: 22px;font-style: normal;letter-spacing: normal;text-align: start;text-indent: 0px;text-transform: none\">Informa\u00e7\u00f5es t\u00e9cnicas<\/h4>\n<p><span style=\"margin: 0px;padding: 0px;font-weight: 450;font-size: 14px;line-height: 21px;color: var(--dark-grey2);font-family: Lato, sans-serif;font-style: normal;letter-spacing: normal;text-align: start;text-indent: 0px;text-transform: none\">Produto: Esponja Multiuso para limpeza<br \/>\nMarca: Bono<br \/>\nMaterial: Silicone<br \/>\nCor: Sortido<br \/>\nCaracter\u00edstica: Antibactericida<br \/>\nN\u00e3o ret\u00e9m cheiros ou restos de comida<br \/>\nSegura para limpar panelas antiaderentes e outras superf\u00edcies<br \/>\nPode ser esterilizada com agua quente, micro-ondas e maquina de lavar lou\u00e7a<br \/>\nItens Inclusos: 1 Esponja multiuso para limpeza<br \/>\nDimens\u00f5es do produto (A x L x P): 1,5 x 11,5 x 11,5cm<br \/>\n<\/span><\/p>\n","protected":false},"featured_media":16450,"template":"","meta":{"_joinchat":[]},"product_brand":[],"product_cat":[96],"product_tag":[],"class_list":{"0":"post-16377","1":"product","2":"type-product","3":"status-publish","4":"has-post-thumbnail","6":"product_cat-limpeza-e-cia","8":"first","9":"outofstock","10":"shipping-taxable","11":"purchasable","12":"product-type-simple"},"_links":{"self":[{"href":"https:\/\/www.multicasa.com.br\/inicio\/wp-json\/wp\/v2\/product\/16377","targetHints":{"allow":["GET"]}}],"collection":[{"href":"https:\/\/www.multicasa.com.br\/inicio\/wp-json\/wp\/v2\/product"}],"about":[{"href":"https:\/\/www.multicasa.com.br\/inicio\/wp-json\/wp\/v2\/types\/product"}],"wp:featuredmedia":[{"embeddable":true,"href":"https:\/\/www.multicasa.com.br\/inicio\/wp-json\/wp\/v2\/media\/16450"}],"wp:attachment":[{"href":"https:\/\/www.multicasa.com.br\/inicio\/wp-json\/wp\/v2\/media?parent=16377"}],"wp:term":[{"taxonomy":"product_brand","embeddable":true,"href":"https:\/\/www.multicasa.com.br\/inicio\/wp-json\/wp\/v2\/product_brand?post=16377"},{"taxonomy":"product_cat","embeddable":true,"href":"https:\/\/www.multicasa.com.br\/inicio\/wp-json\/wp\/v2\/product_cat?post=16377"},{"taxonomy":"product_tag","embeddable":true,"href":"https:\/\/www.multicasa.com.br\/inicio\/wp-json\/wp\/v2\/product_tag?post=16377"}],"curies":[{"name":"wp","href":"https:\/\/api.w.org\/{rel}","templated":true}]}}