{"id":16378,"date":"2025-06-20T19:08:09","date_gmt":"2025-06-20T23:08:09","guid":{"rendered":"https:\/\/www.multicasa.com.br\/inicio\/?post_type=product&#038;p=16378"},"modified":"2025-08-16T18:15:54","modified_gmt":"2025-08-16T22:15:54","slug":"cesto-organizador-com-tampa-de-plastico-preto-rattan-nitronplast-8l","status":"publish","type":"product","link":"https:\/\/www.multicasa.com.br\/inicio\/produto\/cesto-organizador-com-tampa-de-plastico-preto-rattan-nitronplast-8l\/","title":{"rendered":"Cesto Organizador com Tampa de Pl\u00e1stico Preto Rattan Nitronplast 8L"},"content":{"rendered":"<p>Que tal organizar produtos de higiene, maquiagem, roupas \u00edntimas e itens de costura de um jeito moderno e pr\u00e1tico? O Cesto Organizador com Tampa de Pl\u00e1stico Preto da linha Rattan Nitronplast tem capacidade para at\u00e9 8 litros e cabe em qualquer espa\u00e7o vago do seu lar, organizando os objetos que ficam espalhados. Possui duas aberturas laterais que facilitam o manuseio do que voc\u00ea guarda ali dentro e tamb\u00e9m deixam o transporte da sua caixa organizadora mais seguro. Use do jeito que voc\u00ea quiser para deixar sua cozinha, banheiro ou escrit\u00f3rio mais modernos.<\/p>\n","protected":false},"excerpt":{"rendered":"<h4 style=\"margin: 0px;padding: 0px 0px 16px;font-family: Lato, sans-serif;font-weight: bold;line-height: 3rem;color: var(--dark-grey3);font-size: 22px;font-style: normal;letter-spacing: normal;text-align: start;text-indent: 0px;text-transform: none\">Informa\u00e7\u00f5es t\u00e9cnicas<\/h4>\n<p><span style=\"margin: 0px;padding: 0px;font-weight: 450;font-size: 14px;line-height: 21px;color: var(--dark-grey2);font-family: Lato, sans-serif;font-style: normal;letter-spacing: normal;text-align: start;text-indent: 0px;text-transform: none\">Produto: Cesto Organizador<br \/>\nMarca: Nitronplast<br \/>\nMaterial: Pl\u00e1stico<br \/>\nCapacidade: 8L<br \/>\nCor: Preto<br \/>\nUso Indicado: Closet, banheiros, lavanderias, dispensas e entre outros<br \/>\nItens Inclusos: 1 Cesto organizador<br \/>\nDimens\u00f5es do produto (A x L x P): 22 x 15 x 32,1cm<br \/>\n<\/span><\/p>\n","protected":false},"featured_media":16457,"template":"","meta":{"_joinchat":[]},"product_brand":[],"product_cat":[98],"product_tag":[],"class_list":{"0":"post-16378","1":"product","2":"type-product","3":"status-publish","4":"has-post-thumbnail","6":"product_cat-organizadores","8":"first","9":"outofstock","10":"shipping-taxable","11":"product-type-simple"},"_links":{"self":[{"href":"https:\/\/www.multicasa.com.br\/inicio\/wp-json\/wp\/v2\/product\/16378","targetHints":{"allow":["GET"]}}],"collection":[{"href":"https:\/\/www.multicasa.com.br\/inicio\/wp-json\/wp\/v2\/product"}],"about":[{"href":"https:\/\/www.multicasa.com.br\/inicio\/wp-json\/wp\/v2\/types\/product"}],"wp:featuredmedia":[{"embeddable":true,"href":"https:\/\/www.multicasa.com.br\/inicio\/wp-json\/wp\/v2\/media\/16457"}],"wp:attachment":[{"href":"https:\/\/www.multicasa.com.br\/inicio\/wp-json\/wp\/v2\/media?parent=16378"}],"wp:term":[{"taxonomy":"product_brand","embeddable":true,"href":"https:\/\/www.multicasa.com.br\/inicio\/wp-json\/wp\/v2\/product_brand?post=16378"},{"taxonomy":"product_cat","embeddable":true,"href":"https:\/\/www.multicasa.com.br\/inicio\/wp-json\/wp\/v2\/product_cat?post=16378"},{"taxonomy":"product_tag","embeddable":true,"href":"https:\/\/www.multicasa.com.br\/inicio\/wp-json\/wp\/v2\/product_tag?post=16378"}],"curies":[{"name":"wp","href":"https:\/\/api.w.org\/{rel}","templated":true}]}}