{"id":16380,"date":"2025-06-20T19:08:09","date_gmt":"2025-06-20T23:08:09","guid":{"rendered":"https:\/\/www.multicasa.com.br\/inicio\/?post_type=product&#038;p=16380"},"modified":"2026-04-04T11:00:19","modified_gmt":"2026-04-04T15:00:19","slug":"cesto-organizador-com-tampa-de-plastico-branco-rattan-nitronplast-25l","status":"publish","type":"product","link":"https:\/\/www.multicasa.com.br\/inicio\/produto\/cesto-organizador-com-tampa-de-plastico-branco-rattan-nitronplast-25l\/","title":{"rendered":"Cesto Organizador com Tampa de Pl\u00e1stico Branco Rattan Nitronplast 2,5L"},"content":{"rendered":"<p>Que tal organizar produtos de higiene, maquiagem, roupas \u00edntimas e itens de costura de um jeito moderno e pr\u00e1tico? O Cesto Organizador com Tampa de Pl\u00e1stico Branco da linha Rattan Nitronplast tem capacidade para at\u00e9 2,5 litros e cabe em qualquer espa\u00e7o vago do seu lar, organizando os objetos que ficam espalhados. Possui duas aberturas laterais que facilitam o manuseio do que voc\u00ea guarda ali dentro e tamb\u00e9m deixam o transporte da sua caixa organizadora mais seguro. Use do jeito que voc\u00ea quiser para deixar sua cozinha, banheiro ou escrit\u00f3rio mais modernos.<\/p>\n","protected":false},"excerpt":{"rendered":"<h4 style=\"margin: 0px;padding: 0px 0px 16px;font-family: Lato, sans-serif;font-weight: bold;line-height: 3rem;color: var(--dark-grey3);font-size: 22px;font-style: normal;letter-spacing: normal;text-align: start;text-indent: 0px;text-transform: none\">Informa\u00e7\u00f5es t\u00e9cnicas<\/h4>\n<p><span style=\"margin: 0px;padding: 0px;font-weight: 450;font-size: 14px;line-height: 21px;color: var(--dark-grey2);font-family: Lato, sans-serif;font-style: normal;letter-spacing: normal;text-align: start;text-indent: 0px;text-transform: none\">Produto: Cesto Organizador com Tampa<br \/>\nTipo: Rattan<br \/>\nMarca: Nitronplast<br \/>\nMaterial: Pl\u00e1stico<br \/>\nCapacidade: 2,5L<br \/>\nCor: Branco<br \/>\nUso Indicado: Closet, banheiros, lavanderias, dispensas e entre outros<br \/>\nItens Inclusos: 1 Cesto organizador<br \/>\nDimens\u00f5es do produto (A X L): 15 x 20cm<\/span><\/p>\n","protected":false},"featured_media":16459,"template":"","meta":{"_joinchat":[]},"product_brand":[],"product_cat":[96],"product_tag":[],"class_list":{"0":"post-16380","1":"product","2":"type-product","3":"status-publish","4":"has-post-thumbnail","6":"product_cat-limpeza-e-cia","8":"first","9":"instock","10":"shipping-taxable","11":"purchasable","12":"product-type-simple"},"_links":{"self":[{"href":"https:\/\/www.multicasa.com.br\/inicio\/wp-json\/wp\/v2\/product\/16380","targetHints":{"allow":["GET"]}}],"collection":[{"href":"https:\/\/www.multicasa.com.br\/inicio\/wp-json\/wp\/v2\/product"}],"about":[{"href":"https:\/\/www.multicasa.com.br\/inicio\/wp-json\/wp\/v2\/types\/product"}],"wp:featuredmedia":[{"embeddable":true,"href":"https:\/\/www.multicasa.com.br\/inicio\/wp-json\/wp\/v2\/media\/16459"}],"wp:attachment":[{"href":"https:\/\/www.multicasa.com.br\/inicio\/wp-json\/wp\/v2\/media?parent=16380"}],"wp:term":[{"taxonomy":"product_brand","embeddable":true,"href":"https:\/\/www.multicasa.com.br\/inicio\/wp-json\/wp\/v2\/product_brand?post=16380"},{"taxonomy":"product_cat","embeddable":true,"href":"https:\/\/www.multicasa.com.br\/inicio\/wp-json\/wp\/v2\/product_cat?post=16380"},{"taxonomy":"product_tag","embeddable":true,"href":"https:\/\/www.multicasa.com.br\/inicio\/wp-json\/wp\/v2\/product_tag?post=16380"}],"curies":[{"name":"wp","href":"https:\/\/api.w.org\/{rel}","templated":true}]}}