{"id":16400,"date":"2025-06-20T19:08:32","date_gmt":"2025-06-20T23:08:32","guid":{"rendered":"https:\/\/www.multicasa.com.br\/inicio\/?post_type=product&#038;p=16400"},"modified":"2025-10-29T11:13:56","modified_gmt":"2025-10-29T15:13:56","slug":"lysoform-aerosol-spray-original-360ml","status":"publish","type":"product","link":"https:\/\/www.multicasa.com.br\/inicio\/produto\/lysoform-aerosol-spray-original-360ml\/","title":{"rendered":"Lysoform Aerosol Spray Original 360ml"},"content":{"rendered":"<p>O Desinfetante Lysoform Aerosol Spray com fragr\u00e2ncia Original ir\u00e1 auxiliar para que a sua casa fique livre dos fungos que causam o mofo, germes e bact\u00e9rias, e ainda desodoriza e higieniza o ambiente. \u00c9 bactericida e de f\u00e1cil uso com embalagem spray de 360ml. Indicado para desinfec\u00e7\u00e3o de pequenas superf\u00edcies n\u00e3o lav\u00e1veis e dom\u00e9stica em geral. Ideal para para desinfetar e desodorizar os colch\u00f5es, travesseiros e cal\u00e7ados apenas na parte interna, capacetes, cortinas e estofados.<br \/>\nItem essencial para manter a casa livre de maus cheiros!<\/p>\n","protected":false},"excerpt":{"rendered":"<h4 style=\"margin: 0px;padding: 0px 0px 16px;font-family: Lato, sans-serif;font-weight: bold;line-height: 3rem;color: var(--dark-grey3);font-size: 22px;font-style: normal;letter-spacing: normal;text-align: start;text-indent: 0px;text-transform: none\">Informa\u00e7\u00f5es t\u00e9cnicas<\/h4>\n<p><span style=\"margin: 0px;padding: 0px;font-weight: 450;font-size: 14px;line-height: 21px;color: var(--dark-grey2);font-family: Lato, sans-serif;font-style: normal;letter-spacing: normal;text-align: start;text-indent: 0px;text-transform: none\">Produto: Desinfetante para superf\u00edcies<br \/>\nMarca: Lysoform<br \/>\nConte\u00fado: 360ml<br \/>\nCaracter\u00edsticas: Fragr\u00e2ncia Original<br \/>\nMata 99,9% dos germes e bact\u00e9rias<br \/>\nSpray<br \/>\nItens Inclusos: 1 desinfetante spray<br \/>\nDimens\u00f5es do produto (A x L): 24,5 x 5,5cm<br \/>\n<\/span><\/p>\n","protected":false},"featured_media":16470,"template":"","meta":{"_joinchat":[]},"product_brand":[],"product_cat":[96],"product_tag":[],"class_list":{"0":"post-16400","1":"product","2":"type-product","3":"status-publish","4":"has-post-thumbnail","6":"product_cat-limpeza-e-cia","8":"first","9":"outofstock","10":"shipping-taxable","11":"purchasable","12":"product-type-simple"},"_links":{"self":[{"href":"https:\/\/www.multicasa.com.br\/inicio\/wp-json\/wp\/v2\/product\/16400","targetHints":{"allow":["GET"]}}],"collection":[{"href":"https:\/\/www.multicasa.com.br\/inicio\/wp-json\/wp\/v2\/product"}],"about":[{"href":"https:\/\/www.multicasa.com.br\/inicio\/wp-json\/wp\/v2\/types\/product"}],"wp:featuredmedia":[{"embeddable":true,"href":"https:\/\/www.multicasa.com.br\/inicio\/wp-json\/wp\/v2\/media\/16470"}],"wp:attachment":[{"href":"https:\/\/www.multicasa.com.br\/inicio\/wp-json\/wp\/v2\/media?parent=16400"}],"wp:term":[{"taxonomy":"product_brand","embeddable":true,"href":"https:\/\/www.multicasa.com.br\/inicio\/wp-json\/wp\/v2\/product_brand?post=16400"},{"taxonomy":"product_cat","embeddable":true,"href":"https:\/\/www.multicasa.com.br\/inicio\/wp-json\/wp\/v2\/product_cat?post=16400"},{"taxonomy":"product_tag","embeddable":true,"href":"https:\/\/www.multicasa.com.br\/inicio\/wp-json\/wp\/v2\/product_tag?post=16400"}],"curies":[{"name":"wp","href":"https:\/\/api.w.org\/{rel}","templated":true}]}}