{"id":16407,"date":"2025-06-20T19:08:33","date_gmt":"2025-06-20T23:08:33","guid":{"rendered":"https:\/\/www.multicasa.com.br\/inicio\/?post_type=product&#038;p=16407"},"modified":"2025-08-17T19:03:20","modified_gmt":"2025-08-17T23:03:20","slug":"protetor-porta-documento-crv-b2smile","status":"publish","type":"product","link":"https:\/\/www.multicasa.com.br\/inicio\/produto\/protetor-porta-documento-crv-b2smile\/","title":{"rendered":"Protetor Porta Documento CRV B2Smile"},"content":{"rendered":"<p>Com o Protetor Porta Documento CRV B2Smile, voc\u00ea mant\u00e9m seus documentos sempre apresent\u00e1veis. Produzido em polipropileno termopl\u00e1stico, diga adeus aos plastiquinhos moles. Com a capa protetora seus documentos n\u00e3o rasgam, n\u00e3o dobram e n\u00e3o amassam. Com aproximadamente 11,5 cm, tem o tamanho perfeito para CRV.<\/p>\n","protected":false},"excerpt":{"rendered":"<h4 style=\"margin: 0px;padding: 0px 0px 16px;font-family: Lato, sans-serif;font-weight: bold;line-height: 3rem;color: var(--dark-grey3);font-size: 22px;font-style: normal;letter-spacing: normal;text-align: start;text-indent: 0px;text-transform: none\">Informa\u00e7\u00f5es t\u00e9cnicas<\/h4>\n<p><span style=\"margin: 0px;padding: 0px;font-weight: 450;font-size: 14px;line-height: 21px;color: var(--dark-grey2);font-family: Lato, sans-serif;font-style: normal;letter-spacing: normal;text-align: start;text-indent: 0px;text-transform: none\">Produto: Protetor Porta Documento<br \/>\nMarca: B2Smile<br \/>\nMaterial: Polipropileno termopl\u00e1stico<br \/>\nCaracter\u00edsticas: Transparente<br \/>\nPara CRV<br \/>\nResistente<br \/>\nN\u00e3o rasga<br \/>\nN\u00e3o dobra<br \/>\nN\u00e3o amassa<br \/>\nProtege<br \/>\nItens Inclusos: 1 Protetor Porta Documento<br \/>\nDimens\u00f5es do produto (A): 11,5cm<br \/>\n<\/span><\/p>\n","protected":false},"featured_media":25861,"template":"","meta":{"_joinchat":[]},"product_brand":[],"product_cat":[98],"product_tag":[],"class_list":{"0":"post-16407","1":"product","2":"type-product","3":"status-publish","4":"has-post-thumbnail","6":"product_cat-organizadores","8":"first","9":"outofstock","10":"shipping-taxable","11":"purchasable","12":"product-type-simple"},"_links":{"self":[{"href":"https:\/\/www.multicasa.com.br\/inicio\/wp-json\/wp\/v2\/product\/16407","targetHints":{"allow":["GET"]}}],"collection":[{"href":"https:\/\/www.multicasa.com.br\/inicio\/wp-json\/wp\/v2\/product"}],"about":[{"href":"https:\/\/www.multicasa.com.br\/inicio\/wp-json\/wp\/v2\/types\/product"}],"wp:featuredmedia":[{"embeddable":true,"href":"https:\/\/www.multicasa.com.br\/inicio\/wp-json\/wp\/v2\/media\/25861"}],"wp:attachment":[{"href":"https:\/\/www.multicasa.com.br\/inicio\/wp-json\/wp\/v2\/media?parent=16407"}],"wp:term":[{"taxonomy":"product_brand","embeddable":true,"href":"https:\/\/www.multicasa.com.br\/inicio\/wp-json\/wp\/v2\/product_brand?post=16407"},{"taxonomy":"product_cat","embeddable":true,"href":"https:\/\/www.multicasa.com.br\/inicio\/wp-json\/wp\/v2\/product_cat?post=16407"},{"taxonomy":"product_tag","embeddable":true,"href":"https:\/\/www.multicasa.com.br\/inicio\/wp-json\/wp\/v2\/product_tag?post=16407"}],"curies":[{"name":"wp","href":"https:\/\/api.w.org\/{rel}","templated":true}]}}