{"id":16408,"date":"2025-06-20T19:08:33","date_gmt":"2025-06-20T23:08:33","guid":{"rendered":"https:\/\/www.multicasa.com.br\/inicio\/?post_type=product&#038;p=16408"},"modified":"2025-06-23T10:28:45","modified_gmt":"2025-06-23T14:28:45","slug":"pote-hermetico-de-plastico-seal-lock-branco-arthi-23l","status":"publish","type":"product","link":"https:\/\/www.multicasa.com.br\/inicio\/produto\/pote-hermetico-de-plastico-seal-lock-branco-arthi-23l\/","title":{"rendered":"Pote Herm\u00e9tico de Pl\u00e1stico Seal &amp; Lock Branco Arthi 2,3L"},"content":{"rendered":"<p>Com o Pote Herm\u00e9tico Seal &amp; Lock Arthi produzido em pl\u00e1stico de alta qualidade, voc\u00ea facilita o armazenamento dos seus alimentos. Com capacidade para 2,3L e tampa branca herm\u00e9tica, \u00e9 perfeito para organizar arm\u00e1rios e dispensas facilitando a rotina do dia a dia. A melhor op\u00e7\u00e3o para manter sua cozinha sempre linda!<\/p>\n","protected":false},"excerpt":{"rendered":"<h4 style=\"margin: 0px;padding: 0px 0px 16px;font-family: Lato, sans-serif;font-weight: bold;line-height: 3rem;color: var(--dark-grey3);font-size: 22px;font-style: normal;letter-spacing: normal;text-align: start;text-indent: 0px;text-transform: none\">Informa\u00e7\u00f5es t\u00e9cnicas<\/h4>\n<p><span style=\"margin: 0px;padding: 0px;font-weight: 450;font-size: 14px;line-height: 21px;color: var(--dark-grey2);font-family: Lato, sans-serif;font-style: normal;letter-spacing: normal;text-align: start;text-indent: 0px;text-transform: none\">Produto: Pote<br \/>\nMarca: Arthi<br \/>\nMaterial: Pl\u00e1stico<br \/>\nCor: Incolor e branco<br \/>\nCapacidade: 2,3L<br \/>\nItens Inclusos: 1 pote<br \/>\nDimens\u00f5es do produto (A X L X P): 21,5 x 12,6 x 12,6cm<br \/>\n<\/span><\/p>\n","protected":false},"featured_media":25798,"template":"","meta":{"_joinchat":[]},"product_brand":[],"product_cat":[98],"product_tag":[],"class_list":{"0":"post-16408","1":"product","2":"type-product","3":"status-publish","4":"has-post-thumbnail","6":"product_cat-organizadores","8":"first","9":"outofstock","10":"shipping-taxable","11":"product-type-simple"},"_links":{"self":[{"href":"https:\/\/www.multicasa.com.br\/inicio\/wp-json\/wp\/v2\/product\/16408","targetHints":{"allow":["GET"]}}],"collection":[{"href":"https:\/\/www.multicasa.com.br\/inicio\/wp-json\/wp\/v2\/product"}],"about":[{"href":"https:\/\/www.multicasa.com.br\/inicio\/wp-json\/wp\/v2\/types\/product"}],"wp:featuredmedia":[{"embeddable":true,"href":"https:\/\/www.multicasa.com.br\/inicio\/wp-json\/wp\/v2\/media\/25798"}],"wp:attachment":[{"href":"https:\/\/www.multicasa.com.br\/inicio\/wp-json\/wp\/v2\/media?parent=16408"}],"wp:term":[{"taxonomy":"product_brand","embeddable":true,"href":"https:\/\/www.multicasa.com.br\/inicio\/wp-json\/wp\/v2\/product_brand?post=16408"},{"taxonomy":"product_cat","embeddable":true,"href":"https:\/\/www.multicasa.com.br\/inicio\/wp-json\/wp\/v2\/product_cat?post=16408"},{"taxonomy":"product_tag","embeddable":true,"href":"https:\/\/www.multicasa.com.br\/inicio\/wp-json\/wp\/v2\/product_tag?post=16408"}],"curies":[{"name":"wp","href":"https:\/\/api.w.org\/{rel}","templated":true}]}}