{"id":16437,"date":"2025-06-20T19:08:58","date_gmt":"2025-06-20T23:08:58","guid":{"rendered":"https:\/\/www.multicasa.com.br\/inicio\/?post_type=product&#038;p=16437"},"modified":"2025-08-18T03:13:32","modified_gmt":"2025-08-18T07:13:32","slug":"cabo-de-video-rca-componente-3x3-tblack-5m","status":"publish","type":"product","link":"https:\/\/www.multicasa.com.br\/inicio\/produto\/cabo-de-video-rca-componente-3x3-tblack-5m\/","title":{"rendered":"Cabo de V\u00eddeo RCA Componente 3&#215;3 TBlack 5m"},"content":{"rendered":"<p>Cabo de V\u00eddeo RCA Componente TBlack com conex\u00e3o 3&#215;3, utilizado na transmiss\u00e3o de sinal de \u00e1udio e v\u00eddeo (est\u00e9reo), com um diferencial, o cabo de v\u00eddeo \u00e9 coaxial e proporciona<br \/>\num sinal muito melhor e mais limpo na imagem. Perfeito para liga\u00e7\u00e3o de v\u00eddeo game, home theater, c\u00e2meras, computadores e etc. Cabo confeccionado em pvc, cobre e lat\u00e3o dourado.<\/p>\n","protected":false},"excerpt":{"rendered":"<h4 style=\"margin: 0px;padding: 0px 0px 16px;font-family: Lato, sans-serif;font-weight: bold;line-height: 3rem;color: var(--dark-grey3);font-size: 22px;font-style: normal;letter-spacing: normal;text-align: start;text-indent: 0px;text-transform: none\">Informa\u00e7\u00f5es t\u00e9cnicas<\/h4>\n<p><span style=\"margin: 0px;padding: 0px;font-weight: 450;font-size: 14px;line-height: 21px;color: var(--dark-grey2);font-family: Lato, sans-serif;font-style: normal;letter-spacing: normal;text-align: start;text-indent: 0px;text-transform: none\">Produto: Cabo de V\u00eddeo RCA<br \/>\nMarca: Tblack<br \/>\nMaterial: PVC<br \/>\nCor: Preto<br \/>\nCaracter\u00edsticas: Cabo RCA 3X3<br \/>\nConex\u00e3o macho x macho<br \/>\nItens inclusos: 1 Cabo de v\u00eddeo RCA<br \/>\nDimens\u00f5es do produto (C): 5m<br \/>\n<\/span><\/p>\n","protected":false},"featured_media":16505,"template":"","meta":{"_joinchat":[]},"product_brand":[],"product_cat":[153],"product_tag":[],"class_list":{"0":"post-16437","1":"product","2":"type-product","3":"status-publish","4":"has-post-thumbnail","6":"product_cat-eletronica-e-cia","8":"first","9":"outofstock","10":"shipping-taxable","11":"purchasable","12":"product-type-simple"},"_links":{"self":[{"href":"https:\/\/www.multicasa.com.br\/inicio\/wp-json\/wp\/v2\/product\/16437","targetHints":{"allow":["GET"]}}],"collection":[{"href":"https:\/\/www.multicasa.com.br\/inicio\/wp-json\/wp\/v2\/product"}],"about":[{"href":"https:\/\/www.multicasa.com.br\/inicio\/wp-json\/wp\/v2\/types\/product"}],"wp:featuredmedia":[{"embeddable":true,"href":"https:\/\/www.multicasa.com.br\/inicio\/wp-json\/wp\/v2\/media\/16505"}],"wp:attachment":[{"href":"https:\/\/www.multicasa.com.br\/inicio\/wp-json\/wp\/v2\/media?parent=16437"}],"wp:term":[{"taxonomy":"product_brand","embeddable":true,"href":"https:\/\/www.multicasa.com.br\/inicio\/wp-json\/wp\/v2\/product_brand?post=16437"},{"taxonomy":"product_cat","embeddable":true,"href":"https:\/\/www.multicasa.com.br\/inicio\/wp-json\/wp\/v2\/product_cat?post=16437"},{"taxonomy":"product_tag","embeddable":true,"href":"https:\/\/www.multicasa.com.br\/inicio\/wp-json\/wp\/v2\/product_tag?post=16437"}],"curies":[{"name":"wp","href":"https:\/\/api.w.org\/{rel}","templated":true}]}}