{"id":16439,"date":"2025-06-20T19:08:58","date_gmt":"2025-06-20T23:08:58","guid":{"rendered":"https:\/\/www.multicasa.com.br\/inicio\/?post_type=product&#038;p=16439"},"modified":"2025-12-16T19:09:04","modified_gmt":"2025-12-16T23:09:04","slug":"banqueta-escada-de-aco-3-degraus-utilaco-59x34cm","status":"publish","type":"product","link":"https:\/\/www.multicasa.com.br\/inicio\/produto\/banqueta-escada-de-aco-3-degraus-utilaco-59x34cm\/","title":{"rendered":"Banqueta Escada de A\u00e7o 3 Degraus Utila\u00e7o 59x34cm"},"content":{"rendered":"<p>A Banqueta Escada da Utila\u00e7o \u00e9 \u00f3tima para alcan\u00e7ar lugares mais elevados, al\u00e9m de ser dobr\u00e1vel e f\u00e1cil de guardar, ideal para uso dom\u00e9stico.<br \/>\nEm a\u00e7o de carbono e com acabamento em pintura ep\u00f3xi branca, o banco escada tem 3 degraus e suporta at\u00e9 100kg . Possui tapetes antiderrapantes e quando fechada se transforma em um banquinho \u00fatil! <\/p>\n","protected":false},"excerpt":{"rendered":"<h4 style=\"margin: 0px;padding: 0px 0px 16px;font-family: Lato, sans-serif;font-weight: bold;line-height: 3rem;color: var(--dark-grey3);font-size: 22px;font-style: normal;letter-spacing: normal;text-align: start;text-indent: 0px;text-transform: none\">Informa\u00e7\u00f5es t\u00e9cnicas<\/h4>\n<p><span style=\"margin: 0px;padding: 0px;font-weight: 450;font-size: 14px;line-height: 21px;color: var(--dark-grey2);font-family: Lato, sans-serif;font-style: normal;letter-spacing: normal;text-align: start;text-indent: 0px;text-transform: none\">Produto: Banqueta escada<br \/>\nMarca: Utila\u00e7o<br \/>\nMaterial: A\u00e7o carbono<br \/>\nTratamento superf\u00edcie com fosfato de zinco<br \/>\nAcabamento: Pintura ep\u00f3xi<br \/>\nCor: Branco<br \/>\nCaracter\u00edsticas: 3 Degraus<br \/>\nTapetes antiderrapantes<br \/>\nCapacidade de peso de 100Kg<br \/>\nFechada transforma-se num banquinho<br \/>\nItens Inclusos: 1 Banqueta escada<br \/>\nEspessura: Patamar &#8211; 1,06mm<br \/>\nDegrau &#8211; 1,06mm<br \/>\nDi\u00e2mentro do produto: Estrutura dos tubos &#8211; 3\/4<br \/>\nTrava da estrutura dos tubos &#8211; 5\/8<br \/>\nDimens\u00f5es do produto (A x L x P): 59 x 34 x 34cm<br \/>\nPatamar &#8211; 29 x 20cm<br \/>\nDegrau &#8211; 30 x 9cm<br \/>\nPeso do produto: 3,120Kg<\/span><\/p>\n","protected":false},"featured_media":24658,"template":"","meta":{"_joinchat":[]},"product_brand":[],"product_cat":[156],"product_tag":[],"class_list":{"0":"post-16439","1":"product","2":"type-product","3":"status-publish","4":"has-post-thumbnail","6":"product_cat-escadas","8":"first","9":"outofstock","10":"shipping-taxable","11":"product-type-simple"},"_links":{"self":[{"href":"https:\/\/www.multicasa.com.br\/inicio\/wp-json\/wp\/v2\/product\/16439","targetHints":{"allow":["GET"]}}],"collection":[{"href":"https:\/\/www.multicasa.com.br\/inicio\/wp-json\/wp\/v2\/product"}],"about":[{"href":"https:\/\/www.multicasa.com.br\/inicio\/wp-json\/wp\/v2\/types\/product"}],"wp:featuredmedia":[{"embeddable":true,"href":"https:\/\/www.multicasa.com.br\/inicio\/wp-json\/wp\/v2\/media\/24658"}],"wp:attachment":[{"href":"https:\/\/www.multicasa.com.br\/inicio\/wp-json\/wp\/v2\/media?parent=16439"}],"wp:term":[{"taxonomy":"product_brand","embeddable":true,"href":"https:\/\/www.multicasa.com.br\/inicio\/wp-json\/wp\/v2\/product_brand?post=16439"},{"taxonomy":"product_cat","embeddable":true,"href":"https:\/\/www.multicasa.com.br\/inicio\/wp-json\/wp\/v2\/product_cat?post=16439"},{"taxonomy":"product_tag","embeddable":true,"href":"https:\/\/www.multicasa.com.br\/inicio\/wp-json\/wp\/v2\/product_tag?post=16439"}],"curies":[{"name":"wp","href":"https:\/\/api.w.org\/{rel}","templated":true}]}}