{"id":16461,"date":"2025-06-20T19:09:22","date_gmt":"2025-06-20T23:09:22","guid":{"rendered":"https:\/\/www.multicasa.com.br\/inicio\/?post_type=product&#038;p=16461"},"modified":"2025-06-20T19:10:01","modified_gmt":"2025-06-20T23:10:01","slug":"refil-mop-novica-abrasivo-bettanin","status":"publish","type":"product","link":"https:\/\/www.multicasa.com.br\/inicio\/produto\/refil-mop-novica-abrasivo-bettanin\/","title":{"rendered":"Refil Mop Novi\u00e7a Abrasivo Bettanin"},"content":{"rendered":"<p>Com o Refil Mop Novi\u00e7a Abrasivo Bettanin voc\u00ea tem o acess\u00f3rio perfeito para efetuar a limpeza de pisos r\u00fasticos e acimentados. Removendo as sujeiras mais pesadas e dif\u00edceis. Possui uma manta com \u00edons de prata, eliminando 99,9% das bact\u00e9rias e resiste ao uso de alvejantes. Perfeito para limpezas que exigem grande esfor\u00e7o. <\/p>\n","protected":false},"excerpt":{"rendered":"<h4 style=\"margin: 0px;padding: 0px 0px 16px;font-family: Lato, sans-serif;font-weight: bold;line-height: 3rem;color: var(--dark-grey3);font-size: 22px;font-style: normal;letter-spacing: normal;text-align: start;text-indent: 0px;text-transform: none\">Informa\u00e7\u00f5es t\u00e9cnicas<\/h4>\n<p><span style=\"margin: 0px;padding: 0px;font-weight: 450;font-size: 14px;line-height: 21px;color: var(--dark-grey2);font-family: Lato, sans-serif;font-style: normal;letter-spacing: normal;text-align: start;text-indent: 0px;text-transform: none\">Produto: Refil mop<br \/>\nMarca: Bettanin<br \/>\nMaterial: Microfibra<br \/>\nCor: Verde<br \/>\nCaracter\u00edsticas: Resiste \u00e0 alvejantes<br \/>\nElimina 99,9% das bact\u00e9rias<br \/>\nItens Inclusos: 1 refil de mop<br \/>\nDimens\u00f5es do produto (A X L): 35 x 15,5 cm<\/span><\/p>\n","protected":false},"featured_media":16509,"template":"","meta":{"_joinchat":[]},"product_brand":[],"product_cat":[96],"product_tag":[],"class_list":{"0":"post-16461","1":"product","2":"type-product","3":"status-publish","4":"has-post-thumbnail","6":"product_cat-limpeza-e-cia","8":"first","9":"outofstock","10":"shipping-taxable","11":"product-type-simple"},"_links":{"self":[{"href":"https:\/\/www.multicasa.com.br\/inicio\/wp-json\/wp\/v2\/product\/16461","targetHints":{"allow":["GET"]}}],"collection":[{"href":"https:\/\/www.multicasa.com.br\/inicio\/wp-json\/wp\/v2\/product"}],"about":[{"href":"https:\/\/www.multicasa.com.br\/inicio\/wp-json\/wp\/v2\/types\/product"}],"wp:featuredmedia":[{"embeddable":true,"href":"https:\/\/www.multicasa.com.br\/inicio\/wp-json\/wp\/v2\/media\/16509"}],"wp:attachment":[{"href":"https:\/\/www.multicasa.com.br\/inicio\/wp-json\/wp\/v2\/media?parent=16461"}],"wp:term":[{"taxonomy":"product_brand","embeddable":true,"href":"https:\/\/www.multicasa.com.br\/inicio\/wp-json\/wp\/v2\/product_brand?post=16461"},{"taxonomy":"product_cat","embeddable":true,"href":"https:\/\/www.multicasa.com.br\/inicio\/wp-json\/wp\/v2\/product_cat?post=16461"},{"taxonomy":"product_tag","embeddable":true,"href":"https:\/\/www.multicasa.com.br\/inicio\/wp-json\/wp\/v2\/product_tag?post=16461"}],"curies":[{"name":"wp","href":"https:\/\/api.w.org\/{rel}","templated":true}]}}