{"id":16464,"date":"2025-06-20T19:09:23","date_gmt":"2025-06-20T23:09:23","guid":{"rendered":"https:\/\/www.multicasa.com.br\/inicio\/?post_type=product&#038;p=16464"},"modified":"2026-04-29T15:20:15","modified_gmt":"2026-04-29T19:20:15","slug":"grampeador-manual-vonder-aco-4-a-8mm","status":"publish","type":"product","link":"https:\/\/www.multicasa.com.br\/inicio\/produto\/grampeador-manual-vonder-aco-4-a-8mm\/","title":{"rendered":"Grampeador Manual Vonder A\u00e7o 4 a 8mm"},"content":{"rendered":"<p>Com o Grampeador Manual Vonder voc\u00ea poder\u00e1 realizar trabalhos especialmente em estofarias com muita precis\u00e3o e tranquilidade. Com o corpo em chapa de a\u00e7o proporcionando maior resist\u00eancia a oxida\u00e7\u00e3o. Para grampos de 4 a 8 mm tamb\u00e9m \u00e9 indicado para uso em decora\u00e7\u00f5es, artesanato, tape\u00e7aria e m\u00f3veis. Sua melhor op\u00e7\u00e3o para dar o acabamento perfeito.<\/p>\n","protected":false},"excerpt":{"rendered":"<h4 style=\"margin: 0px;padding: 0px 0px 16px;font-family: Lato, sans-serif;font-weight: bold;line-height: 3rem;color: var(--dark-grey3);font-size: 22px;font-style: normal;letter-spacing: normal;text-align: start;text-indent: 0px;text-transform: none\">Informa\u00e7\u00f5es t\u00e9cnicas<\/h4>\n<p><span style=\"margin: 0px;padding: 0px;font-weight: 450;font-size: 14px;line-height: 21px;color: var(--dark-grey2);font-family: Lato, sans-serif;font-style: normal;letter-spacing: normal;text-align: start;text-indent: 0px;text-transform: none\">Produto: Grampeador<br \/>\nMarca: Vonder<br \/>\nMaterial: Corpo em chapa de a\u00e7o cromado<br \/>\nCor: Prata<br \/>\nUso indicado: para uso em estofarias<br \/>\nCaracter\u00edsticas: Para grampos de 4 a 8mm<br \/>\nItens Inclusos: 1 grampeador manual<br \/>\nDimens\u00f5es do produto (A X L X P): 3,7 x 34 x 32cm<\/span><\/p>\n","protected":false},"featured_media":16510,"template":"","meta":{"_joinchat":[]},"product_brand":[],"product_cat":[137],"product_tag":[],"class_list":{"0":"post-16464","1":"product","2":"type-product","3":"status-publish","4":"has-post-thumbnail","6":"product_cat-ferramentas-manuais","8":"first","9":"instock","10":"shipping-taxable","11":"purchasable","12":"product-type-simple"},"_links":{"self":[{"href":"https:\/\/www.multicasa.com.br\/inicio\/wp-json\/wp\/v2\/product\/16464","targetHints":{"allow":["GET"]}}],"collection":[{"href":"https:\/\/www.multicasa.com.br\/inicio\/wp-json\/wp\/v2\/product"}],"about":[{"href":"https:\/\/www.multicasa.com.br\/inicio\/wp-json\/wp\/v2\/types\/product"}],"wp:featuredmedia":[{"embeddable":true,"href":"https:\/\/www.multicasa.com.br\/inicio\/wp-json\/wp\/v2\/media\/16510"}],"wp:attachment":[{"href":"https:\/\/www.multicasa.com.br\/inicio\/wp-json\/wp\/v2\/media?parent=16464"}],"wp:term":[{"taxonomy":"product_brand","embeddable":true,"href":"https:\/\/www.multicasa.com.br\/inicio\/wp-json\/wp\/v2\/product_brand?post=16464"},{"taxonomy":"product_cat","embeddable":true,"href":"https:\/\/www.multicasa.com.br\/inicio\/wp-json\/wp\/v2\/product_cat?post=16464"},{"taxonomy":"product_tag","embeddable":true,"href":"https:\/\/www.multicasa.com.br\/inicio\/wp-json\/wp\/v2\/product_tag?post=16464"}],"curies":[{"name":"wp","href":"https:\/\/api.w.org\/{rel}","templated":true}]}}