{"id":16491,"date":"2025-06-20T19:09:45","date_gmt":"2025-06-20T23:09:45","guid":{"rendered":"https:\/\/www.multicasa.com.br\/inicio\/?post_type=product&#038;p=16491"},"modified":"2025-06-20T19:10:24","modified_gmt":"2025-06-20T23:10:24","slug":"esponja-anti-risco-scotch-brite-3m","status":"publish","type":"product","link":"https:\/\/www.multicasa.com.br\/inicio\/produto\/esponja-anti-risco-scotch-brite-3m\/","title":{"rendered":"Esponja Anti Risco Scotch Brite 3M"},"content":{"rendered":"<p>Pensada para limpar utens\u00edlios e superf\u00edcies para acr\u00edlico, cristal, vidro, inox e antiaderentes, a Esponja Anti Risco Scotch Brite da 3M higieniza de forma suave sem danificar os seus objetos. Possui design que facilita seu manuseio, garantindo trabalho eficiente na remo\u00e7\u00e3o de res\u00edduos, mas sem arranhar ou riscar. Pode ser esterilizada em \u00e1gua fervente ou na m\u00e1quina de lavar lou\u00e7as.<\/p>\n","protected":false},"excerpt":{"rendered":"<h4 style=\"margin: 0px;padding: 0px 0px 16px;font-family: Lato, sans-serif;font-weight: bold;line-height: 3rem;color: var(--dark-grey3);font-size: 22px;font-style: normal;letter-spacing: normal;text-align: start;text-indent: 0px;text-transform: none\">Informa\u00e7\u00f5es t\u00e9cnicas<\/h4>\n<p><span style=\"margin: 0px;padding: 0px;font-weight: 450;font-size: 14px;line-height: 21px;color: var(--dark-grey2);font-family: Lato, sans-serif;font-style: normal;letter-spacing: normal;text-align: start;text-indent: 0px;text-transform: none\">Produto: Esponja Anti Risco<br \/>\nMarca: 3M<br \/>\nMaterial: Espuma<br \/>\nCor: Azul<br \/>\nCaracter\u00edsticas: Dupla face<br \/>\nPode ser higienizada em m\u00e1quina de lavar lou\u00e7a ou com \u00e1gua quente<br \/>\nEsponja n\u00e3o risca os utens\u00edlios<br \/>\nLimpeza suave<br \/>\nPossui formato diferenciado para melhorar a ergonomia<br \/>\nItens Inclusos: 1 Esponja anti risco<br \/>\nDimens\u00f5es do produto (A x L x P): 11 x 7,5 x 2,6cm<br \/>\n<\/span><\/p>\n","protected":false},"featured_media":16539,"template":"","meta":{"_joinchat":[]},"product_brand":[],"product_cat":[96],"product_tag":[],"class_list":{"0":"post-16491","1":"product","2":"type-product","3":"status-publish","4":"has-post-thumbnail","6":"product_cat-limpeza-e-cia","8":"first","9":"outofstock","10":"shipping-taxable","11":"product-type-simple"},"_links":{"self":[{"href":"https:\/\/www.multicasa.com.br\/inicio\/wp-json\/wp\/v2\/product\/16491","targetHints":{"allow":["GET"]}}],"collection":[{"href":"https:\/\/www.multicasa.com.br\/inicio\/wp-json\/wp\/v2\/product"}],"about":[{"href":"https:\/\/www.multicasa.com.br\/inicio\/wp-json\/wp\/v2\/types\/product"}],"wp:featuredmedia":[{"embeddable":true,"href":"https:\/\/www.multicasa.com.br\/inicio\/wp-json\/wp\/v2\/media\/16539"}],"wp:attachment":[{"href":"https:\/\/www.multicasa.com.br\/inicio\/wp-json\/wp\/v2\/media?parent=16491"}],"wp:term":[{"taxonomy":"product_brand","embeddable":true,"href":"https:\/\/www.multicasa.com.br\/inicio\/wp-json\/wp\/v2\/product_brand?post=16491"},{"taxonomy":"product_cat","embeddable":true,"href":"https:\/\/www.multicasa.com.br\/inicio\/wp-json\/wp\/v2\/product_cat?post=16491"},{"taxonomy":"product_tag","embeddable":true,"href":"https:\/\/www.multicasa.com.br\/inicio\/wp-json\/wp\/v2\/product_tag?post=16491"}],"curies":[{"name":"wp","href":"https:\/\/api.w.org\/{rel}","templated":true}]}}