{"id":16492,"date":"2025-06-20T19:09:45","date_gmt":"2025-06-20T23:09:45","guid":{"rendered":"https:\/\/www.multicasa.com.br\/inicio\/?post_type=product&#038;p=16492"},"modified":"2025-06-20T19:10:25","modified_gmt":"2025-06-20T23:10:25","slug":"tapete-para-box-oval-com-ventosa-antiderrapante-transparente-ou","status":"publish","type":"product","link":"https:\/\/www.multicasa.com.br\/inicio\/produto\/tapete-para-box-oval-com-ventosa-antiderrapante-transparente-ou\/","title":{"rendered":"Tapete para Box Oval com Ventosa Antiderrapante Transparente OU"},"content":{"rendered":"<p>O Tapete para Box Oval Antiderrapante OU possui fixa\u00e7\u00e3o por 14 ventosas e \u00e9 antiderrapante, perfeito para proporcionar beleza ao ambiente e proporcionar seguran\u00e7a na hora do banho. Produzido em PVC transparente, possui texturas em relevo que auxiliam no relaxamento, massageando seus p\u00e9s. Produto recicl\u00e1vel.<\/p>\n","protected":false},"excerpt":{"rendered":"<h4 style=\"margin: 0px;padding: 0px 0px 16px;font-family: Lato, sans-serif;font-weight: bold;line-height: 3rem;color: var(--dark-grey3);font-size: 22px;font-style: normal;letter-spacing: normal;text-align: start;text-indent: 0px;text-transform: none\">Informa\u00e7\u00f5es t\u00e9cnicas<\/h4>\n<p><span style=\"margin: 0px;padding: 0px;font-weight: 450;font-size: 14px;line-height: 21px;color: var(--dark-grey2);font-family: Lato, sans-serif;font-style: normal;letter-spacing: normal;text-align: start;text-indent: 0px;text-transform: none\">Produto: Tapete para box<br \/>\nMarca: OU<br \/>\nModelo: Box Hidro<br \/>\nMaterial: PVC<br \/>\nCor: sortidas<br \/>\nCaracter\u00edsticas: Fixa\u00e7\u00e3o por 14 ventosas<br \/>\nSistema de massageador para os p\u00e9s<br \/>\nParte superior com relevos<br \/>\nItens inclusos: 1 Tapete para box<br \/>\nDimens\u00f5es do produto (A X L X P): 0,2 x 54 x 42,5cm<br \/>\nPeso do produto: 550g<br \/>\n<\/span><\/p>\n","protected":false},"featured_media":16541,"template":"","meta":{"_joinchat":[]},"product_brand":[],"product_cat":[69],"product_tag":[],"class_list":{"0":"post-16492","1":"product","2":"type-product","3":"status-publish","4":"has-post-thumbnail","6":"product_cat-acessorios-para-banheiro","8":"first","9":"outofstock","10":"shipping-taxable","11":"product-type-simple"},"_links":{"self":[{"href":"https:\/\/www.multicasa.com.br\/inicio\/wp-json\/wp\/v2\/product\/16492","targetHints":{"allow":["GET"]}}],"collection":[{"href":"https:\/\/www.multicasa.com.br\/inicio\/wp-json\/wp\/v2\/product"}],"about":[{"href":"https:\/\/www.multicasa.com.br\/inicio\/wp-json\/wp\/v2\/types\/product"}],"wp:featuredmedia":[{"embeddable":true,"href":"https:\/\/www.multicasa.com.br\/inicio\/wp-json\/wp\/v2\/media\/16541"}],"wp:attachment":[{"href":"https:\/\/www.multicasa.com.br\/inicio\/wp-json\/wp\/v2\/media?parent=16492"}],"wp:term":[{"taxonomy":"product_brand","embeddable":true,"href":"https:\/\/www.multicasa.com.br\/inicio\/wp-json\/wp\/v2\/product_brand?post=16492"},{"taxonomy":"product_cat","embeddable":true,"href":"https:\/\/www.multicasa.com.br\/inicio\/wp-json\/wp\/v2\/product_cat?post=16492"},{"taxonomy":"product_tag","embeddable":true,"href":"https:\/\/www.multicasa.com.br\/inicio\/wp-json\/wp\/v2\/product_tag?post=16492"}],"curies":[{"name":"wp","href":"https:\/\/api.w.org\/{rel}","templated":true}]}}