{"id":16494,"date":"2025-06-20T19:09:46","date_gmt":"2025-06-20T23:09:46","guid":{"rendered":"https:\/\/www.multicasa.com.br\/inicio\/?post_type=product&#038;p=16494"},"modified":"2025-12-16T19:17:56","modified_gmt":"2025-12-16T23:17:56","slug":"olho-magico-latao-cromado-brasfort","status":"publish","type":"product","link":"https:\/\/www.multicasa.com.br\/inicio\/produto\/olho-magico-latao-cromado-brasfort\/","title":{"rendered":"Olho M\u00e1gico Lat\u00e3o Cromado Brasfort"},"content":{"rendered":"<p>O Olho M\u00e1gico Lat\u00e3o Cromado Brasfort possui corpo em lat\u00e3o com acabamento cromado e lente em policarbonato. Utilizado em portas de madeira, a\u00e7o, PVC, etc. \u00c2ngulo de 180\u00b0 para portas de 35 a 52mm de espessura.<\/p>\n","protected":false},"excerpt":{"rendered":"<h4 style=\"margin: 0px;padding: 0px 0px 16px;font-family: Lato, sans-serif;font-weight: bold;line-height: 3rem;color: var(--dark-grey3);font-size: 22px;font-style: normal;letter-spacing: normal;text-align: start;text-indent: 0px;text-transform: none\">Informa\u00e7\u00f5es t\u00e9cnicas<\/h4>\n<p><span style=\"margin: 0px;padding: 0px;font-weight: 450;font-size: 14px;line-height: 21px;color: var(--dark-grey2);font-family: Lato, sans-serif;font-style: normal;letter-spacing: normal;text-align: start;text-indent: 0px;text-transform: none\">Produto: Olho M\u00e1gico<br \/>\nMarca: Brasfort<br \/>\nMaterial: Lat\u00e3o e policarbonato<br \/>\nAcabamento: Cromado<br \/>\nCaracter\u00edsticas: Utilizado em portas de madeira, a\u00e7o, PVC de 35-52mm<br \/>\nItens inclusos: 1 Olho M\u00e1gico<br \/>\nDimens\u00f5es do produto (A x L x C): 11,5 x 3 x 7,5cm<br \/>\nPeso: 20g                                                                                                                                                                         Garantia: 1 ano<\/span><\/p>\n","protected":false},"featured_media":16543,"template":"","meta":{"_joinchat":[]},"product_brand":[],"product_cat":[141],"product_tag":[],"class_list":{"0":"post-16494","1":"product","2":"type-product","3":"status-publish","4":"has-post-thumbnail","6":"product_cat-marcenaria","8":"first","9":"outofstock","10":"shipping-taxable","11":"product-type-simple"},"_links":{"self":[{"href":"https:\/\/www.multicasa.com.br\/inicio\/wp-json\/wp\/v2\/product\/16494","targetHints":{"allow":["GET"]}}],"collection":[{"href":"https:\/\/www.multicasa.com.br\/inicio\/wp-json\/wp\/v2\/product"}],"about":[{"href":"https:\/\/www.multicasa.com.br\/inicio\/wp-json\/wp\/v2\/types\/product"}],"wp:featuredmedia":[{"embeddable":true,"href":"https:\/\/www.multicasa.com.br\/inicio\/wp-json\/wp\/v2\/media\/16543"}],"wp:attachment":[{"href":"https:\/\/www.multicasa.com.br\/inicio\/wp-json\/wp\/v2\/media?parent=16494"}],"wp:term":[{"taxonomy":"product_brand","embeddable":true,"href":"https:\/\/www.multicasa.com.br\/inicio\/wp-json\/wp\/v2\/product_brand?post=16494"},{"taxonomy":"product_cat","embeddable":true,"href":"https:\/\/www.multicasa.com.br\/inicio\/wp-json\/wp\/v2\/product_cat?post=16494"},{"taxonomy":"product_tag","embeddable":true,"href":"https:\/\/www.multicasa.com.br\/inicio\/wp-json\/wp\/v2\/product_tag?post=16494"}],"curies":[{"name":"wp","href":"https:\/\/api.w.org\/{rel}","templated":true}]}}