{"id":16519,"date":"2025-06-20T19:10:08","date_gmt":"2025-06-20T23:10:08","guid":{"rendered":"https:\/\/www.multicasa.com.br\/inicio\/?post_type=product&#038;p=16519"},"modified":"2025-06-20T19:10:52","modified_gmt":"2025-06-20T23:10:52","slug":"caixa-maleta-de-ferramentas-9gd-78-pecas-eda","status":"publish","type":"product","link":"https:\/\/www.multicasa.com.br\/inicio\/produto\/caixa-maleta-de-ferramentas-9gd-78-pecas-eda\/","title":{"rendered":"Caixa Maleta de Ferramentas 9GD 78 Pe\u00e7as Eda"},"content":{"rendered":"<p>Maleta de Ferramentas 9GD Eda com 78 pe\u00e7as. Tem seu uso indicado para manuten\u00e7\u00f5es e ajustes residenciais, em escrit\u00f3rios, camping, barcos, autom\u00f3veis e s\u00edtios. Para facilitar o transporte e armazenagem, a maleta de ferramentas \u00e9 dobr\u00e1vel e o kit \u00e9 composto pelas principais pe\u00e7as para os mais diversos tipos de servi\u00e7os, como chaves de Fenda, adaptadores e mais.<\/p>\n","protected":false},"excerpt":{"rendered":"<h4 style=\"margin: 0px;padding: 0px 0px 16px;font-family: Lato, sans-serif;font-weight: bold;line-height: 3rem;color: var(--dark-grey3);font-size: 22px;font-style: normal;letter-spacing: normal;text-align: start;text-indent: 0px;text-transform: none\">Informa\u00e7\u00f5es t\u00e9cnicas<\/h4>\n<p><span style=\"margin: 0px;padding: 0px;font-weight: 450;font-size: 14px;line-height: 21px;color: var(--dark-grey2);font-family: Lato, sans-serif;font-style: normal;letter-spacing: normal;text-align: start;text-indent: 0px;text-transform: none\">Produto: Kit Ferramentas<br \/>\nMarca: Eda<br \/>\nMaterial: A\u00e7o temperado<br \/>\nAcabamento: Cromado<br \/>\nPolido<br \/>\nCor: Cinza, amarelo e prata<br \/>\nCaracter\u00edsticas: Maleta dobr\u00e1vel<br \/>\nF\u00e1cil de carregar<br \/>\nQuantidade de pe\u00e7as: 78 pe\u00e7as<br \/>\nItens Inclusos: 1 Alicate Bico Meia &#8220;Cana 6&#8243;<br \/>\n1 Chave De Fenda 3\/16&#8243; x 4&#8243;<br \/>\n1 Chave philips Ponta 2 x 4&#8243;<br \/>\n1 Chave Ajust\u00e1vel 8&#8243;<br \/>\n1 martelo Unha Cabo Emborrachado<br \/>\n1 Catraca 3\/8&#8243;<br \/>\n1 Adaptador 3\/8&#8243; F x 1\/4&#8243; M<br \/>\n1 Extens\u00e3o Encaixe 3\/8&#8243; x 70mm<br \/>\n1 Chave De Vela Encaixe 3\/8&#8243; x 16mm<br \/>\n1 Cabo Para Encaixe De Bits<br \/>\n40 Bits Diversos &#8211; 25mm<br \/>\n9 Soquetes Encaixe 1\/4&#8243;<br \/>\n6 Soquetes Encaixe 3\/8&#8221;<br \/>\n12 Chaves Allen<br \/>\n1 Disco Rigido<br \/>\nDimens\u00f5es do Produto (A x L x P): 33 x 22 x 7cm<br \/>\n<\/span><\/p>\n","protected":false},"featured_media":16572,"template":"","meta":{"_joinchat":[]},"product_brand":[],"product_cat":[137],"product_tag":[],"class_list":{"0":"post-16519","1":"product","2":"type-product","3":"status-publish","4":"has-post-thumbnail","6":"product_cat-ferramentas-manuais","8":"first","9":"outofstock","10":"shipping-taxable","11":"product-type-simple"},"_links":{"self":[{"href":"https:\/\/www.multicasa.com.br\/inicio\/wp-json\/wp\/v2\/product\/16519","targetHints":{"allow":["GET"]}}],"collection":[{"href":"https:\/\/www.multicasa.com.br\/inicio\/wp-json\/wp\/v2\/product"}],"about":[{"href":"https:\/\/www.multicasa.com.br\/inicio\/wp-json\/wp\/v2\/types\/product"}],"wp:featuredmedia":[{"embeddable":true,"href":"https:\/\/www.multicasa.com.br\/inicio\/wp-json\/wp\/v2\/media\/16572"}],"wp:attachment":[{"href":"https:\/\/www.multicasa.com.br\/inicio\/wp-json\/wp\/v2\/media?parent=16519"}],"wp:term":[{"taxonomy":"product_brand","embeddable":true,"href":"https:\/\/www.multicasa.com.br\/inicio\/wp-json\/wp\/v2\/product_brand?post=16519"},{"taxonomy":"product_cat","embeddable":true,"href":"https:\/\/www.multicasa.com.br\/inicio\/wp-json\/wp\/v2\/product_cat?post=16519"},{"taxonomy":"product_tag","embeddable":true,"href":"https:\/\/www.multicasa.com.br\/inicio\/wp-json\/wp\/v2\/product_tag?post=16519"}],"curies":[{"name":"wp","href":"https:\/\/api.w.org\/{rel}","templated":true}]}}