{"id":16521,"date":"2025-06-20T19:10:08","date_gmt":"2025-06-20T23:10:08","guid":{"rendered":"https:\/\/www.multicasa.com.br\/inicio\/?post_type=product&#038;p=16521"},"modified":"2026-03-27T13:00:14","modified_gmt":"2026-03-27T17:00:14","slug":"cesto-de-lixo-de-plastico-branco-bralimpia-14l","status":"publish","type":"product","link":"https:\/\/www.multicasa.com.br\/inicio\/produto\/cesto-de-lixo-de-plastico-branco-bralimpia-14l\/","title":{"rendered":"Cesto de Lixo de Pl\u00e1stico Branco Bralimpia 14L"},"content":{"rendered":"<p>Use o Cesto de Lixo de Pl\u00e1stico Bralimpia para deixar ambientes internos como quarto ou escrit\u00f3rio ainda mais sofisticados. Dispon\u00edvel na cor branca, possui interior liso que facilita a limpeza e higieniza\u00e7\u00e3o. Com medidas de 30 x 24 cm e capacidade de 14 litros, vai dar um toque discreto de eleg\u00e2ncia para sua casa.<\/p>\n","protected":false},"excerpt":{"rendered":"<h4 style=\"margin: 0px;padding: 0px 0px 16px;font-family: Lato, sans-serif;font-weight: bold;line-height: 3rem;color: var(--dark-grey3);font-size: 22px;font-style: normal;letter-spacing: normal;text-align: start;text-indent: 0px;text-transform: none\">Informa\u00e7\u00f5es t\u00e9cnicas<\/h4>\n<p><span style=\"margin: 0px;padding: 0px;font-weight: 450;font-size: 14px;line-height: 21px;color: var(--dark-grey2);font-family: Lato, sans-serif;font-style: normal;letter-spacing: normal;text-align: start;text-indent: 0px;text-transform: none\">Produto: Cesto de Lixo<br \/>\nMarca: Bralimpia<br \/>\nMaterial: Pl\u00e1stico Polipropileno<br \/>\nCor: Branco<br \/>\nCapacidade: 14L<br \/>\nCaracter\u00edsticas: Sem tampa<br \/>\nInterior liso<br \/>\nItens Inclusos: 1 cesto de lixo<br \/>\nDimens\u00f5es do produto (A X L): 30 x 24cm<\/span><\/p>\n","protected":false},"featured_media":16586,"template":"","meta":{"_joinchat":[]},"product_brand":[],"product_cat":[99],"product_tag":[],"class_list":{"0":"post-16521","1":"product","2":"type-product","3":"status-publish","4":"has-post-thumbnail","6":"product_cat-lixeiras","8":"first","9":"instock","10":"shipping-taxable","11":"purchasable","12":"product-type-simple"},"_links":{"self":[{"href":"https:\/\/www.multicasa.com.br\/inicio\/wp-json\/wp\/v2\/product\/16521","targetHints":{"allow":["GET"]}}],"collection":[{"href":"https:\/\/www.multicasa.com.br\/inicio\/wp-json\/wp\/v2\/product"}],"about":[{"href":"https:\/\/www.multicasa.com.br\/inicio\/wp-json\/wp\/v2\/types\/product"}],"wp:featuredmedia":[{"embeddable":true,"href":"https:\/\/www.multicasa.com.br\/inicio\/wp-json\/wp\/v2\/media\/16586"}],"wp:attachment":[{"href":"https:\/\/www.multicasa.com.br\/inicio\/wp-json\/wp\/v2\/media?parent=16521"}],"wp:term":[{"taxonomy":"product_brand","embeddable":true,"href":"https:\/\/www.multicasa.com.br\/inicio\/wp-json\/wp\/v2\/product_brand?post=16521"},{"taxonomy":"product_cat","embeddable":true,"href":"https:\/\/www.multicasa.com.br\/inicio\/wp-json\/wp\/v2\/product_cat?post=16521"},{"taxonomy":"product_tag","embeddable":true,"href":"https:\/\/www.multicasa.com.br\/inicio\/wp-json\/wp\/v2\/product_tag?post=16521"}],"curies":[{"name":"wp","href":"https:\/\/api.w.org\/{rel}","templated":true}]}}