{"id":16522,"date":"2025-06-20T19:10:08","date_gmt":"2025-06-20T23:10:08","guid":{"rendered":"https:\/\/www.multicasa.com.br\/inicio\/?post_type=product&#038;p=16522"},"modified":"2025-06-20T19:11:01","modified_gmt":"2025-06-20T23:11:01","slug":"extrator-de-grampo-espatula-bacchi","status":"publish","type":"product","link":"https:\/\/www.multicasa.com.br\/inicio\/produto\/extrator-de-grampo-espatula-bacchi\/","title":{"rendered":"Extrator de Grampo Esp\u00e1tula Bacchi"},"content":{"rendered":"<p>Com o Extrator de Grampo Esp\u00e1tula Bacchi, voc\u00ea ter\u00e1 mais facilidade para sacar grampos de folhas grampeadas. \u00c9 Ergon\u00f4mico com ponta de metal fina, ideal para inser\u00e7\u00e3o f\u00e1cil sob o grampo.<\/p>\n","protected":false},"excerpt":{"rendered":"<h4 style=\"margin: 0px;padding: 0px 0px 16px;font-family: Lato, sans-serif;font-weight: bold;line-height: 3rem;color: var(--dark-grey3);font-size: 22px;font-style: normal;letter-spacing: normal;text-align: start;text-indent: 0px;text-transform: none\">Informa\u00e7\u00f5es t\u00e9cnicas<\/h4>\n<p><span style=\"margin: 0px;padding: 0px;font-weight: 450;font-size: 14px;line-height: 21px;color: var(--dark-grey2);font-family: Lato, sans-serif;font-style: normal;letter-spacing: normal;text-align: start;text-indent: 0px;text-transform: none\">Produto: Extrator de grampo<br \/>\nMarca: Bacchi<br \/>\nMaterial: Metal<br \/>\nCor: Prata<br \/>\nCaracter\u00edsticas: Ergon\u00f4mico<br \/>\nPonta fina<br \/>\nItens Inclusos: 1 Extrator de grampo<br \/>\n<\/span><\/p>\n","protected":false},"featured_media":16587,"template":"","meta":{"_joinchat":[]},"product_brand":[],"product_cat":[97],"product_tag":[],"class_list":{"0":"post-16522","1":"product","2":"type-product","3":"status-publish","4":"has-post-thumbnail","6":"product_cat-papelaria","8":"first","9":"outofstock","10":"shipping-taxable","11":"product-type-simple"},"_links":{"self":[{"href":"https:\/\/www.multicasa.com.br\/inicio\/wp-json\/wp\/v2\/product\/16522","targetHints":{"allow":["GET"]}}],"collection":[{"href":"https:\/\/www.multicasa.com.br\/inicio\/wp-json\/wp\/v2\/product"}],"about":[{"href":"https:\/\/www.multicasa.com.br\/inicio\/wp-json\/wp\/v2\/types\/product"}],"wp:featuredmedia":[{"embeddable":true,"href":"https:\/\/www.multicasa.com.br\/inicio\/wp-json\/wp\/v2\/media\/16587"}],"wp:attachment":[{"href":"https:\/\/www.multicasa.com.br\/inicio\/wp-json\/wp\/v2\/media?parent=16522"}],"wp:term":[{"taxonomy":"product_brand","embeddable":true,"href":"https:\/\/www.multicasa.com.br\/inicio\/wp-json\/wp\/v2\/product_brand?post=16522"},{"taxonomy":"product_cat","embeddable":true,"href":"https:\/\/www.multicasa.com.br\/inicio\/wp-json\/wp\/v2\/product_cat?post=16522"},{"taxonomy":"product_tag","embeddable":true,"href":"https:\/\/www.multicasa.com.br\/inicio\/wp-json\/wp\/v2\/product_tag?post=16522"}],"curies":[{"name":"wp","href":"https:\/\/api.w.org\/{rel}","templated":true}]}}