{"id":16550,"date":"2025-06-20T19:10:32","date_gmt":"2025-06-20T23:10:32","guid":{"rendered":"https:\/\/www.multicasa.com.br\/inicio\/?post_type=product&#038;p=16550"},"modified":"2025-11-19T13:34:22","modified_gmt":"2025-11-19T17:34:22","slug":"cabide-com-13-ganchos-cinquetti","status":"publish","type":"product","link":"https:\/\/www.multicasa.com.br\/inicio\/produto\/cabide-com-13-ganchos-cinquetti\/","title":{"rendered":"Cabide com 13 Ganchos Cinquetti"},"content":{"rendered":"<p>Praticidade e otimiza\u00e7\u00e3o de espa\u00e7o para o seu lar \u00e9 a fun\u00e7\u00e3o deste cabide com 13 ganchos da Cinquetti. Ideal para ser usado na organiza\u00e7\u00e3o de cintos, echarpes e at\u00e9 mesmo na \u00e1rea de servi\u00e7o da casa. Produzido em acr\u00edlico transparente, mede 22 x 35 cm e separa perfeitamente colares, pulseiras ou len\u00e7os.<\/p>\n","protected":false},"excerpt":{"rendered":"<h4 style=\"margin: 0px;padding: 0px 0px 16px;font-family: Lato, sans-serif;font-weight: bold;line-height: 3rem;color: var(--dark-grey3);font-size: 22px;font-style: normal;letter-spacing: normal;text-align: start;text-indent: 0px;text-transform: none\">Informa\u00e7\u00f5es t\u00e9cnicas<\/h4>\n<p><span style=\"margin: 0px;padding: 0px;font-weight: 450;font-size: 14px;line-height: 21px;color: var(--dark-grey2);font-family: Lato, sans-serif;font-style: normal;letter-spacing: normal;text-align: start;text-indent: 0px;text-transform: none\"><br \/>\nProduto: Cabide com Ganchos<br \/>\nMarca: Cinquetti<br \/>\nMaterial: Acr\u00edlico<br \/>\nCaracter\u00edsticas: Possui 13 gancho<br \/>\nTransparente<br \/>\nItens Inclusos: 1 Cabide com ganchos<br \/>\nDimens\u00f5es do produto (A x L x P): 22 x 35 x 0,8cm<br \/>\n<\/span><\/p>\n","protected":false},"featured_media":16618,"template":"","meta":{"_joinchat":[]},"product_brand":[],"product_cat":[95],"product_tag":[],"class_list":{"0":"post-16550","1":"product","2":"type-product","3":"status-publish","4":"has-post-thumbnail","6":"product_cat-lavanderia","8":"first","9":"instock","10":"shipping-taxable","11":"purchasable","12":"product-type-simple"},"_links":{"self":[{"href":"https:\/\/www.multicasa.com.br\/inicio\/wp-json\/wp\/v2\/product\/16550","targetHints":{"allow":["GET"]}}],"collection":[{"href":"https:\/\/www.multicasa.com.br\/inicio\/wp-json\/wp\/v2\/product"}],"about":[{"href":"https:\/\/www.multicasa.com.br\/inicio\/wp-json\/wp\/v2\/types\/product"}],"wp:featuredmedia":[{"embeddable":true,"href":"https:\/\/www.multicasa.com.br\/inicio\/wp-json\/wp\/v2\/media\/16618"}],"wp:attachment":[{"href":"https:\/\/www.multicasa.com.br\/inicio\/wp-json\/wp\/v2\/media?parent=16550"}],"wp:term":[{"taxonomy":"product_brand","embeddable":true,"href":"https:\/\/www.multicasa.com.br\/inicio\/wp-json\/wp\/v2\/product_brand?post=16550"},{"taxonomy":"product_cat","embeddable":true,"href":"https:\/\/www.multicasa.com.br\/inicio\/wp-json\/wp\/v2\/product_cat?post=16550"},{"taxonomy":"product_tag","embeddable":true,"href":"https:\/\/www.multicasa.com.br\/inicio\/wp-json\/wp\/v2\/product_tag?post=16550"}],"curies":[{"name":"wp","href":"https:\/\/api.w.org\/{rel}","templated":true}]}}