{"id":16551,"date":"2025-06-20T19:10:32","date_gmt":"2025-06-20T23:10:32","guid":{"rendered":"https:\/\/www.multicasa.com.br\/inicio\/?post_type=product&#038;p=16551"},"modified":"2025-08-16T16:16:14","modified_gmt":"2025-08-16T20:16:14","slug":"teclado-com-fio-usb-k120-preto-logitech","status":"publish","type":"product","link":"https:\/\/www.multicasa.com.br\/inicio\/produto\/teclado-com-fio-usb-k120-preto-logitech\/","title":{"rendered":"Teclado com Fio USB K120 Preto Logitech"},"content":{"rendered":"<p>Teclado com Fio USB K120 Preto Logitech, com teclas de perfil baixo e silenciosas, possui layout com teclas em tamanho normal, barra de espa\u00e7o curva e teclado num\u00e9rico. Tem um perfil fino que acrescenta um elegante aspecto e design resistente a derramamentos acidentais de l\u00edquidos de at\u00e9 60ml. Os suportes s\u00e3o inclin\u00e1veis, robustos e ajust\u00e1veis. Possui conex\u00e3o usb plug-and-play e \u00e9 compat\u00edvel com sistemas windows, mac os e linux.<\/p>\n","protected":false},"excerpt":{"rendered":"<h4 style=\"margin: 0px;padding: 0px 0px 16px;font-family: Lato, sans-serif;font-weight: bold;line-height: 3rem;color: var(--dark-grey3);font-size: 22px;font-style: normal;letter-spacing: normal;text-align: start;text-indent: 0px;text-transform: none\">Informa\u00e7\u00f5es t\u00e9cnicas<\/h4>\n<p><span style=\"margin: 0px;padding: 0px;font-weight: 450;font-size: 14px;line-height: 21px;color: var(--dark-grey2);font-family: Lato, sans-serif;font-style: normal;letter-spacing: normal;text-align: start;text-indent: 0px;text-transform: none\"><br \/>\nProduto: Teclado com fio<br \/>\nMarca: Logitech<br \/>\nModelo: K120<br \/>\nMaterial: Pl\u00e1stico<br \/>\nCor: Preto<br \/>\nCaracter\u00edsticas: Porta Usb<br \/>\nDigita\u00e7\u00e3o silenciosa e confort\u00e1vel<br \/>\nSuportes inclin\u00e1veis, robustos e ajust\u00e1veis<br \/>\nPlug &amp; play<br \/>\nBarra de espa\u00e7o curva<br \/>\nResistente a derramamentos*<br \/>\n*Testado em condi\u00e7\u00f5es limitadas, m\u00e1ximo derramamento de l\u00edquido de 60ml, n\u00e3o mergulhe o teclado em l\u00edquido<br \/>\nCompat\u00edvel com Windows Ou MAC OS<br \/>\nItens Inclusos: 1 Teclado com fio<br \/>\nDimens\u00f5es do produto (A X L X P): 2,8 x 18 x 47cm<\/span><\/p>\n","protected":false},"featured_media":16620,"template":"","meta":{"_joinchat":[]},"product_brand":[],"product_cat":[130],"product_tag":[],"class_list":{"0":"post-16551","1":"product","2":"type-product","3":"status-publish","4":"has-post-thumbnail","6":"product_cat-informatica","8":"first","9":"outofstock","10":"shipping-taxable","11":"product-type-simple"},"_links":{"self":[{"href":"https:\/\/www.multicasa.com.br\/inicio\/wp-json\/wp\/v2\/product\/16551","targetHints":{"allow":["GET"]}}],"collection":[{"href":"https:\/\/www.multicasa.com.br\/inicio\/wp-json\/wp\/v2\/product"}],"about":[{"href":"https:\/\/www.multicasa.com.br\/inicio\/wp-json\/wp\/v2\/types\/product"}],"wp:featuredmedia":[{"embeddable":true,"href":"https:\/\/www.multicasa.com.br\/inicio\/wp-json\/wp\/v2\/media\/16620"}],"wp:attachment":[{"href":"https:\/\/www.multicasa.com.br\/inicio\/wp-json\/wp\/v2\/media?parent=16551"}],"wp:term":[{"taxonomy":"product_brand","embeddable":true,"href":"https:\/\/www.multicasa.com.br\/inicio\/wp-json\/wp\/v2\/product_brand?post=16551"},{"taxonomy":"product_cat","embeddable":true,"href":"https:\/\/www.multicasa.com.br\/inicio\/wp-json\/wp\/v2\/product_cat?post=16551"},{"taxonomy":"product_tag","embeddable":true,"href":"https:\/\/www.multicasa.com.br\/inicio\/wp-json\/wp\/v2\/product_tag?post=16551"}],"curies":[{"name":"wp","href":"https:\/\/api.w.org\/{rel}","templated":true}]}}