{"id":16552,"date":"2025-06-20T19:10:32","date_gmt":"2025-06-20T23:10:32","guid":{"rendered":"https:\/\/www.multicasa.com.br\/inicio\/?post_type=product&#038;p=16552"},"modified":"2025-06-20T19:11:32","modified_gmt":"2025-06-20T23:11:32","slug":"lampada-incandescente-amarela-key-west-5w-127v","status":"publish","type":"product","link":"https:\/\/www.multicasa.com.br\/inicio\/produto\/lampada-incandescente-amarela-key-west-5w-127v\/","title":{"rendered":"L\u00e2mpada Incandescente Amarela Key West 5W &#8211; 127V"},"content":{"rendered":"<p>Ilumine e decore ambientes com a l\u00e2mpada incandescente amarela da Key West. Com ilumina\u00e7\u00e3o de qualidade, pode ser usada em qualquer c\u00f4modo que voc\u00ea desejar. Possui 5w de pot\u00eancia, 127v, \u00e2ngulo de abertura de 360\u00ba e temperatura da cor em 3000k. \u00c9 compat\u00edvel com soquete E12. <\/p>\n","protected":false},"excerpt":{"rendered":"<h4 style=\"margin: 0px;padding: 0px 0px 16px;font-family: Lato, sans-serif;font-weight: bold;line-height: 3rem;color: var(--dark-grey3);font-size: 22px;font-style: normal;letter-spacing: normal;text-align: start;text-indent: 0px;text-transform: none\">Informa\u00e7\u00f5es t\u00e9cnicas<\/h4>\n<p><span style=\"margin: 0px;padding: 0px;font-weight: 450;font-size: 14px;line-height: 21px;color: var(--dark-grey2);font-family: Lato, sans-serif;font-style: normal;letter-spacing: normal;text-align: start;text-indent: 0px;text-transform: none\">Produto: L\u00e2mpada<br \/>\nMarca: Key West<br \/>\nMaterial: Halogena<br \/>\nCor: Incolor<br \/>\nCor da Luz: Amarelo<br \/>\nPot\u00eancia: 5w<br \/>\nTens\u00e3o El\u00e9trica: 127v<br \/>\nFrequ\u00eancia: 50\/60HZ<br \/>\nTemperatura de cor: 3000K<br \/>\nCaracter\u00edsticas: Soquete E12<br \/>\nEquival\u00eancia 25w<br \/>\nIncandescente<br \/>\n\u00c2ngulo de abertura 360\u00b0<br \/>\n\u00cdndice 1000 prote\u00e7\u00e3o 20<br \/>\nVida \u00fatil 2000H<br \/>\nIRC 80<br \/>\nCertificada pelo Inmetro<br \/>\nItens Inclusos: 1 L\u00e2mpada<br \/>\nDimens\u00f5es do produto (A X L): 11,5 x 6cm<br \/>\n<\/span><\/p>\n","protected":false},"featured_media":16622,"template":"","meta":{"_joinchat":[]},"product_brand":[],"product_cat":[80],"product_tag":[],"class_list":{"0":"post-16552","1":"product","2":"type-product","3":"status-publish","4":"has-post-thumbnail","6":"product_cat-lampadas","8":"first","9":"outofstock","10":"shipping-taxable","11":"product-type-simple"},"_links":{"self":[{"href":"https:\/\/www.multicasa.com.br\/inicio\/wp-json\/wp\/v2\/product\/16552","targetHints":{"allow":["GET"]}}],"collection":[{"href":"https:\/\/www.multicasa.com.br\/inicio\/wp-json\/wp\/v2\/product"}],"about":[{"href":"https:\/\/www.multicasa.com.br\/inicio\/wp-json\/wp\/v2\/types\/product"}],"wp:featuredmedia":[{"embeddable":true,"href":"https:\/\/www.multicasa.com.br\/inicio\/wp-json\/wp\/v2\/media\/16622"}],"wp:attachment":[{"href":"https:\/\/www.multicasa.com.br\/inicio\/wp-json\/wp\/v2\/media?parent=16552"}],"wp:term":[{"taxonomy":"product_brand","embeddable":true,"href":"https:\/\/www.multicasa.com.br\/inicio\/wp-json\/wp\/v2\/product_brand?post=16552"},{"taxonomy":"product_cat","embeddable":true,"href":"https:\/\/www.multicasa.com.br\/inicio\/wp-json\/wp\/v2\/product_cat?post=16552"},{"taxonomy":"product_tag","embeddable":true,"href":"https:\/\/www.multicasa.com.br\/inicio\/wp-json\/wp\/v2\/product_tag?post=16552"}],"curies":[{"name":"wp","href":"https:\/\/api.w.org\/{rel}","templated":true}]}}