{"id":16554,"date":"2025-06-20T19:10:32","date_gmt":"2025-06-20T23:10:32","guid":{"rendered":"https:\/\/www.multicasa.com.br\/inicio\/?post_type=product&#038;p=16554"},"modified":"2025-06-20T19:11:35","modified_gmt":"2025-06-20T23:11:35","slug":"caixa-organizadora-de-plastico-com-8-divisorias-sao-bernardo","status":"publish","type":"product","link":"https:\/\/www.multicasa.com.br\/inicio\/produto\/caixa-organizadora-de-plastico-com-8-divisorias-sao-bernardo\/","title":{"rendered":"Caixa Organizadora de Pl\u00e1stico com 8 divis\u00f3rias S\u00e3o Bernardo"},"content":{"rendered":"<p>A Caixa Organizadora com 8 divis\u00f3rias da S\u00e3o Bernardo \u00e9 ideal para voc\u00ea armazenar e transportar acess\u00f3rios como brincos, pulseiras, an\u00e9is ou ainda deixar porcas, parafusos e pregos sempre organizados para quando precisar usar. Feita de pl\u00e1stico, possui travas que evitam que sua caixa organizadora se abra e os objetos se percam. Mede 19, 5 x 16, 7 x 4, 5. F\u00e1cil de carregar em mochilas, malas e bolsas.<\/p>\n","protected":false},"excerpt":{"rendered":"<h4 style=\"margin: 0px;padding: 0px 0px 16px;font-family: Lato, sans-serif;font-weight: bold;line-height: 3rem;color: var(--dark-grey3);font-size: 22px;font-style: normal;letter-spacing: normal;text-align: start;text-indent: 0px;text-transform: none\">Informa\u00e7\u00f5es t\u00e9cnicas<\/h4>\n<p><span style=\"margin: 0px;padding: 0px;font-weight: 450;font-size: 14px;line-height: 21px;color: var(--dark-grey2);font-family: Lato, sans-serif;font-style: normal;letter-spacing: normal;text-align: start;text-indent: 0px;text-transform: none\">Produto: Caixa Organizadora<br \/>\nMarca: S\u00e3o Bernardo<br \/>\nMaterial: Pl\u00e1stico<br \/>\nCaracter\u00edsticas: Possui 8 divis\u00f3rias;<br \/>\nPossui fechamento com travas.<br \/>\nItens Inclusos: 1 Caixa organizadora<br \/>\nDimens\u00f5es do produto (A x L x P): 4,5 x 16,7 x 19,5cm<br \/>\n<\/span><\/p>\n","protected":false},"featured_media":16624,"template":"","meta":{"_joinchat":[]},"product_brand":[],"product_cat":[98],"product_tag":[],"class_list":{"0":"post-16554","1":"product","2":"type-product","3":"status-publish","4":"has-post-thumbnail","6":"product_cat-organizadores","8":"first","9":"outofstock","10":"shipping-taxable","11":"product-type-simple"},"_links":{"self":[{"href":"https:\/\/www.multicasa.com.br\/inicio\/wp-json\/wp\/v2\/product\/16554","targetHints":{"allow":["GET"]}}],"collection":[{"href":"https:\/\/www.multicasa.com.br\/inicio\/wp-json\/wp\/v2\/product"}],"about":[{"href":"https:\/\/www.multicasa.com.br\/inicio\/wp-json\/wp\/v2\/types\/product"}],"wp:featuredmedia":[{"embeddable":true,"href":"https:\/\/www.multicasa.com.br\/inicio\/wp-json\/wp\/v2\/media\/16624"}],"wp:attachment":[{"href":"https:\/\/www.multicasa.com.br\/inicio\/wp-json\/wp\/v2\/media?parent=16554"}],"wp:term":[{"taxonomy":"product_brand","embeddable":true,"href":"https:\/\/www.multicasa.com.br\/inicio\/wp-json\/wp\/v2\/product_brand?post=16554"},{"taxonomy":"product_cat","embeddable":true,"href":"https:\/\/www.multicasa.com.br\/inicio\/wp-json\/wp\/v2\/product_cat?post=16554"},{"taxonomy":"product_tag","embeddable":true,"href":"https:\/\/www.multicasa.com.br\/inicio\/wp-json\/wp\/v2\/product_tag?post=16554"}],"curies":[{"name":"wp","href":"https:\/\/api.w.org\/{rel}","templated":true}]}}