{"id":16555,"date":"2025-06-20T19:10:32","date_gmt":"2025-06-20T23:10:32","guid":{"rendered":"https:\/\/www.multicasa.com.br\/inicio\/?post_type=product&#038;p=16555"},"modified":"2025-06-20T19:11:37","modified_gmt":"2025-06-20T23:11:37","slug":"kit-costura-10-cores-sempreviva-10-pecas","status":"publish","type":"product","link":"https:\/\/www.multicasa.com.br\/inicio\/produto\/kit-costura-10-cores-sempreviva-10-pecas\/","title":{"rendered":"Kit Costura 10 Cores Sempreviva 10 Pe\u00e7as"},"content":{"rendered":"<p>O Kit Costura 10 Cores Sempreviva possui 10 retroses de linha fio 120 com 25 metros cada uma. Produzidas em poli\u00e9ster. S\u00e3o resistentes ao ferro de passar. O kit perfeito para ter sempre em m\u00e3os.<\/p>\n","protected":false},"excerpt":{"rendered":"<h4 style=\"margin: 0px;padding: 0px 0px 16px;font-family: Lato, sans-serif;font-weight: bold;line-height: 3rem;color: var(--dark-grey3);font-size: 22px;font-style: normal;letter-spacing: normal;text-align: start;text-indent: 0px;text-transform: none\">Informa\u00e7\u00f5es t\u00e9cnicas<\/h4>\n<p><span style=\"margin: 0px;padding: 0px;font-weight: 450;font-size: 14px;line-height: 21px;color: var(--dark-grey2);font-family: Lato, sans-serif;font-style: normal;letter-spacing: normal;text-align: start;text-indent: 0px;text-transform: none\">Produto: Kit de Costura<br \/>\nMarca: SempreViva<br \/>\nMaterial: Poli\u00e9ster<br \/>\nCor: Colorido<br \/>\nCaracter\u00edsticas: Linha 120<br \/>\n10 cores<br \/>\n25 metros<br \/>\nQuantidade de pe\u00e7as: 10<br \/>\nItens Inclusos: 10 retroses<br \/>\nDimens\u00f5es do produto (A x L): 14,5 x 5,5cm<br \/>\n<\/span><\/p>\n","protected":false},"featured_media":16625,"template":"","meta":{"_joinchat":[]},"product_brand":[],"product_cat":[95],"product_tag":[],"class_list":{"0":"post-16555","1":"product","2":"type-product","3":"status-publish","4":"has-post-thumbnail","6":"product_cat-lavanderia","8":"first","9":"outofstock","10":"shipping-taxable","11":"product-type-simple"},"_links":{"self":[{"href":"https:\/\/www.multicasa.com.br\/inicio\/wp-json\/wp\/v2\/product\/16555","targetHints":{"allow":["GET"]}}],"collection":[{"href":"https:\/\/www.multicasa.com.br\/inicio\/wp-json\/wp\/v2\/product"}],"about":[{"href":"https:\/\/www.multicasa.com.br\/inicio\/wp-json\/wp\/v2\/types\/product"}],"wp:featuredmedia":[{"embeddable":true,"href":"https:\/\/www.multicasa.com.br\/inicio\/wp-json\/wp\/v2\/media\/16625"}],"wp:attachment":[{"href":"https:\/\/www.multicasa.com.br\/inicio\/wp-json\/wp\/v2\/media?parent=16555"}],"wp:term":[{"taxonomy":"product_brand","embeddable":true,"href":"https:\/\/www.multicasa.com.br\/inicio\/wp-json\/wp\/v2\/product_brand?post=16555"},{"taxonomy":"product_cat","embeddable":true,"href":"https:\/\/www.multicasa.com.br\/inicio\/wp-json\/wp\/v2\/product_cat?post=16555"},{"taxonomy":"product_tag","embeddable":true,"href":"https:\/\/www.multicasa.com.br\/inicio\/wp-json\/wp\/v2\/product_tag?post=16555"}],"curies":[{"name":"wp","href":"https:\/\/api.w.org\/{rel}","templated":true}]}}