{"id":16556,"date":"2025-06-20T19:10:33","date_gmt":"2025-06-20T23:10:33","guid":{"rendered":"https:\/\/www.multicasa.com.br\/inicio\/?post_type=product&#038;p=16556"},"modified":"2026-03-30T13:30:18","modified_gmt":"2026-03-30T17:30:18","slug":"kit-costura-9-cores-sempreviva-40-pecas","status":"publish","type":"product","link":"https:\/\/www.multicasa.com.br\/inicio\/produto\/kit-costura-9-cores-sempreviva-40-pecas\/","title":{"rendered":"Kit Costura 9 Cores Sempreviva 40 Pe\u00e7as"},"content":{"rendered":"<p>O Kit Costura Sempreviva \u00e9 ideal para fazer pequenos consertos de roupas em geral. Possui 40 pe\u00e7as: 9 tubos de linha com 25 m cada, 1 pe\u00e7a de el\u00e1stico branco de 7 mm de espessura e 40 cm de comprimento, 3 bot\u00f5es, 1 alfinete de seguran\u00e7a, 2 agulhas para costura manual e 24 alfinetes de cabe\u00e7a n\u00ba 28. Possui um copo de acr\u00edlico para armazenar os itens.<\/p>\n","protected":false},"excerpt":{"rendered":"<h4 style=\"margin: 0px;padding: 0px 0px 16px;font-family: Lato, sans-serif;font-weight: bold;line-height: 3rem;color: var(--dark-grey3);font-size: 22px;font-style: normal;letter-spacing: normal;text-align: start;text-indent: 0px;text-transform: none\">Informa\u00e7\u00f5es t\u00e9cnicas<\/h4>\n<p><span style=\"margin: 0px;padding: 0px;font-weight: 450;font-size: 14px;line-height: 21px;color: var(--dark-grey2);font-family: Lato, sans-serif;font-style: normal;letter-spacing: normal;text-align: start;text-indent: 0px;text-transform: none\">Produto: Kit de Costura<br \/>\nMarca: SempreViva<br \/>\nMaterial: Poli\u00e9ster<br \/>\nPl\u00e1stico<br \/>\nAcr\u00edlico<br \/>\nCor: Colorido<br \/>\nCaracter\u00edsticas: embalado em 1 pote com tampa<br \/>\nQuantidade de pe\u00e7as: 40<br \/>\nItens Inclusos: 9 tubos de linha de 25m<br \/>\n1 pe\u00e7a de el\u00e1stico com 40cm<br \/>\n3 bot\u00f5es<br \/>\n1 alfinete de seguran\u00e7a<br \/>\n2 agulhas de costura manual<br \/>\n24 alfinetes cabe\u00e7a n\u00b0 28<br \/>\nDimens\u00f5es do produto (A x L): 7,5 x 7,5cm<br \/>\n<\/span><\/p>\n","protected":false},"featured_media":16627,"template":"","meta":{"_joinchat":[]},"product_brand":[],"product_cat":[95],"product_tag":[],"class_list":{"0":"post-16556","1":"product","2":"type-product","3":"status-publish","4":"has-post-thumbnail","6":"product_cat-lavanderia","8":"first","9":"instock","10":"shipping-taxable","11":"purchasable","12":"product-type-simple"},"_links":{"self":[{"href":"https:\/\/www.multicasa.com.br\/inicio\/wp-json\/wp\/v2\/product\/16556","targetHints":{"allow":["GET"]}}],"collection":[{"href":"https:\/\/www.multicasa.com.br\/inicio\/wp-json\/wp\/v2\/product"}],"about":[{"href":"https:\/\/www.multicasa.com.br\/inicio\/wp-json\/wp\/v2\/types\/product"}],"wp:featuredmedia":[{"embeddable":true,"href":"https:\/\/www.multicasa.com.br\/inicio\/wp-json\/wp\/v2\/media\/16627"}],"wp:attachment":[{"href":"https:\/\/www.multicasa.com.br\/inicio\/wp-json\/wp\/v2\/media?parent=16556"}],"wp:term":[{"taxonomy":"product_brand","embeddable":true,"href":"https:\/\/www.multicasa.com.br\/inicio\/wp-json\/wp\/v2\/product_brand?post=16556"},{"taxonomy":"product_cat","embeddable":true,"href":"https:\/\/www.multicasa.com.br\/inicio\/wp-json\/wp\/v2\/product_cat?post=16556"},{"taxonomy":"product_tag","embeddable":true,"href":"https:\/\/www.multicasa.com.br\/inicio\/wp-json\/wp\/v2\/product_tag?post=16556"}],"curies":[{"name":"wp","href":"https:\/\/api.w.org\/{rel}","templated":true}]}}