{"id":16579,"date":"2025-06-20T19:10:55","date_gmt":"2025-06-20T23:10:55","guid":{"rendered":"https:\/\/www.multicasa.com.br\/inicio\/?post_type=product&#038;p=16579"},"modified":"2025-06-20T19:11:53","modified_gmt":"2025-06-20T23:11:53","slug":"ventosa-tampao-de-mesa-15mm-talentos-12-pecas","status":"publish","type":"product","link":"https:\/\/www.multicasa.com.br\/inicio\/produto\/ventosa-tampao-de-mesa-15mm-talentos-12-pecas\/","title":{"rendered":"Ventosa Tamp\u00e3o de Mesa 15mm Talentos 12 Pe\u00e7as"},"content":{"rendered":"<p>A Ventosa Tamp\u00e3o de Mesa Talentos \u00e9 ideal para a fixa\u00e7\u00e3o de apoios de mesa de vidro, artesanatos, bichinhos de pel\u00facia, enfeites, materiais de propagandas, placas de sinaliza\u00e7\u00e3o, entre outros. Produzidas em PVC transparente, o pacote conta com 12 unidades com di\u00e2metro de 15 mm cada.<\/p>\n","protected":false},"excerpt":{"rendered":"<h4 style=\"margin: 0px;padding: 0px 0px 16px;font-family: Lato, sans-serif;font-weight: bold;line-height: 3rem;color: var(--dark-grey3);font-size: 22px;font-style: normal;letter-spacing: normal;text-align: start;text-indent: 0px;text-transform: none\">Informa\u00e7\u00f5es t\u00e9cnicas<\/h4>\n<p><span style=\"margin: 0px;padding: 0px;font-weight: 450;font-size: 14px;line-height: 21px;color: var(--dark-grey2);font-family: Lato, sans-serif;font-style: normal;letter-spacing: normal;text-align: start;text-indent: 0px;text-transform: none\">Produto: Ventosas Tamp\u00e3o mesa<br \/>\nMarca: Talentos<br \/>\nMaterial: PVC<br \/>\nCaracter\u00edsticas: Transparente<br \/>\nItens inclusos: 12 ventosas<br \/>\nDi\u00e2metro do produto: 15mm<br \/>\n<\/span><\/p>\n","protected":false},"featured_media":16648,"template":"","meta":{"_joinchat":[]},"product_brand":[],"product_cat":[141],"product_tag":[],"class_list":{"0":"post-16579","1":"product","2":"type-product","3":"status-publish","4":"has-post-thumbnail","6":"product_cat-marcenaria","8":"first","9":"outofstock","10":"shipping-taxable","11":"product-type-simple"},"_links":{"self":[{"href":"https:\/\/www.multicasa.com.br\/inicio\/wp-json\/wp\/v2\/product\/16579","targetHints":{"allow":["GET"]}}],"collection":[{"href":"https:\/\/www.multicasa.com.br\/inicio\/wp-json\/wp\/v2\/product"}],"about":[{"href":"https:\/\/www.multicasa.com.br\/inicio\/wp-json\/wp\/v2\/types\/product"}],"wp:featuredmedia":[{"embeddable":true,"href":"https:\/\/www.multicasa.com.br\/inicio\/wp-json\/wp\/v2\/media\/16648"}],"wp:attachment":[{"href":"https:\/\/www.multicasa.com.br\/inicio\/wp-json\/wp\/v2\/media?parent=16579"}],"wp:term":[{"taxonomy":"product_brand","embeddable":true,"href":"https:\/\/www.multicasa.com.br\/inicio\/wp-json\/wp\/v2\/product_brand?post=16579"},{"taxonomy":"product_cat","embeddable":true,"href":"https:\/\/www.multicasa.com.br\/inicio\/wp-json\/wp\/v2\/product_cat?post=16579"},{"taxonomy":"product_tag","embeddable":true,"href":"https:\/\/www.multicasa.com.br\/inicio\/wp-json\/wp\/v2\/product_tag?post=16579"}],"curies":[{"name":"wp","href":"https:\/\/api.w.org\/{rel}","templated":true}]}}