{"id":16581,"date":"2025-06-20T19:10:56","date_gmt":"2025-06-20T23:10:56","guid":{"rendered":"https:\/\/www.multicasa.com.br\/inicio\/?post_type=product&#038;p=16581"},"modified":"2026-03-25T08:32:09","modified_gmt":"2026-03-25T12:32:09","slug":"tinta-para-rejunte-branca-zapt-cores-fortaleza-200ml","status":"publish","type":"product","link":"https:\/\/www.multicasa.com.br\/inicio\/produto\/tinta-para-rejunte-branca-zapt-cores-fortaleza-200ml\/","title":{"rendered":"Tinta para Rejunte Branca Zapt Cores Fortaleza 200ml"},"content":{"rendered":"<p>A Tinta para Rejunte Branca Zapt Cores Fortaleza \u00e9 um \u00f3timo produto para renovar o rejunte de pisos e azulejos, apresentando um aspecto visualmente agrad\u00e1vel e de acabamento dur\u00e1vel. O produto troca ou renova rejuntes gastos ou manchados, dando nova cor e apar\u00eancia ao ambiente. Voc\u00ea pode us\u00e1-lo em cores pr\u00f3ximas as do rejuntamento antigo ou modificar totalmente, trocando por uma cor diferente e dando vida nova ao rejunte.<br \/>\nProduto na cor branca com tempo de secagem de 1h. Tem rendimento de 20m\u00b2 a 25m\u00b2 (varia de acordo com a espessura das juntas). Indicado para ambientes como: banheiros, cozinhas, lavanderias, piscinas, saunas e garagens<\/p>\n","protected":false},"excerpt":{"rendered":"<h4 style=\"margin: 0px;padding: 0px 0px 16px;font-family: Lato, sans-serif;font-weight: bold;line-height: 3rem;color: var(--dark-grey3);font-size: 22px;font-style: normal;letter-spacing: normal;text-align: start;text-indent: 0px;text-transform: none\">Informa\u00e7\u00f5es t\u00e9cnicas<\/h4>\n<p><span style=\"margin: 0px;padding: 0px;font-weight: 450;font-size: 14px;line-height: 21px;color: var(--dark-grey2);font-family: Lato, sans-serif;font-style: normal;letter-spacing: normal;text-align: start;text-indent: 0px;text-transform: none\">Produto: Tinta para Rejunte<br \/>\nMarca: Zapt<br \/>\nCor: Branco<br \/>\nUso indicado: Rejunte de pisos e azulejos<br \/>\nConte\u00fado: 200ml<br \/>\nCaracter\u00edsticas: Tempo de secagem 1H<br \/>\nRendimento de 20m\u00b2 a 25m\u00b2 (varia de acordo com a espessura das juntas)<br \/>\nRenova e d\u00e1 cor<br \/>\nItens Inclusos: 1 Tinta para Rejunte<br \/>\n<\/span><\/p>\n","protected":false},"featured_media":16650,"template":"","meta":{"_joinchat":[]},"product_brand":[],"product_cat":[143],"product_tag":[],"class_list":{"0":"post-16581","1":"product","2":"type-product","3":"status-publish","4":"has-post-thumbnail","6":"product_cat-tintas-e-cia","8":"first","9":"instock","10":"shipping-taxable","11":"purchasable","12":"product-type-simple"},"_links":{"self":[{"href":"https:\/\/www.multicasa.com.br\/inicio\/wp-json\/wp\/v2\/product\/16581","targetHints":{"allow":["GET"]}}],"collection":[{"href":"https:\/\/www.multicasa.com.br\/inicio\/wp-json\/wp\/v2\/product"}],"about":[{"href":"https:\/\/www.multicasa.com.br\/inicio\/wp-json\/wp\/v2\/types\/product"}],"wp:featuredmedia":[{"embeddable":true,"href":"https:\/\/www.multicasa.com.br\/inicio\/wp-json\/wp\/v2\/media\/16650"}],"wp:attachment":[{"href":"https:\/\/www.multicasa.com.br\/inicio\/wp-json\/wp\/v2\/media?parent=16581"}],"wp:term":[{"taxonomy":"product_brand","embeddable":true,"href":"https:\/\/www.multicasa.com.br\/inicio\/wp-json\/wp\/v2\/product_brand?post=16581"},{"taxonomy":"product_cat","embeddable":true,"href":"https:\/\/www.multicasa.com.br\/inicio\/wp-json\/wp\/v2\/product_cat?post=16581"},{"taxonomy":"product_tag","embeddable":true,"href":"https:\/\/www.multicasa.com.br\/inicio\/wp-json\/wp\/v2\/product_tag?post=16581"}],"curies":[{"name":"wp","href":"https:\/\/api.w.org\/{rel}","templated":true}]}}