{"id":16584,"date":"2025-06-20T19:10:56","date_gmt":"2025-06-20T23:10:56","guid":{"rendered":"https:\/\/www.multicasa.com.br\/inicio\/?post_type=product&#038;p=16584"},"modified":"2025-08-18T00:05:14","modified_gmt":"2025-08-18T04:05:14","slug":"protetor-de-quina-adesivado-transparente-talentos-4-pecas","status":"publish","type":"product","link":"https:\/\/www.multicasa.com.br\/inicio\/produto\/protetor-de-quina-adesivado-transparente-talentos-4-pecas\/","title":{"rendered":"Protetor de Quina Adesivado Transparente Talentos 4 Pe\u00e7as"},"content":{"rendered":"<p>O Protetor de Quina Adesivado Talentos evita que crian\u00e7as e adultos se machuquem nas quinas e cantos de mesas, prateleiras, balc\u00f5es e etc. S\u00e3o 4 unidades, produzidas em PVC macio e resistente aos impactos, possuem linhas arredondadas e sem arestas, gerando maior prote\u00e7\u00e3o, facilitando a limpeza e dificultando a retirada n\u00e3o intencional. Fixado por pel\u00edcula adesiva em um tom transl\u00facido.<\/p>\n","protected":false},"excerpt":{"rendered":"<h4 style=\"margin: 0px;padding: 0px 0px 16px;font-family: Lato, sans-serif;font-weight: bold;line-height: 3rem;color: var(--dark-grey3);font-size: 22px;font-style: normal;letter-spacing: normal;text-align: start;text-indent: 0px;text-transform: none\">Informa\u00e7\u00f5es t\u00e9cnicas<\/h4>\n<p><span style=\"margin: 0px;padding: 0px;font-weight: 450;font-size: 14px;line-height: 21px;color: var(--dark-grey2);font-family: Lato, sans-serif;font-style: normal;letter-spacing: normal;text-align: start;text-indent: 0px;text-transform: none\">Produto: Protetor de quinas<br \/>\nMarca: Talentos<br \/>\nMaterial: PVC<br \/>\nCor: Incolor<br \/>\nCaracter\u00edsticas: Protege quinas de mesas ou prateleiras de vidro<br \/>\nAltura \u00fatil de encaixe 0,8cm<br \/>\nPossui linhas arredondadas e sem arestas<br \/>\nFixado por adesivo<br \/>\nItens Inclusos: 4 Protetores de quinas<br \/>\nDimens\u00f5es (A X L): 18 x 9,5cm<br \/>\n<\/span><\/p>\n","protected":false},"featured_media":25860,"template":"","meta":{"_joinchat":[]},"product_brand":[],"product_cat":[141],"product_tag":[],"class_list":{"0":"post-16584","1":"product","2":"type-product","3":"status-publish","4":"has-post-thumbnail","6":"product_cat-marcenaria","8":"first","9":"outofstock","10":"shipping-taxable","11":"purchasable","12":"product-type-simple"},"_links":{"self":[{"href":"https:\/\/www.multicasa.com.br\/inicio\/wp-json\/wp\/v2\/product\/16584","targetHints":{"allow":["GET"]}}],"collection":[{"href":"https:\/\/www.multicasa.com.br\/inicio\/wp-json\/wp\/v2\/product"}],"about":[{"href":"https:\/\/www.multicasa.com.br\/inicio\/wp-json\/wp\/v2\/types\/product"}],"wp:featuredmedia":[{"embeddable":true,"href":"https:\/\/www.multicasa.com.br\/inicio\/wp-json\/wp\/v2\/media\/25860"}],"wp:attachment":[{"href":"https:\/\/www.multicasa.com.br\/inicio\/wp-json\/wp\/v2\/media?parent=16584"}],"wp:term":[{"taxonomy":"product_brand","embeddable":true,"href":"https:\/\/www.multicasa.com.br\/inicio\/wp-json\/wp\/v2\/product_brand?post=16584"},{"taxonomy":"product_cat","embeddable":true,"href":"https:\/\/www.multicasa.com.br\/inicio\/wp-json\/wp\/v2\/product_cat?post=16584"},{"taxonomy":"product_tag","embeddable":true,"href":"https:\/\/www.multicasa.com.br\/inicio\/wp-json\/wp\/v2\/product_tag?post=16584"}],"curies":[{"name":"wp","href":"https:\/\/api.w.org\/{rel}","templated":true}]}}