{"id":16585,"date":"2025-06-20T19:10:56","date_gmt":"2025-06-20T23:10:56","guid":{"rendered":"https:\/\/www.multicasa.com.br\/inicio\/?post_type=product&#038;p=16585"},"modified":"2025-08-17T18:57:03","modified_gmt":"2025-08-17T22:57:03","slug":"banqueta-escada-de-aluminio-3-degraus-botafogo-39x65cm","status":"publish","type":"product","link":"https:\/\/www.multicasa.com.br\/inicio\/produto\/banqueta-escada-de-aluminio-3-degraus-botafogo-39x65cm\/","title":{"rendered":"Banqueta Escada de Alum\u00ednio 3 Degraus Botafogo 39x65cm"},"content":{"rendered":"<p>A Banqueta Escada Botafogo vai lhe auxiliar nas tarefas do seu dia a dia, \u00e9 dobr\u00e1vel e possui 3 degraus com al\u00e7a ergon\u00f4mica para facilitar o transporte. Confeccionada em alum\u00ednio e polipropileno de m\u00e1xima resist\u00eancia com p\u00e9s antiderrapantes e trava de seguran\u00e7a em nylon. Sua capacidade de peso \u00e9 de 120Kg. Possui design cl\u00e1ssico na cor prata e laranja.<\/p>\n","protected":false},"excerpt":{"rendered":"<h4 style=\"margin: 0px;padding: 0px 0px 16px;font-family: Lato, sans-serif;font-weight: bold;line-height: 3rem;color: var(--dark-grey3);font-size: 22px;font-style: normal;letter-spacing: normal;text-align: start;text-indent: 0px;text-transform: none\">Informa\u00e7\u00f5es t\u00e9cnicas<\/h4>\n<p><span style=\"margin: 0px;padding: 0px;font-weight: 450;font-size: 14px;line-height: 21px;color: var(--dark-grey2);font-family: Lato, sans-serif;font-style: normal;letter-spacing: normal;text-align: start;text-indent: 0px;text-transform: none\">Produto: Banqueta escada<br \/>\nMarca: Botafogo<br \/>\nMaterial: Alum\u00ednio<br \/>\nPolipropileno<br \/>\nTrava em nylon<br \/>\nCor: Prata e Laranja<br \/>\nCaracter\u00edsticas: 3 degraus<br \/>\nCapacidade de peso de 120Kg<br \/>\nP\u00e9s antiderrapantes<br \/>\nDobr\u00e1vel<br \/>\nFechada transforma-se num banquinho<br \/>\nTrava de seguran\u00e7a em nylon<br \/>\nAl\u00e7a ergon\u00f4mica para transporte<br \/>\nItens Inclusos: 1 Banqueta escada<br \/>\nDimens\u00f5es do produto (A x L x P): Fechada &#8211; 65,2 x 63 x 39cm<br \/>\nAberta &#8211; M\u00e1x 61cm<\/span><\/p>\n","protected":false},"featured_media":24659,"template":"","meta":{"_joinchat":[]},"product_brand":[],"product_cat":[156],"product_tag":[],"class_list":{"0":"post-16585","1":"product","2":"type-product","3":"status-publish","4":"has-post-thumbnail","6":"product_cat-escadas","8":"first","9":"outofstock","10":"shipping-taxable","11":"purchasable","12":"product-type-simple"},"_links":{"self":[{"href":"https:\/\/www.multicasa.com.br\/inicio\/wp-json\/wp\/v2\/product\/16585","targetHints":{"allow":["GET"]}}],"collection":[{"href":"https:\/\/www.multicasa.com.br\/inicio\/wp-json\/wp\/v2\/product"}],"about":[{"href":"https:\/\/www.multicasa.com.br\/inicio\/wp-json\/wp\/v2\/types\/product"}],"wp:featuredmedia":[{"embeddable":true,"href":"https:\/\/www.multicasa.com.br\/inicio\/wp-json\/wp\/v2\/media\/24659"}],"wp:attachment":[{"href":"https:\/\/www.multicasa.com.br\/inicio\/wp-json\/wp\/v2\/media?parent=16585"}],"wp:term":[{"taxonomy":"product_brand","embeddable":true,"href":"https:\/\/www.multicasa.com.br\/inicio\/wp-json\/wp\/v2\/product_brand?post=16585"},{"taxonomy":"product_cat","embeddable":true,"href":"https:\/\/www.multicasa.com.br\/inicio\/wp-json\/wp\/v2\/product_cat?post=16585"},{"taxonomy":"product_tag","embeddable":true,"href":"https:\/\/www.multicasa.com.br\/inicio\/wp-json\/wp\/v2\/product_tag?post=16585"}],"curies":[{"name":"wp","href":"https:\/\/api.w.org\/{rel}","templated":true}]}}