{"id":16612,"date":"2025-06-20T19:11:21","date_gmt":"2025-06-20T23:11:21","guid":{"rendered":"https:\/\/www.multicasa.com.br\/inicio\/?post_type=product&#038;p=16612"},"modified":"2026-03-07T11:20:13","modified_gmt":"2026-03-07T15:20:13","slug":"acabamento-luva-para-canaleta-branco-ilumitec","status":"publish","type":"product","link":"https:\/\/www.multicasa.com.br\/inicio\/produto\/acabamento-luva-para-canaleta-branco-ilumitec\/","title":{"rendered":"Acabamento Luva para Canaleta Branco Ilumitec"},"content":{"rendered":"<p>O acabamento luva para canaleta Ilumitec \u00e9 ideal para canaletas que medem 20 x 10 mm e pode ser instalado durante a montagem para facilitar. Feito de PVC r\u00edgido, a luva para canaletas ajuda a manter c\u00f4modos e fia\u00e7\u00e3o sempre organizados, garantindo seguran\u00e7a para para os ambientes.<\/p>\n","protected":false},"excerpt":{"rendered":"<h4 style=\"margin: 0px;padding: 0px 0px 16px;font-family: Lato, sans-serif;font-weight: bold;line-height: 3rem;color: var(--dark-grey3);font-size: 22px;font-style: normal;letter-spacing: normal;text-align: start;text-indent: 0px;text-transform: none\">Informa\u00e7\u00f5es t\u00e9cnicas<\/h4>\n<p><span style=\"margin: 0px;padding: 0px;font-weight: 450;font-size: 14px;line-height: 21px;color: var(--dark-grey2);font-family: Lato, sans-serif;font-style: normal;letter-spacing: normal;text-align: start;text-indent: 0px;text-transform: none\">Produto: Luva para Canaleta<br \/>\nMarca: Ilumitec<br \/>\nMaterial: PVC r\u00edgido<br \/>\nCor: Branco<br \/>\nCaracter\u00edsticas: Para canaletas de medida 20x10mm<br \/>\nItens inclusos: 1 Luva para Canaleta<br \/>\nDimens\u00f5es do produto (A X L x P): 20,3 x 60 x 10mm<br \/>\n<\/span><\/p>\n","protected":false},"featured_media":16679,"template":"","meta":{"_joinchat":[]},"product_brand":[],"product_cat":[144],"product_tag":[],"class_list":{"0":"post-16612","1":"product","2":"type-product","3":"status-publish","4":"has-post-thumbnail","6":"product_cat-tomadas-e-cia","8":"first","9":"instock","10":"shipping-taxable","11":"purchasable","12":"product-type-simple"},"_links":{"self":[{"href":"https:\/\/www.multicasa.com.br\/inicio\/wp-json\/wp\/v2\/product\/16612","targetHints":{"allow":["GET"]}}],"collection":[{"href":"https:\/\/www.multicasa.com.br\/inicio\/wp-json\/wp\/v2\/product"}],"about":[{"href":"https:\/\/www.multicasa.com.br\/inicio\/wp-json\/wp\/v2\/types\/product"}],"wp:featuredmedia":[{"embeddable":true,"href":"https:\/\/www.multicasa.com.br\/inicio\/wp-json\/wp\/v2\/media\/16679"}],"wp:attachment":[{"href":"https:\/\/www.multicasa.com.br\/inicio\/wp-json\/wp\/v2\/media?parent=16612"}],"wp:term":[{"taxonomy":"product_brand","embeddable":true,"href":"https:\/\/www.multicasa.com.br\/inicio\/wp-json\/wp\/v2\/product_brand?post=16612"},{"taxonomy":"product_cat","embeddable":true,"href":"https:\/\/www.multicasa.com.br\/inicio\/wp-json\/wp\/v2\/product_cat?post=16612"},{"taxonomy":"product_tag","embeddable":true,"href":"https:\/\/www.multicasa.com.br\/inicio\/wp-json\/wp\/v2\/product_tag?post=16612"}],"curies":[{"name":"wp","href":"https:\/\/api.w.org\/{rel}","templated":true}]}}