{"id":16613,"date":"2025-06-20T19:11:21","date_gmt":"2025-06-20T23:11:21","guid":{"rendered":"https:\/\/www.multicasa.com.br\/inicio\/?post_type=product&#038;p=16613"},"modified":"2025-08-17T18:57:22","modified_gmt":"2025-08-17T22:57:22","slug":"cabo-usb-2-0-x-micro-usb-preto-i2go-12m","status":"publish","type":"product","link":"https:\/\/www.multicasa.com.br\/inicio\/produto\/cabo-usb-2-0-x-micro-usb-preto-i2go-12m\/","title":{"rendered":"Cabo USB 2.0 x Micro USB Preto I2GO 1,2m"},"content":{"rendered":"<p>O Cabo USB 2.0 x Micro USB I2GO possui conector revers\u00edvel e \u00e9 simples de conectar, plugue sem se preocupar com a orienta\u00e7\u00e3o do conector. Possui maior transfer\u00eancia de energia em 3 amps, permite recarregar celulares, notebooks e tem maior velocidade para transfer\u00eancias de dados com 480 mbps. \u00c9 compat\u00edvel com macbook, notebook dell, chromebook pixel c e outros dispositivos que utilizam portas usb tipo-c. Seu cabo tem design flat e \u00e9 resistente com acabamento emborrachado.<\/p>\n","protected":false},"excerpt":{"rendered":"<h4 style=\"margin: 0px;padding: 0px 0px 16px;font-family: Lato, sans-serif;font-weight: bold;line-height: 3rem;color: var(--dark-grey3);font-size: 22px;font-style: normal;letter-spacing: normal;text-align: start;text-indent: 0px;text-transform: none\">Informa\u00e7\u00f5es t\u00e9cnicas<\/h4>\n<p><span style=\"margin: 0px;padding: 0px;font-weight: 450;font-size: 14px;line-height: 21px;color: var(--dark-grey2);font-family: Lato, sans-serif;font-style: normal;letter-spacing: normal;text-align: start;text-indent: 0px;text-transform: none\">Produto: Cabo USB<br \/>\nTipo: C<br \/>\nMarca: I2GO<br \/>\nAcabamento: Emborrachado<br \/>\nCor: Preto<br \/>\nVers\u00f5es compat\u00edveis: 2.0<br \/>\nCaracter\u00edsticas: Carrega e singroniza dados<br \/>\nConex\u00e3o USB macho<br \/>\nConex\u00e3o Micro USB macho<br \/>\nConector revers\u00edvel<br \/>\nCorrente m\u00e1xima at\u00e9 3.0 amps<br \/>\nVelocidade de 480mbps<br \/>\nItens inclusos: 1 Cabo USB<br \/>\nDimens\u00f5es do produto (C): 1,2m<\/span><\/p>\n","protected":false},"featured_media":16684,"template":"","meta":{"_joinchat":[]},"product_brand":[],"product_cat":[130],"product_tag":[],"class_list":{"0":"post-16613","1":"product","2":"type-product","3":"status-publish","4":"has-post-thumbnail","6":"product_cat-informatica","8":"first","9":"outofstock","10":"shipping-taxable","11":"purchasable","12":"product-type-simple"},"_links":{"self":[{"href":"https:\/\/www.multicasa.com.br\/inicio\/wp-json\/wp\/v2\/product\/16613","targetHints":{"allow":["GET"]}}],"collection":[{"href":"https:\/\/www.multicasa.com.br\/inicio\/wp-json\/wp\/v2\/product"}],"about":[{"href":"https:\/\/www.multicasa.com.br\/inicio\/wp-json\/wp\/v2\/types\/product"}],"wp:featuredmedia":[{"embeddable":true,"href":"https:\/\/www.multicasa.com.br\/inicio\/wp-json\/wp\/v2\/media\/16684"}],"wp:attachment":[{"href":"https:\/\/www.multicasa.com.br\/inicio\/wp-json\/wp\/v2\/media?parent=16613"}],"wp:term":[{"taxonomy":"product_brand","embeddable":true,"href":"https:\/\/www.multicasa.com.br\/inicio\/wp-json\/wp\/v2\/product_brand?post=16613"},{"taxonomy":"product_cat","embeddable":true,"href":"https:\/\/www.multicasa.com.br\/inicio\/wp-json\/wp\/v2\/product_cat?post=16613"},{"taxonomy":"product_tag","embeddable":true,"href":"https:\/\/www.multicasa.com.br\/inicio\/wp-json\/wp\/v2\/product_tag?post=16613"}],"curies":[{"name":"wp","href":"https:\/\/api.w.org\/{rel}","templated":true}]}}