{"id":16632,"date":"2025-06-20T19:11:42","date_gmt":"2025-06-20T23:11:42","guid":{"rendered":"https:\/\/www.multicasa.com.br\/inicio\/?post_type=product&#038;p=16632"},"modified":"2025-12-16T18:23:56","modified_gmt":"2025-12-16T22:23:56","slug":"suporte-com-6-ganchos-para-utensilios-cromado-future","status":"publish","type":"product","link":"https:\/\/www.multicasa.com.br\/inicio\/produto\/suporte-com-6-ganchos-para-utensilios-cromado-future\/","title":{"rendered":"Suporte com 6 Ganchos para Utens\u00edlios Cromado Future"},"content":{"rendered":"<p>O Suporte para Utens\u00edlios Future possui fixa\u00e7\u00e3o por ventosas e elimina o uso de furadeiras ou pregos possibilitando trocar de lugar com muita facilidade e praticidade. Em a\u00e7o SAE 1010 cromado, possui 6 ganchos e aproximadamente 31cm de largura. A linha de produtos Praticit\u00e0 deixa sua vida mais f\u00e1cil.<\/p>\n","protected":false},"excerpt":{"rendered":"<h4 style=\"margin: 0px;padding: 0px 0px 16px;font-family: Lato, sans-serif;font-weight: bold;line-height: 3rem;color: var(--dark-grey3);font-size: 22px;font-style: normal;letter-spacing: normal;text-align: start;text-indent: 0px;text-transform: none\">Informa\u00e7\u00f5es t\u00e9cnicas<\/h4>\n<p><span style=\"margin: 0px;padding: 0px;font-weight: 450;font-size: 14px;line-height: 21px;color: var(--dark-grey2);font-family: Lato, sans-serif;font-style: normal;letter-spacing: normal;text-align: start;text-indent: 0px;text-transform: none\">Produto: Suporte Gancho para Utens\u00edlios<br \/>\nMarca: Future<br \/>\nMaterial\/Composi\u00e7\u00e3o: Borracha<br \/>\nPl\u00e1stico Abs<br \/>\nSae 1010 cromado<br \/>\nCor: Prata<br \/>\nCaracter\u00edsticas: Possui 6 ganchos<br \/>\nPossui ventosas<br \/>\nSuporta at\u00e9 5kg<br \/>\nItens inclusos: 1 Suporte Gancho para Utens\u00edlios<br \/>\nDimens\u00f5es do produto (L): 31cm<br \/>\n<\/span><\/p>\n","protected":false},"featured_media":16700,"template":"","meta":{"_joinchat":[]},"product_brand":[],"product_cat":[95],"product_tag":[],"class_list":{"0":"post-16632","1":"product","2":"type-product","3":"status-publish","4":"has-post-thumbnail","6":"product_cat-lavanderia","8":"first","9":"outofstock","10":"shipping-taxable","11":"product-type-simple"},"_links":{"self":[{"href":"https:\/\/www.multicasa.com.br\/inicio\/wp-json\/wp\/v2\/product\/16632","targetHints":{"allow":["GET"]}}],"collection":[{"href":"https:\/\/www.multicasa.com.br\/inicio\/wp-json\/wp\/v2\/product"}],"about":[{"href":"https:\/\/www.multicasa.com.br\/inicio\/wp-json\/wp\/v2\/types\/product"}],"wp:featuredmedia":[{"embeddable":true,"href":"https:\/\/www.multicasa.com.br\/inicio\/wp-json\/wp\/v2\/media\/16700"}],"wp:attachment":[{"href":"https:\/\/www.multicasa.com.br\/inicio\/wp-json\/wp\/v2\/media?parent=16632"}],"wp:term":[{"taxonomy":"product_brand","embeddable":true,"href":"https:\/\/www.multicasa.com.br\/inicio\/wp-json\/wp\/v2\/product_brand?post=16632"},{"taxonomy":"product_cat","embeddable":true,"href":"https:\/\/www.multicasa.com.br\/inicio\/wp-json\/wp\/v2\/product_cat?post=16632"},{"taxonomy":"product_tag","embeddable":true,"href":"https:\/\/www.multicasa.com.br\/inicio\/wp-json\/wp\/v2\/product_tag?post=16632"}],"curies":[{"name":"wp","href":"https:\/\/api.w.org\/{rel}","templated":true}]}}