{"id":16638,"date":"2025-06-20T19:11:43","date_gmt":"2025-06-20T23:11:43","guid":{"rendered":"https:\/\/www.multicasa.com.br\/inicio\/?post_type=product&#038;p=16638"},"modified":"2026-04-22T08:30:26","modified_gmt":"2026-04-22T12:30:26","slug":"joelho-90-pvc-soldavel-marrom-tigre-25mmx1-2","status":"publish","type":"product","link":"https:\/\/www.multicasa.com.br\/inicio\/produto\/joelho-90-pvc-soldavel-marrom-tigre-25mmx1-2\/","title":{"rendered":"Joelho 90\u00b0 PVC Sold\u00e1vel Marrom Tigre 25mmx1\/2&#8221;"},"content":{"rendered":"<p>F\u00e1cil de instalar, o Joelho 90\u00b0 sold\u00e1vel de PVC Tigre possui bucha met\u00e1lica de lat\u00e3o, bitola de 25mm x 1\/2?? e press\u00e3o de servi\u00e7o, a 20\u00b0C, de 75 M.C.A. Com juntas soldadas a frio, dispensa o uso de ferramentas e equipamentos sofisticados, \u00e9 resistente a produtos qu\u00edmicos e n\u00e3o sofre corros\u00e3o. Dispon\u00edvel na cor marrom, o joelho de PVC Tigre altera a dire\u00e7\u00e3o do sentido do fluxo da \u00e1gua fria em \u00e2ngulo de 90\u00b0 de forma suave por causa do raio de curvatura. Destaca-se pelo eficiente desempenho hidr\u00e1ulico, o que garante menor perda de carga. Atente a norma NBR5648.<\/p>\n","protected":false},"excerpt":{"rendered":"<h4 style=\"margin: 0px;padding: 0px 0px 16px;font-family: Lato, sans-serif;font-weight: bold;line-height: 3rem;color: var(--dark-grey3);font-size: 22px;font-style: normal;letter-spacing: normal;text-align: start;text-indent: 0px;text-transform: none\">Informa\u00e7\u00f5es t\u00e9cnicas<\/h4>\n<p><span style=\"margin: 0px;padding: 0px;font-weight: 450;font-size: 14px;line-height: 21px;color: var(--dark-grey2);font-family: Lato, sans-serif;font-style: normal;letter-spacing: normal;text-align: start;text-indent: 0px;text-transform: none\">Produto: Joelho 90\u00b0 Sold\u00e1vel<br \/>\nMarca: Tigre<br \/>\nMaterial: PVC<br \/>\nCor: Marrom<br \/>\nCaracter\u00edsticas: Resistente a produtos qu\u00edmicos<br \/>\nCom juntas soldadas a frio<br \/>\nPress\u00e3o de servido de 75 M.C.A a 20\u00b0C<br \/>\nItens inclusos: 1 joelho sold\u00e1vel<br \/>\nDimens\u00e3o do Produto (L x P): 25mm &#8211; 1\/2&#8221;<br \/>\n<\/span><\/p>\n","protected":false},"featured_media":16709,"template":"","meta":{"_joinchat":[]},"product_brand":[],"product_cat":[73],"product_tag":[],"class_list":{"0":"post-16638","1":"product","2":"type-product","3":"status-publish","4":"has-post-thumbnail","6":"product_cat-tubos-e-conexoes","8":"first","9":"instock","10":"shipping-taxable","11":"purchasable","12":"product-type-simple"},"_links":{"self":[{"href":"https:\/\/www.multicasa.com.br\/inicio\/wp-json\/wp\/v2\/product\/16638","targetHints":{"allow":["GET"]}}],"collection":[{"href":"https:\/\/www.multicasa.com.br\/inicio\/wp-json\/wp\/v2\/product"}],"about":[{"href":"https:\/\/www.multicasa.com.br\/inicio\/wp-json\/wp\/v2\/types\/product"}],"wp:featuredmedia":[{"embeddable":true,"href":"https:\/\/www.multicasa.com.br\/inicio\/wp-json\/wp\/v2\/media\/16709"}],"wp:attachment":[{"href":"https:\/\/www.multicasa.com.br\/inicio\/wp-json\/wp\/v2\/media?parent=16638"}],"wp:term":[{"taxonomy":"product_brand","embeddable":true,"href":"https:\/\/www.multicasa.com.br\/inicio\/wp-json\/wp\/v2\/product_brand?post=16638"},{"taxonomy":"product_cat","embeddable":true,"href":"https:\/\/www.multicasa.com.br\/inicio\/wp-json\/wp\/v2\/product_cat?post=16638"},{"taxonomy":"product_tag","embeddable":true,"href":"https:\/\/www.multicasa.com.br\/inicio\/wp-json\/wp\/v2\/product_tag?post=16638"}],"curies":[{"name":"wp","href":"https:\/\/api.w.org\/{rel}","templated":true}]}}