{"id":16661,"date":"2025-06-20T19:12:06","date_gmt":"2025-06-20T23:12:06","guid":{"rendered":"https:\/\/www.multicasa.com.br\/inicio\/?post_type=product&#038;p=16661"},"modified":"2025-06-20T19:12:55","modified_gmt":"2025-06-20T23:12:55","slug":"cortador-de-unhas-em-inox-amarelo-violeta-merheje","status":"publish","type":"product","link":"https:\/\/www.multicasa.com.br\/inicio\/produto\/cortador-de-unhas-em-inox-amarelo-violeta-merheje\/","title":{"rendered":"Cortador de Unhas em Inox Amarelo\/Violeta Merheje"},"content":{"rendered":"<p>O cortador de unhas em inox da Merheje \u00e9 um produto desenvolvido especialmente para facilitar a hora da cuticulagem e de fazer as unhas. Com design exclusivo amarelo e violeta e tecnologia de ponta, foi pensado para proporcionar \u00e1rea de corte mais abrangente com rapidez e precis\u00e3o. Tem cabo emborrachado que deixa a a\u00e7\u00e3o mais segura e ponta em a\u00e7o. \u00fatilize-o logo depois do banho para melhor desempenho.<\/p>\n","protected":false},"excerpt":{"rendered":"<h4 style=\"margin: 0px;padding: 0px 0px 16px;font-family: Lato, sans-serif;font-weight: bold;line-height: 3rem;color: var(--dark-grey3);font-size: 22px;font-style: normal;letter-spacing: normal;text-align: start;text-indent: 0px;text-transform: none\">Informa\u00e7\u00f5es t\u00e9cnicas<\/h4>\n<p><span style=\"margin: 0px;padding: 0px;font-weight: 450;font-size: 14px;line-height: 21px;color: var(--dark-grey2);font-family: Lato, sans-serif;font-style: normal;letter-spacing: normal;text-align: start;text-indent: 0px;text-transform: none\">Produto: Cortador de Unhas<br \/>\nMarca: Merheje<br \/>\nMaterial: a\u00e7o inoxid\u00e1vel<br \/>\npl\u00e1stico.<br \/>\nAcabamento: cabo emborrachado<br \/>\nCor: amarelo e violeta<br \/>\nUso indicado: cortar unhas.<br \/>\nCaracter\u00edsticas: \u00e1rea de corte mais abrangente;<br \/>\nPonta de a\u00e7o inox;<br \/>\nEsteriliz\u00e1vel.<br \/>\nItens Inclusos: 1 cortador de unhas<br \/>\nDimens\u00f5es do produto (A X L): 13,5 x 5,5cm<br \/>\n<\/span><\/p>\n","protected":false},"featured_media":16715,"template":"","meta":{"_joinchat":[]},"product_brand":[],"product_cat":[101],"product_tag":[],"class_list":{"0":"post-16661","1":"product","2":"type-product","3":"status-publish","4":"has-post-thumbnail","6":"product_cat-cuidados-pessoais","8":"first","9":"outofstock","10":"shipping-taxable","11":"product-type-simple"},"_links":{"self":[{"href":"https:\/\/www.multicasa.com.br\/inicio\/wp-json\/wp\/v2\/product\/16661","targetHints":{"allow":["GET"]}}],"collection":[{"href":"https:\/\/www.multicasa.com.br\/inicio\/wp-json\/wp\/v2\/product"}],"about":[{"href":"https:\/\/www.multicasa.com.br\/inicio\/wp-json\/wp\/v2\/types\/product"}],"wp:featuredmedia":[{"embeddable":true,"href":"https:\/\/www.multicasa.com.br\/inicio\/wp-json\/wp\/v2\/media\/16715"}],"wp:attachment":[{"href":"https:\/\/www.multicasa.com.br\/inicio\/wp-json\/wp\/v2\/media?parent=16661"}],"wp:term":[{"taxonomy":"product_brand","embeddable":true,"href":"https:\/\/www.multicasa.com.br\/inicio\/wp-json\/wp\/v2\/product_brand?post=16661"},{"taxonomy":"product_cat","embeddable":true,"href":"https:\/\/www.multicasa.com.br\/inicio\/wp-json\/wp\/v2\/product_cat?post=16661"},{"taxonomy":"product_tag","embeddable":true,"href":"https:\/\/www.multicasa.com.br\/inicio\/wp-json\/wp\/v2\/product_tag?post=16661"}],"curies":[{"name":"wp","href":"https:\/\/api.w.org\/{rel}","templated":true}]}}