{"id":16663,"date":"2025-06-20T19:12:07","date_gmt":"2025-06-20T23:12:07","guid":{"rendered":"https:\/\/www.multicasa.com.br\/inicio\/?post_type=product&#038;p=16663"},"modified":"2025-06-20T19:13:03","modified_gmt":"2025-06-20T23:13:03","slug":"ima-de-geladeira-acrilico-modelos-sortidos-uny-home-4cm","status":"publish","type":"product","link":"https:\/\/www.multicasa.com.br\/inicio\/produto\/ima-de-geladeira-acrilico-modelos-sortidos-uny-home-4cm\/","title":{"rendered":"\u00cdma de Geladeira Acr\u00edlico Modelos Sortidos Uny Home 4cm"},"content":{"rendered":"<p>Deixe sua cozinha mais alegre e divertida com o \u00cdm\u00e3 de Geladeira Uny Home. Feito de acrilico, tem diferentes modelos para enfeitar e dar um charme extra \u00e0 geladeira. \u00d3timos para fixar avisos e recados importantes como receitas m\u00e9dicas, telefones, lista de compras e outros lembretes. Qualquer nota ficar\u00e1 mais vis\u00edvel com o uso dos \u00edm\u00e3s!<\/p>\n","protected":false},"excerpt":{"rendered":"<h4 style=\"margin: 0px;padding: 0px 0px 16px;font-family: Lato, sans-serif;font-weight: bold;line-height: 3rem;color: var(--dark-grey3);font-size: 22px;font-style: normal;letter-spacing: normal;text-align: start;text-indent: 0px;text-transform: none\">Informa\u00e7\u00f5es t\u00e9cnicas<\/h4>\n<p><span style=\"margin: 0px;padding: 0px;font-weight: 450;font-size: 14px;line-height: 21px;color: var(--dark-grey2);font-family: Lato, sans-serif;font-style: normal;letter-spacing: normal;text-align: start;text-indent: 0px;text-transform: none\">Produto: \u00cdm\u00e3 de Geladeira<br \/>\nMarca: Uny Home<br \/>\nMaterial: Acr\u00edlico<br \/>\nCor: Sortidas<br \/>\nItens Inclusos: 1 \u00edm\u00e3 de geladeira<br \/>\nDimens\u00f5es do produto (A x L x P): 4 x 4 x 1cm<\/span><\/p>\n","protected":false},"featured_media":16734,"template":"","meta":{"_joinchat":[]},"product_brand":[],"product_cat":[136],"product_tag":[],"class_list":{"0":"post-16663","1":"product","2":"type-product","3":"status-publish","4":"has-post-thumbnail","6":"product_cat-lazer","8":"first","9":"outofstock","10":"shipping-taxable","11":"product-type-simple"},"_links":{"self":[{"href":"https:\/\/www.multicasa.com.br\/inicio\/wp-json\/wp\/v2\/product\/16663","targetHints":{"allow":["GET"]}}],"collection":[{"href":"https:\/\/www.multicasa.com.br\/inicio\/wp-json\/wp\/v2\/product"}],"about":[{"href":"https:\/\/www.multicasa.com.br\/inicio\/wp-json\/wp\/v2\/types\/product"}],"wp:featuredmedia":[{"embeddable":true,"href":"https:\/\/www.multicasa.com.br\/inicio\/wp-json\/wp\/v2\/media\/16734"}],"wp:attachment":[{"href":"https:\/\/www.multicasa.com.br\/inicio\/wp-json\/wp\/v2\/media?parent=16663"}],"wp:term":[{"taxonomy":"product_brand","embeddable":true,"href":"https:\/\/www.multicasa.com.br\/inicio\/wp-json\/wp\/v2\/product_brand?post=16663"},{"taxonomy":"product_cat","embeddable":true,"href":"https:\/\/www.multicasa.com.br\/inicio\/wp-json\/wp\/v2\/product_cat?post=16663"},{"taxonomy":"product_tag","embeddable":true,"href":"https:\/\/www.multicasa.com.br\/inicio\/wp-json\/wp\/v2\/product_tag?post=16663"}],"curies":[{"name":"wp","href":"https:\/\/api.w.org\/{rel}","templated":true}]}}