{"id":16664,"date":"2025-06-20T19:12:07","date_gmt":"2025-06-20T23:12:07","guid":{"rendered":"https:\/\/www.multicasa.com.br\/inicio\/?post_type=product&#038;p=16664"},"modified":"2025-06-23T09:49:01","modified_gmt":"2025-06-23T13:49:01","slug":"apresentador-sem-fio-com-laser-r400-logitech","status":"publish","type":"product","link":"https:\/\/www.multicasa.com.br\/inicio\/produto\/apresentador-sem-fio-com-laser-r400-logitech\/","title":{"rendered":"Apresentador sem Fio com Laser R400 Logitech"},"content":{"rendered":"<p>Para que suas aulas, apresenta\u00e7\u00f5es e slides fiquem ainda mais did\u00e1ticos, use o apresentador sem fio com laser R400 da Logitech. Voc\u00ea pode andar pela sala ou pelo palco com liberdade e sem precisar ficar perto do painel e se aproximar do seu p\u00fablico para melhor intera\u00e7\u00e3o. Compat\u00edvel com Windows Vista, 7, 8 e 10 ou superiores, alcan\u00e7a at\u00e9 15 metros que podem variar conforme o uso e condi\u00e7\u00f5es da computa\u00e7\u00e3o. Com conector USB, tem alimenta\u00e7\u00e3o de 2 pilhas AAA (n\u00e3o inclusas) e possui luz indicativa do n\u00edvel de energia para que voc\u00ea nunca fique na m\u00e3o.<\/p>\n","protected":false},"excerpt":{"rendered":"<h4 style=\"margin: 0px;padding: 0px 0px 16px;font-family: Lato, sans-serif;font-weight: bold;line-height: 3rem;color: var(--dark-grey3);font-size: 22px;font-style: normal;letter-spacing: normal;text-align: start;text-indent: 0px;text-transform: none\">Informa\u00e7\u00f5es t\u00e9cnicas<\/h4>\n<p><span style=\"margin: 0px;padding: 0px;font-weight: 450;font-size: 14px;line-height: 21px;color: var(--dark-grey2);font-family: Lato, sans-serif;font-style: normal;letter-spacing: normal;text-align: start;text-indent: 0px;text-transform: none\">Produto: Apresentador a Laser<br \/>\nMarca: Logitech<br \/>\nMaterial: Pl\u00e1stico<br \/>\nCor: Preto<br \/>\nAlimenta\u00e7\u00e3o: 2 pilhas AAA<br \/>\nCaracter\u00edsticas: Tecnologia sem fio de 2.4 GHZ<br \/>\nConectividade plug and play<br \/>\nPossui laser pointer vermelho<br \/>\nAlcance sem fio de at\u00e9 15 metros (pode variar dependendo do uso e das condi\u00e7\u00f5esde computa\u00e7\u00e3o)<br \/>\nPossui controles intuitivos de apresenta\u00e7\u00e3o de slides<br \/>\nPossui luz indicativa do n\u00edvel de energia das pilhas<br \/>\nSem necessidade de softwares<br \/>\nReceptor USB<br \/>\nPorta USB<br \/>\nLaser classe 2<br \/>\nSaida max.Menos de 1MW<br \/>\nComprimento de onda 640660 NM (Luz vermelha)<br \/>\nDurabilidade da pilha (Ponteiro laser) m\u00e1ximo de 20 horas<br \/>\nDurabilidade da pilha (Apresentador) m\u00e1ximo de 1050 horas<br \/>\nItens Inclusos: 1 Apresentador a laser<br \/>\nDimens\u00f5es do produto (A X L X P): 3,78 x 11,55 x 2,74cm.<br \/>\n<\/span><\/p>\n","protected":false},"featured_media":24606,"template":"","meta":{"_joinchat":[]},"product_brand":[],"product_cat":[130],"product_tag":[],"class_list":{"0":"post-16664","1":"product","2":"type-product","3":"status-publish","4":"has-post-thumbnail","6":"product_cat-informatica","8":"first","9":"outofstock","10":"shipping-taxable","11":"product-type-simple"},"_links":{"self":[{"href":"https:\/\/www.multicasa.com.br\/inicio\/wp-json\/wp\/v2\/product\/16664","targetHints":{"allow":["GET"]}}],"collection":[{"href":"https:\/\/www.multicasa.com.br\/inicio\/wp-json\/wp\/v2\/product"}],"about":[{"href":"https:\/\/www.multicasa.com.br\/inicio\/wp-json\/wp\/v2\/types\/product"}],"wp:featuredmedia":[{"embeddable":true,"href":"https:\/\/www.multicasa.com.br\/inicio\/wp-json\/wp\/v2\/media\/24606"}],"wp:attachment":[{"href":"https:\/\/www.multicasa.com.br\/inicio\/wp-json\/wp\/v2\/media?parent=16664"}],"wp:term":[{"taxonomy":"product_brand","embeddable":true,"href":"https:\/\/www.multicasa.com.br\/inicio\/wp-json\/wp\/v2\/product_brand?post=16664"},{"taxonomy":"product_cat","embeddable":true,"href":"https:\/\/www.multicasa.com.br\/inicio\/wp-json\/wp\/v2\/product_cat?post=16664"},{"taxonomy":"product_tag","embeddable":true,"href":"https:\/\/www.multicasa.com.br\/inicio\/wp-json\/wp\/v2\/product_tag?post=16664"}],"curies":[{"name":"wp","href":"https:\/\/api.w.org\/{rel}","templated":true}]}}