{"id":16665,"date":"2025-06-20T19:12:07","date_gmt":"2025-06-20T23:12:07","guid":{"rendered":"https:\/\/www.multicasa.com.br\/inicio\/?post_type=product&#038;p=16665"},"modified":"2025-11-24T15:04:27","modified_gmt":"2025-11-24T19:04:27","slug":"assento-sanitario-oval-branco-max-tigre","status":"publish","type":"product","link":"https:\/\/www.multicasa.com.br\/inicio\/produto\/assento-sanitario-oval-branco-max-tigre\/","title":{"rendered":"Assento Sanit\u00e1rio Oval Branco Max Tigre"},"content":{"rendered":"<p>O Assento Sanit\u00e1rio Oval Branco Tigre traz mais conforto e higiene para o seu dia a dia. A linha de assento sanit\u00e1rio Max \u00e9 para voc\u00ea que busca assentos modernos. Possui formato anat\u00f4mico com acabamento da tampa liso e brilhante. F\u00e1cil de instalar, possui fixadores ajust\u00e1veis a todos os vasos sanit\u00e1rios ovais que permitem regulagem para que a tampa fique aberta.<\/p>\n","protected":false},"excerpt":{"rendered":"<h4 style=\"margin: 0px;padding: 0px 0px 16px;font-family: Lato, sans-serif;font-weight: bold;line-height: 3rem;color: var(--dark-grey3);font-size: 22px;font-style: normal;letter-spacing: normal;text-align: start;text-indent: 0px;text-transform: none\">Informa\u00e7\u00f5es t\u00e9cnicas<\/h4>\n<p><span style=\"margin: 0px;padding: 0px;font-weight: 450;font-size: 14px;line-height: 21px;color: var(--dark-grey2);font-family: Lato, sans-serif;font-style: normal;letter-spacing: normal;text-align: start;text-indent: 0px;text-transform: none\">Produto: Assento sanit\u00e1rio<br \/>\nMarca: Tigre<br \/>\nMaterial: Polipropileno<br \/>\nPolietil<br \/>\nCor: Branco<br \/>\nCaracter\u00edsticas: Compat\u00edvel com vasos sanit\u00e1rios ovais<br \/>\nFixadores ajust\u00e1veis<br \/>\nNorma de refer\u00eancia: nbr 15097<br \/>\nCobertura total do assento<br \/>\nItens inclusos: 1 Assento sanit\u00e1rio<br \/>\nDimens\u00f5es do produto (A x L): 44 x 37cm<br \/>\n<\/span><\/p>\n","protected":false},"featured_media":24644,"template":"","meta":{"_joinchat":[]},"product_brand":[],"product_cat":[70],"product_tag":[],"class_list":{"0":"post-16665","1":"product","2":"type-product","3":"status-publish","4":"has-post-thumbnail","6":"product_cat-assentos-e-cia","8":"first","9":"outofstock","10":"shipping-taxable","11":"purchasable","12":"product-type-simple"},"_links":{"self":[{"href":"https:\/\/www.multicasa.com.br\/inicio\/wp-json\/wp\/v2\/product\/16665","targetHints":{"allow":["GET"]}}],"collection":[{"href":"https:\/\/www.multicasa.com.br\/inicio\/wp-json\/wp\/v2\/product"}],"about":[{"href":"https:\/\/www.multicasa.com.br\/inicio\/wp-json\/wp\/v2\/types\/product"}],"wp:featuredmedia":[{"embeddable":true,"href":"https:\/\/www.multicasa.com.br\/inicio\/wp-json\/wp\/v2\/media\/24644"}],"wp:attachment":[{"href":"https:\/\/www.multicasa.com.br\/inicio\/wp-json\/wp\/v2\/media?parent=16665"}],"wp:term":[{"taxonomy":"product_brand","embeddable":true,"href":"https:\/\/www.multicasa.com.br\/inicio\/wp-json\/wp\/v2\/product_brand?post=16665"},{"taxonomy":"product_cat","embeddable":true,"href":"https:\/\/www.multicasa.com.br\/inicio\/wp-json\/wp\/v2\/product_cat?post=16665"},{"taxonomy":"product_tag","embeddable":true,"href":"https:\/\/www.multicasa.com.br\/inicio\/wp-json\/wp\/v2\/product_tag?post=16665"}],"curies":[{"name":"wp","href":"https:\/\/api.w.org\/{rel}","templated":true}]}}