{"id":16670,"date":"2025-06-20T19:12:08","date_gmt":"2025-06-20T23:12:08","guid":{"rendered":"https:\/\/www.multicasa.com.br\/inicio\/?post_type=product&#038;p=16670"},"modified":"2025-06-20T19:13:31","modified_gmt":"2025-06-20T23:13:31","slug":"identificador-de-bagagem-estampa-louis-vuitton-printas","status":"publish","type":"product","link":"https:\/\/www.multicasa.com.br\/inicio\/produto\/identificador-de-bagagem-estampa-louis-vuitton-printas\/","title":{"rendered":"Identificador de Bagagem Estampa Louis Vuitton Printas"},"content":{"rendered":"<p>Chega de perder bagagens em aeroportos e rodovi\u00e1rias. Com o identificador de bagagem da Printas voc\u00ea garante a personaliza\u00e7\u00e3o das suas malas, bolsas e mochilas para encontr\u00e1-las facilmente e n\u00e3o se confundir. Ideal para garantir a seguran\u00e7a, as etiquetas de bagagem s\u00e3o super divertidas, resistentes e seus temas refletem a sua personalidade de maneira orginal e atraente. Medindo 10,7 x 6 cm, tem impress\u00e3o em PVC de alta resist\u00eancia, verso com espa\u00e7o para preencher os dados pessoais e al\u00e7a transl\u00facida para voc\u00ea pendurar na sua bolsa. Esta embalagem cont\u00e9m 1 tag de bagagem com a estampa Louis Vuitton e a frase &#8220;minha outra mala \u00e9 uma Louis Vuitton&#8221;.<\/p>\n","protected":false},"excerpt":{"rendered":"<h4 style=\"margin: 0px;padding: 0px 0px 16px;font-family: Lato, sans-serif;font-weight: bold;line-height: 3rem;color: var(--dark-grey3);font-size: 22px;font-style: normal;letter-spacing: normal;text-align: start;text-indent: 0px;text-transform: none\">Informa\u00e7\u00f5es t\u00e9cnicas<\/h4>\n<p><span style=\"margin: 0px;padding: 0px;font-weight: 450;font-size: 14px;line-height: 21px;color: var(--dark-grey2);font-family: Lato, sans-serif;font-style: normal;letter-spacing: normal;text-align: start;text-indent: 0px;text-transform: none\">Produto: Identificador de Bagagem<br \/>\nMarca: Printas<br \/>\nMaterial: PVC<br \/>\nCaracter\u00edsticas: PVC de alta resistencia<br \/>\nEstampa Louis Vuitton<br \/>\nItens Inclusos: 1 Identificador de bagagem<br \/>\nDimens\u00f5es do produto (A X L): 10,7 x 6cm<br \/>\n<\/span><\/p>\n","protected":false},"featured_media":16760,"template":"","meta":{"_joinchat":[]},"product_brand":[],"product_cat":[136],"product_tag":[],"class_list":{"0":"post-16670","1":"product","2":"type-product","3":"status-publish","4":"has-post-thumbnail","6":"product_cat-lazer","8":"first","9":"outofstock","10":"shipping-taxable","11":"product-type-simple"},"_links":{"self":[{"href":"https:\/\/www.multicasa.com.br\/inicio\/wp-json\/wp\/v2\/product\/16670","targetHints":{"allow":["GET"]}}],"collection":[{"href":"https:\/\/www.multicasa.com.br\/inicio\/wp-json\/wp\/v2\/product"}],"about":[{"href":"https:\/\/www.multicasa.com.br\/inicio\/wp-json\/wp\/v2\/types\/product"}],"wp:featuredmedia":[{"embeddable":true,"href":"https:\/\/www.multicasa.com.br\/inicio\/wp-json\/wp\/v2\/media\/16760"}],"wp:attachment":[{"href":"https:\/\/www.multicasa.com.br\/inicio\/wp-json\/wp\/v2\/media?parent=16670"}],"wp:term":[{"taxonomy":"product_brand","embeddable":true,"href":"https:\/\/www.multicasa.com.br\/inicio\/wp-json\/wp\/v2\/product_brand?post=16670"},{"taxonomy":"product_cat","embeddable":true,"href":"https:\/\/www.multicasa.com.br\/inicio\/wp-json\/wp\/v2\/product_cat?post=16670"},{"taxonomy":"product_tag","embeddable":true,"href":"https:\/\/www.multicasa.com.br\/inicio\/wp-json\/wp\/v2\/product_tag?post=16670"}],"curies":[{"name":"wp","href":"https:\/\/api.w.org\/{rel}","templated":true}]}}