{"id":16695,"date":"2025-06-20T19:12:34","date_gmt":"2025-06-20T23:12:34","guid":{"rendered":"https:\/\/www.multicasa.com.br\/inicio\/?post_type=product&#038;p=16695"},"modified":"2025-06-20T19:13:50","modified_gmt":"2025-06-20T23:13:50","slug":"pop-socket-suporte-para-celular-plastico-i2go","status":"publish","type":"product","link":"https:\/\/www.multicasa.com.br\/inicio\/produto\/pop-socket-suporte-para-celular-plastico-i2go\/","title":{"rendered":"Pop Socket Suporte para Celular Pl\u00e1stico I2go"},"content":{"rendered":"<p>O Pop Socket Suporte para Celular Pl\u00e1stico I2go permite que voc\u00ea segure firme seu smartphone para enviar mensagens e fazer selfies com mais seguran\u00e7a. Produzido em material resistente, com adesivo de forte fixa\u00e7\u00e3o, \u00e9 estiloso e compacto, j\u00e1 que \u00e9 retr\u00e1til. <\/p>\n","protected":false},"excerpt":{"rendered":"<h4 style=\"margin: 0px;padding: 0px 0px 16px;font-family: Lato, sans-serif;font-weight: bold;line-height: 3rem;color: var(--dark-grey3);font-size: 22px;font-style: normal;letter-spacing: normal;text-align: start;text-indent: 0px;text-transform: none\">Informa\u00e7\u00f5es t\u00e9cnicas<\/h4>\n<p><span style=\"margin: 0px;padding: 0px;font-weight: 450;font-size: 14px;line-height: 21px;color: var(--dark-grey2);font-family: Lato, sans-serif;font-style: normal;letter-spacing: normal;text-align: start;text-indent: 0px;text-transform: none\">Produto: Suporte celular<br \/>\nMarca: I2go<br \/>\nMaterial: Pl\u00e1stico<br \/>\n\u00cdm\u00e3<br \/>\nCor: Sortido<br \/>\nCaracter\u00edsticas: Compacto<br \/>\nAdesivo de forte fixa\u00e7\u00e3o<br \/>\nItens Inclusos: 1 Suporte celular<br \/>\nDimens\u00f5es do produto (A X L): 14,5 x 8cm<br \/>\n<\/span><\/p>\n","protected":false},"featured_media":16778,"template":"","meta":{"_joinchat":[]},"product_brand":[],"product_cat":[136],"product_tag":[],"class_list":{"0":"post-16695","1":"product","2":"type-product","3":"status-publish","4":"has-post-thumbnail","6":"product_cat-lazer","8":"first","9":"outofstock","10":"shipping-taxable","11":"product-type-simple"},"_links":{"self":[{"href":"https:\/\/www.multicasa.com.br\/inicio\/wp-json\/wp\/v2\/product\/16695","targetHints":{"allow":["GET"]}}],"collection":[{"href":"https:\/\/www.multicasa.com.br\/inicio\/wp-json\/wp\/v2\/product"}],"about":[{"href":"https:\/\/www.multicasa.com.br\/inicio\/wp-json\/wp\/v2\/types\/product"}],"wp:featuredmedia":[{"embeddable":true,"href":"https:\/\/www.multicasa.com.br\/inicio\/wp-json\/wp\/v2\/media\/16778"}],"wp:attachment":[{"href":"https:\/\/www.multicasa.com.br\/inicio\/wp-json\/wp\/v2\/media?parent=16695"}],"wp:term":[{"taxonomy":"product_brand","embeddable":true,"href":"https:\/\/www.multicasa.com.br\/inicio\/wp-json\/wp\/v2\/product_brand?post=16695"},{"taxonomy":"product_cat","embeddable":true,"href":"https:\/\/www.multicasa.com.br\/inicio\/wp-json\/wp\/v2\/product_cat?post=16695"},{"taxonomy":"product_tag","embeddable":true,"href":"https:\/\/www.multicasa.com.br\/inicio\/wp-json\/wp\/v2\/product_tag?post=16695"}],"curies":[{"name":"wp","href":"https:\/\/api.w.org\/{rel}","templated":true}]}}