{"id":16696,"date":"2025-06-20T19:12:34","date_gmt":"2025-06-20T23:12:34","guid":{"rendered":"https:\/\/www.multicasa.com.br\/inicio\/?post_type=product&#038;p=16696"},"modified":"2025-08-17T19:01:22","modified_gmt":"2025-08-17T23:01:22","slug":"suporte-articulado-inclinavel-para-tv-lcd-led-3d-plasma-de-10-a-55-brasforma","status":"publish","type":"product","link":"https:\/\/www.multicasa.com.br\/inicio\/produto\/suporte-articulado-inclinavel-para-tv-lcd-led-3d-plasma-de-10-a-55-brasforma\/","title":{"rendered":"Suporte Articulado\/Inclin\u00e1vel para TV LCD\/LED\/3D\/Plasma de 10&#8243; a 55&#8243; Brasforma"},"content":{"rendered":"<p>Assista televis\u00e3o confortavelmente em qualquer \u00e2ngulo da sua sala ou quarto. O Suporte Articulado Inclin\u00e1vel para TV da Brasforma pode ser usado em televisores de LCD, LED ou 3D que t\u00eam entre 10?? e 55??. Fabricado em a\u00e7o carbono, recebe tratamento anticorrosivo e pintura eletrost\u00e1tica que garantem qualidade e durabilidade ao seu suporte. Com dimens\u00f5es de 40 x 40 x 8 cm, suporta at\u00e9 30 kg e possui inclina\u00e7\u00e3o de 15 graus e articula\u00e7\u00e3o de at\u00e9 180 graus, permitindo que sua TV seja fixada tanto na vertical, quanto na horizontal. Vem acompanhada de hastes extensoras para vesa, 1 kit de parafusos, 1 n\u00edvel de bolha e pode ser movimentada tanto para visao frontal, quanto lateral e superior. Resolva seus problemas na hora de reunir a fam\u00edlia para a sess\u00e3o pipoca.<\/p>\n","protected":false},"excerpt":{"rendered":"<h4 style=\"margin: 0px;padding: 0px 0px 16px;font-family: Lato, sans-serif;font-weight: bold;line-height: 3rem;color: var(--dark-grey3);font-size: 22px;font-style: normal;letter-spacing: normal;text-align: start;text-indent: 0px;text-transform: none\">Informa\u00e7\u00f5es t\u00e9cnicas<\/h4>\n<p><span style=\"margin: 0px;padding: 0px;font-weight: 450;font-size: 14px;line-height: 21px;color: var(--dark-grey2);font-family: Lato, sans-serif;font-style: normal;letter-spacing: normal;text-align: start;text-indent: 0px;text-transform: none\">Produto: Suporte para TV<br \/>\nTipo: Articul\u00e1vel\/Inclin\u00e1vel<br \/>\nMarca: Brasforma<br \/>\nMaterial: A\u00e7o<br \/>\nCor: Preto<br \/>\nUso indicado: Para TV Led\/LCD\/3D<br \/>\nFixar TV?s de 10 a 55 polegadas<br \/>\nCaracter\u00edsticas: Art\u00edculavel<br \/>\nSuporta at\u00e9 30kg<br \/>\nPermite vis\u00e3o modo retrato e paisagem<br \/>\nAcompanha n\u00edvel de bolha<br \/>\nPermite ajuste de n\u00edvel<br \/>\nArticula\u00e7\u00e3o 180\u00b0<br \/>\nParafusos: m4x16mm, m6x20mm e m8x25mm<br \/>\nItens Inclusos: 1 suporte para TV<br \/>\nDimens\u00f5es do produto (A X L X P): 40 x 40 x 8cm<br \/>\nGarantia: 5 anos<br \/>\n<\/span><\/p>\n","protected":false},"featured_media":16784,"template":"","meta":{"_joinchat":[]},"product_brand":[],"product_cat":[150],"product_tag":[],"class_list":{"0":"post-16696","1":"product","2":"type-product","3":"status-publish","4":"has-post-thumbnail","6":"product_cat-antenas-e-cia","8":"first","9":"outofstock","10":"shipping-taxable","11":"purchasable","12":"product-type-simple"},"_links":{"self":[{"href":"https:\/\/www.multicasa.com.br\/inicio\/wp-json\/wp\/v2\/product\/16696","targetHints":{"allow":["GET"]}}],"collection":[{"href":"https:\/\/www.multicasa.com.br\/inicio\/wp-json\/wp\/v2\/product"}],"about":[{"href":"https:\/\/www.multicasa.com.br\/inicio\/wp-json\/wp\/v2\/types\/product"}],"wp:featuredmedia":[{"embeddable":true,"href":"https:\/\/www.multicasa.com.br\/inicio\/wp-json\/wp\/v2\/media\/16784"}],"wp:attachment":[{"href":"https:\/\/www.multicasa.com.br\/inicio\/wp-json\/wp\/v2\/media?parent=16696"}],"wp:term":[{"taxonomy":"product_brand","embeddable":true,"href":"https:\/\/www.multicasa.com.br\/inicio\/wp-json\/wp\/v2\/product_brand?post=16696"},{"taxonomy":"product_cat","embeddable":true,"href":"https:\/\/www.multicasa.com.br\/inicio\/wp-json\/wp\/v2\/product_cat?post=16696"},{"taxonomy":"product_tag","embeddable":true,"href":"https:\/\/www.multicasa.com.br\/inicio\/wp-json\/wp\/v2\/product_tag?post=16696"}],"curies":[{"name":"wp","href":"https:\/\/api.w.org\/{rel}","templated":true}]}}