{"id":16697,"date":"2025-06-20T19:12:34","date_gmt":"2025-06-20T23:12:34","guid":{"rendered":"https:\/\/www.multicasa.com.br\/inicio\/?post_type=product&#038;p=16697"},"modified":"2025-06-20T19:13:56","modified_gmt":"2025-06-20T23:13:56","slug":"aparador-de-pelos-faciais-3-em-1-groomsman-trimmer","status":"publish","type":"product","link":"https:\/\/www.multicasa.com.br\/inicio\/produto\/aparador-de-pelos-faciais-3-em-1-groomsman-trimmer\/","title":{"rendered":"Aparador de P\u00ealos Faciais 3 em 1 GroomsMan Trimmer"},"content":{"rendered":"<p>O Trimmer Mini GroomsMan da Wahl \u00e9 um eficiente Aparador de P\u00ealos que corta suavemente os pelos do nariz e da orelha. Constru\u00eddo com materiais super resistentes, ele comporta tr\u00eas l\u00e2minas rotativas de corte preciso e n\u00e3o enferrujam. Vem acompanhado de acess\u00f3rios como pente e ajuste de altura. \u00c9 eficaz e perfeito para levar para qualquer lugar na mochila ou necessaire. Funciona com uma pilha AA, j\u00e1 inclusa na embalagem. Tem corpo com acabamento em preto.<\/p>\n","protected":false},"excerpt":{"rendered":"<h4 style=\"margin: 0px;padding: 0px 0px 16px;font-family: Lato, sans-serif;font-weight: bold;line-height: 3rem;color: var(--dark-grey3);font-size: 22px;font-style: normal;letter-spacing: normal;text-align: start;text-indent: 0px;text-transform: none\">Informa\u00e7\u00f5es t\u00e9cnicas<\/h4>\n<p><span style=\"margin: 0px;padding: 0px;font-weight: 450;font-size: 14px;line-height: 21px;color: var(--dark-grey2);font-family: Lato, sans-serif;font-style: normal;letter-spacing: normal;text-align: start;text-indent: 0px;text-transform: none\">Produto: Aparador de pelos<br \/>\nMarca: Wahl<br \/>\nMaterial: Metal<br \/>\nPl\u00e1stico<br \/>\nCarbono<br \/>\nCor: Preto<br \/>\nAlimenta\u00e7\u00e3o: Pilha AA (inclusa)<br \/>\nCaracter\u00edsticas: Pente ajust\u00e1vel 2mm em 4mm<br \/>\nUtiliza\u00e7\u00e3o seco ou molhado<br \/>\nQuantidade de pe\u00e7as: 5<br \/>\nItens inclusos: 1 aparador de pelos<br \/>\n3 cabe\u00e7as intercambi\u00e1veis<br \/>\n1 pente para ajuste de altura<br \/>\n1 pilha AA<br \/>\nDimens\u00f5es do produto (A X L X P): 16,5 x 2,9 x 3cm<br \/>\nGarantia: 2 anos<\/p>\n<p><\/span><\/p>\n","protected":false},"featured_media":16786,"template":"","meta":{"_joinchat":[]},"product_brand":[],"product_cat":[101],"product_tag":[],"class_list":{"0":"post-16697","1":"product","2":"type-product","3":"status-publish","4":"has-post-thumbnail","6":"product_cat-cuidados-pessoais","8":"first","9":"outofstock","10":"shipping-taxable","11":"product-type-simple"},"_links":{"self":[{"href":"https:\/\/www.multicasa.com.br\/inicio\/wp-json\/wp\/v2\/product\/16697","targetHints":{"allow":["GET"]}}],"collection":[{"href":"https:\/\/www.multicasa.com.br\/inicio\/wp-json\/wp\/v2\/product"}],"about":[{"href":"https:\/\/www.multicasa.com.br\/inicio\/wp-json\/wp\/v2\/types\/product"}],"wp:featuredmedia":[{"embeddable":true,"href":"https:\/\/www.multicasa.com.br\/inicio\/wp-json\/wp\/v2\/media\/16786"}],"wp:attachment":[{"href":"https:\/\/www.multicasa.com.br\/inicio\/wp-json\/wp\/v2\/media?parent=16697"}],"wp:term":[{"taxonomy":"product_brand","embeddable":true,"href":"https:\/\/www.multicasa.com.br\/inicio\/wp-json\/wp\/v2\/product_brand?post=16697"},{"taxonomy":"product_cat","embeddable":true,"href":"https:\/\/www.multicasa.com.br\/inicio\/wp-json\/wp\/v2\/product_cat?post=16697"},{"taxonomy":"product_tag","embeddable":true,"href":"https:\/\/www.multicasa.com.br\/inicio\/wp-json\/wp\/v2\/product_tag?post=16697"}],"curies":[{"name":"wp","href":"https:\/\/api.w.org\/{rel}","templated":true}]}}